{"id":10000482,"date":"2016-05-24T12:09:38","date_gmt":"2016-05-24T16:09:38","guid":{"rendered":"http:\/\/www.geoed.ca\/fr\/?page_id=10000482"},"modified":"2016-05-24T12:09:38","modified_gmt":"2016-05-24T16:09:38","slug":"technologie","status":"publish","type":"page","link":"https:\/\/geoed.ca\/fr\/course-gratuit-de-loagq\/oagq\/technologie\/","title":{"rendered":"Technologie"},"content":{"rendered":"<div class=\"free-courses\"><div class=\" depth-1 free-course-cat\"><a href=\"https:\/\/geoed.ca\/fr\/course-gratuit-de-loagq\/oagq\/\" class=\"\">OAGQ<\/a><\/div>\n\t\t\t<div class=\" depth-2 free-course-cat\"><a href=\"https:\/\/geoed.ca\/fr\/course-gratuit-de-loagq\/oagq\/gestion\/\" class=\"\">Gestion<\/a><\/div>\n\t\t\t<div class=\" depth-3 free-course\"><a href=\"https:\/\/geoed.ca\/fr\/course-gratuit-de-loagq\/oagq\/gestion\/december-2015-webinaire-de-loagq-mot-du-president\/\" class=\"\">December 2015 \"Webinaire de l\u2019OAGQ : Mot du pr\u00e9sident\"<\/a><\/div>\n\t\t\t<div class=\" depth-3 free-course\"><a href=\"https:\/\/geoed.ca\/fr\/course-gratuit-de-loagq\/oagq\/gestion\/la-gps-i-la-gestion-du-personnel-a-succes-en-contexte-de-penurie-fre\/\" class=\"\">La GPS I - La Gestion du Personnel \u00e0 Succ\u00e8s... en contexte de p\u00e9nurie<\/a><\/div>\n\t\t\t<div class=\" depth-3 free-course\"><a href=\"https:\/\/geoed.ca\/fr\/course-gratuit-de-loagq\/oagq\/gestion\/la-gps-ii-la-gestion-de-la-performance-a-succesau-quotidien-fre\/\" class=\"\">LA GPS II - La Gestion de la Performance \u00e0 Succ\u00e8s\u2026au quotidien<\/a><\/div>\n\t\t\t<div class=\" depth-3 free-course\"><a href=\"https:\/\/geoed.ca\/fr\/course-gratuit-de-loagq\/oagq\/gestion\/gestion-des-dossiers-en-milieux-hydriques-et-humides\/\" class=\"\">Gestion des dossiers en milieux hydriques et humides<\/a><\/div>\n\t\t\t<div class=\" depth-3 free-course\"><a href=\"https:\/\/geoed.ca\/fr\/course-gratuit-de-loagq\/oagq\/gestion\/la-gestion-dune-etude-darpenteur-geometre-lenjeu-financier-et-lenjeu-de-communication\/\" class=\"\">La gestion d\u2019une \u00e9tude d\u2019arpenteur-g\u00e9om\u00e8tre : l\u2019enjeu financier et l\u2019enjeu de communication<\/a><\/div>\n\t\t\t<div class=\" depth-3 free-course\"><a href=\"https:\/\/geoed.ca\/fr\/course-gratuit-de-loagq\/oagq\/gestion\/risque-et-securite-des-donnees\/\" class=\"\">Risque et s\u00e9curit\u00e9 des donn\u00e9es<\/a><\/div>\n\t\t\t<div class=\" depth-2 free-course-cat current\"><a href=\"https:\/\/geoed.ca\/fr\/course-gratuit-de-loagq\/oagq\/technologie\/\" class=\"\">Technologie<\/a><\/div>\n\t\t\t<div class=\" depth-3 free-course\"><a href=\"https:\/\/geoed.ca\/fr\/course-gratuit-de-loagq\/oagq\/technologie\/leves-aeroportes-par-drones-fre\/\" class=\"\">Lev\u00e9s a\u00e9roport\u00e9s par drones<\/a><\/div>\n\t\t\t<div class=\" depth-2 free-course-cat\"><a href=\"https:\/\/geoed.ca\/fr\/course-gratuit-de-loagq\/oagq\/legal\/\" class=\"\">L\u00e9gal<\/a><\/div>\n\t\t\t<div class=\" depth-3 free-course\"><a href=\"https:\/\/geoed.ca\/fr\/course-gratuit-de-loagq\/oagq\/legal\/deontologie-ethique-et-pratique-professionnelle-de-larpenteur-geometre-cadre-legislatif-et-normatif-de-la-profession-partie-1-de-3\/\" class=\"\">D\u00e9ontologie, \u00e9thique et pratique professionnelle de l\u2019arpenteur-g\u00e9om\u00e8tre : Cadre l\u00e9gislatif et normatif de la profession PARTIE 1 de 3<\/a><\/div>\n\t\t\t<div class=\" depth-3 free-course\"><a href=\"https:\/\/geoed.ca\/fr\/course-gratuit-de-loagq\/oagq\/legal\/deontologie-ethique-et-pratique-professionnelle-de-larpenteur-geometre-cadre-legislatif-et-normatif-de-la-profession-partie-2-de-3-fre\/\" class=\"\">D\u00e9ontologie, \u00e9thique et pratique professionnelle de l\u2019arpenteur-g\u00e9om\u00e8tre : Cadre l\u00e9gislatif et normatif de la profession PARTIE 2 de 3<\/a><\/div>\n\t\t\t<div class=\" depth-3 free-course\"><a href=\"https:\/\/geoed.ca\/fr\/course-gratuit-de-loagq\/oagq\/legal\/deontologie-ethique-et-pratique-professionnelle-de-larpenteur-geometre-cadre-legislatif-et-normatif-de-la-profession-partie-3-de-3-fre\/\" class=\"\">D\u00e9ontologie, \u00e9thique et pratique professionnelle de l\u2019arpenteur-g\u00e9om\u00e8tre : Cadre l\u00e9gislatif et normatif de la profession PARTIE 3 de 3<\/a><\/div>\n\t\t\t<div class=\" depth-3 free-course\"><a href=\"https:\/\/geoed.ca\/fr\/course-gratuit-de-loagq\/oagq\/legal\/le-certificat-de-localisation-fre\/\" class=\"\">Le certificat de localisation<\/a><\/div>\n\t\t\t<\/div>\n","protected":false},"excerpt":{"rendered":"","protected":false},"author":15317,"featured_media":0,"parent":10000469,"menu_order":0,"comment_status":"closed","ping_status":"closed","template":"","meta":{"footnotes":""},"class_list":["post-10000482","page","type-page","status-publish","hentry"],"_links":{"self":[{"href":"https:\/\/geoed.ca\/fr\/wp-json\/wp\/v2\/pages\/10000482","targetHints":{"allow":["GET"]}}],"collection":[{"href":"https:\/\/geoed.ca\/fr\/wp-json\/wp\/v2\/pages"}],"about":[{"href":"https:\/\/geoed.ca\/fr\/wp-json\/wp\/v2\/types\/page"}],"author":[{"embeddable":true,"href":"https:\/\/geoed.ca\/fr\/wp-json\/wp\/v2\/users\/15317"}],"replies":[{"embeddable":true,"href":"https:\/\/geoed.ca\/fr\/wp-json\/wp\/v2\/comments?post=10000482"}],"version-history":[{"count":1,"href":"https:\/\/geoed.ca\/fr\/wp-json\/wp\/v2\/pages\/10000482\/revisions"}],"predecessor-version":[{"id":10000483,"href":"https:\/\/geoed.ca\/fr\/wp-json\/wp\/v2\/pages\/10000482\/revisions\/10000483"}],"up":[{"embeddable":true,"href":"https:\/\/geoed.ca\/fr\/wp-json\/wp\/v2\/pages\/10000469"}],"wp:attachment":[{"href":"https:\/\/geoed.ca\/fr\/wp-json\/wp\/v2\/media?parent=10000482"}],"curies":[{"name":"wp","href":"https:\/\/api.w.org\/{rel}","templated":true}]}}