{"id":10000491,"date":"2016-05-24T12:24:04","date_gmt":"2016-05-24T16:24:04","guid":{"rendered":"http:\/\/www.geoed.ca\/fr\/?page_id=10000491"},"modified":"2018-03-01T12:24:55","modified_gmt":"2018-03-01T17:24:55","slug":"deontologie-ethique-et-pratique-professionnelle-de-larpenteur-geometre-cadre-legislatif-et-normatif-de-la-profession-partie-1-de-3","status":"publish","type":"page","link":"https:\/\/geoed.ca\/fr\/course-gratuit-de-loagq\/oagq\/legal\/deontologie-ethique-et-pratique-professionnelle-de-larpenteur-geometre-cadre-legislatif-et-normatif-de-la-profession-partie-1-de-3\/","title":{"rendered":"D\u00e9ontologie, \u00e9thique et pratique professionnelle de l\u2019arpenteur-g\u00e9om\u00e8tre : Cadre l\u00e9gislatif et normatif de la profession PARTIE 1 de 3"},"content":{"rendered":"<p><strong>PARTIE 1 de 3<\/strong><\/p>\n<p>(2016 \u2013 2\u00a0\u00bd heures)<\/p>\n<p>Formatrice\u00a0:<\/p>\n<p>Anik Fortin-Doyon, avocate, OAGQ<\/p>\n<p>Dans cette premi\u00e8re s\u00e9rie de vid\u00e9oconf\u00e9rences, les sujets suivants seront abord\u00e9s\u00a0:<\/p>\n<ul>\n<li>Introduction et objectifs de la formation<\/li>\n<li>Le professionnalisme de l\u2019arpenteur-g\u00e9om\u00e8tre \u2013 quelques \u00e9l\u00e9ments de r\u00e9flexion<\/li>\n<li>L\u2019Ordre des arpenteurs-g\u00e9om\u00e8tres\u00a0: r\u00f4le et responsabilit\u00e9s, instances, fonctionnement<\/li>\n<li>La conciliation et l\u2019arbitrage des comptes<\/li>\n<li>L\u2019exercice en soci\u00e9t\u00e9<\/li>\n<li>S\u00e9rie web sur la d\u00e9ontologie et le service \u00e0 la client\u00e8le (Les m\u00e9saventures d\u2019Irvise Lamire)<\/li>\n<\/ul>\n<p><em>Note\u00a0: La formation est pr\u00e9paratoire \u00e0 l\u2019examen d\u2019admission \u00e0 l\u2019OAGQ<\/em><\/p>\n<p><div style=\"width: 960px;\" class=\"wp-video\"><!--[if lt IE 9]><script>document.createElement('video');<\/script><![endif]-->\n<video class=\"wp-video-shortcode\" id=\"video-10000491-1\" width=\"960\" height=\"540\" preload=\"metadata\" controls=\"controls\"><source type=\"video\/mp4\" src=\"https:\/\/www.geoed.ca\/wp-content\/uploads\/2016\/05\/OAGQ-Formation-Delontologie-2016-Jour-1-_-Partie-1.mp4?_=1\" \/><a href=\"https:\/\/www.geoed.ca\/wp-content\/uploads\/2016\/05\/OAGQ-Formation-Delontologie-2016-Jour-1-_-Partie-1.mp4\">https:\/\/www.geoed.ca\/wp-content\/uploads\/2016\/05\/OAGQ-Formation-Delontologie-2016-Jour-1-_-Partie-1.mp4<\/a><\/video><\/div><br \/>\n&nbsp;<br \/>\n<div style=\"width: 960px;\" class=\"wp-video\"><video class=\"wp-video-shortcode\" id=\"video-10000491-2\" width=\"960\" height=\"540\" preload=\"metadata\" controls=\"controls\"><source type=\"video\/mp4\" src=\"https:\/\/www.geoed.ca\/wp-content\/uploads\/2016\/05\/OAGQ-Formation-Delontologie-2016-Jour-1-_-Partie-2.mp4?_=2\" \/><a href=\"https:\/\/www.geoed.ca\/wp-content\/uploads\/2016\/05\/OAGQ-Formation-Delontologie-2016-Jour-1-_-Partie-2.mp4\">https:\/\/www.geoed.ca\/wp-content\/uploads\/2016\/05\/OAGQ-Formation-Delontologie-2016-Jour-1-_-Partie-2.mp4<\/a><\/video><\/div><br \/>\n&nbsp;<br \/>\n<div style=\"width: 960px;\" class=\"wp-video\"><video class=\"wp-video-shortcode\" id=\"video-10000491-3\" width=\"960\" height=\"540\" preload=\"metadata\" controls=\"controls\"><source type=\"video\/mp4\" src=\"https:\/\/www.geoed.ca\/wp-content\/uploads\/2016\/05\/OAGQ-Formation-Delontologie-2016-Jour-1-_-Partie-3.mp4?_=3\" \/><a href=\"https:\/\/www.geoed.ca\/wp-content\/uploads\/2016\/05\/OAGQ-Formation-Delontologie-2016-Jour-1-_-Partie-3.mp4\">https:\/\/www.geoed.ca\/wp-content\/uploads\/2016\/05\/OAGQ-Formation-Delontologie-2016-Jour-1-_-Partie-3.mp4<\/a><\/video><\/div><br \/>\n&nbsp;<br \/>\n<div style=\"width: 960px;\" class=\"wp-video\"><video class=\"wp-video-shortcode\" id=\"video-10000491-4\" width=\"960\" height=\"540\" preload=\"metadata\" controls=\"controls\"><source type=\"video\/mp4\" src=\"https:\/\/www.geoed.ca\/wp-content\/uploads\/2016\/05\/OAGQ-Formation-Delontologie-2016-Jour-1-_-Partie-4.mp4?_=4\" \/><a href=\"https:\/\/www.geoed.ca\/wp-content\/uploads\/2016\/05\/OAGQ-Formation-Delontologie-2016-Jour-1-_-Partie-4.mp4\">https:\/\/www.geoed.ca\/wp-content\/uploads\/2016\/05\/OAGQ-Formation-Delontologie-2016-Jour-1-_-Partie-4.mp4<\/a><\/video><\/div><br \/>\n&nbsp;<br \/>\n<div style=\"width: 960px;\" class=\"wp-video\"><video class=\"wp-video-shortcode\" id=\"video-10000491-5\" width=\"960\" height=\"540\" preload=\"metadata\" controls=\"controls\"><source type=\"video\/mp4\" src=\"https:\/\/www.geoed.ca\/wp-content\/uploads\/2016\/05\/OAGQ-Formation-Delontologie-2016-Jour-1-_-Partie-5.mp4?_=5\" \/><a href=\"https:\/\/www.geoed.ca\/wp-content\/uploads\/2016\/05\/OAGQ-Formation-Delontologie-2016-Jour-1-_-Partie-5.mp4\">https:\/\/www.geoed.ca\/wp-content\/uploads\/2016\/05\/OAGQ-Formation-Delontologie-2016-Jour-1-_-Partie-5.mp4<\/a><\/video><\/div><br \/>\n&nbsp;<br \/>\n<div style=\"width: 960px;\" class=\"wp-video\"><video class=\"wp-video-shortcode\" id=\"video-10000491-6\" width=\"960\" height=\"540\" preload=\"metadata\" controls=\"controls\"><source type=\"video\/mp4\" src=\"https:\/\/www.geoed.ca\/wp-content\/uploads\/2016\/05\/OAGQ-Formation-Delontologie-2016-Jour-1-_-Partie-6.mp4?_=6\" \/><a href=\"https:\/\/www.geoed.ca\/wp-content\/uploads\/2016\/05\/OAGQ-Formation-Delontologie-2016-Jour-1-_-Partie-6.mp4\">https:\/\/www.geoed.ca\/wp-content\/uploads\/2016\/05\/OAGQ-Formation-Delontologie-2016-Jour-1-_-Partie-6.mp4<\/a><\/video><\/div><br \/>\n&nbsp;<br \/>\n<div style=\"width: 960px;\" class=\"wp-video\"><video class=\"wp-video-shortcode\" id=\"video-10000491-7\" width=\"960\" height=\"540\" preload=\"metadata\" controls=\"controls\"><source type=\"video\/mp4\" src=\"https:\/\/www.geoed.ca\/wp-content\/uploads\/2016\/05\/OAGQ-Formation-Delontologie-2016-Jour-1-_-Partie-7.mp4?_=7\" \/><a href=\"https:\/\/www.geoed.ca\/wp-content\/uploads\/2016\/05\/OAGQ-Formation-Delontologie-2016-Jour-1-_-Partie-7.mp4\">https:\/\/www.geoed.ca\/wp-content\/uploads\/2016\/05\/OAGQ-Formation-Delontologie-2016-Jour-1-_-Partie-7.mp4<\/a><\/video><\/div><br \/>\n&nbsp;<br \/>\n<div style=\"width: 960px;\" class=\"wp-video\"><video class=\"wp-video-shortcode\" id=\"video-10000491-8\" width=\"960\" height=\"540\" preload=\"metadata\" controls=\"controls\"><source type=\"video\/mp4\" src=\"https:\/\/www.geoed.ca\/wp-content\/uploads\/2016\/05\/OAGQ-Formation-Delontologie-2016-Jour-1-_-Partie-8.mp4?_=8\" \/><a href=\"https:\/\/www.geoed.ca\/wp-content\/uploads\/2016\/05\/OAGQ-Formation-Delontologie-2016-Jour-1-_-Partie-8.mp4\">https:\/\/www.geoed.ca\/wp-content\/uploads\/2016\/05\/OAGQ-Formation-Delontologie-2016-Jour-1-_-Partie-8.mp4<\/a><\/video><\/div><\/p>\n","protected":false},"excerpt":{"rendered":"<p>PARTIE 1 de 3 (2016 \u2013 2\u00a0\u00bd heures) Formatrice\u00a0: Anik Fortin-Doyon, avocate, OAGQ Dans cette premi\u00e8re s\u00e9rie de vid\u00e9oconf\u00e9rences, les sujets suivants seront abord\u00e9s\u00a0: Introduction et objectifs de la formation Le professionnalisme de l\u2019arpenteur-g\u00e9om\u00e8tre \u2013 quelques \u00e9l\u00e9ments de r\u00e9flexion L\u2019Ordre des arpenteurs-g\u00e9om\u00e8tres\u00a0: r\u00f4le et responsabilit\u00e9s, instances, fonctionnement La conciliation et l\u2019arbitrage des comptes L\u2019exercice en [&hellip;]<\/p>\n","protected":false},"author":15317,"featured_media":0,"parent":10000484,"menu_order":0,"comment_status":"closed","ping_status":"closed","template":"","meta":{"footnotes":""},"class_list":["post-10000491","page","type-page","status-publish","hentry"],"_links":{"self":[{"href":"https:\/\/geoed.ca\/fr\/wp-json\/wp\/v2\/pages\/10000491","targetHints":{"allow":["GET"]}}],"collection":[{"href":"https:\/\/geoed.ca\/fr\/wp-json\/wp\/v2\/pages"}],"about":[{"href":"https:\/\/geoed.ca\/fr\/wp-json\/wp\/v2\/types\/page"}],"author":[{"embeddable":true,"href":"https:\/\/geoed.ca\/fr\/wp-json\/wp\/v2\/users\/15317"}],"replies":[{"embeddable":true,"href":"https:\/\/geoed.ca\/fr\/wp-json\/wp\/v2\/comments?post=10000491"}],"version-history":[{"count":6,"href":"https:\/\/geoed.ca\/fr\/wp-json\/wp\/v2\/pages\/10000491\/revisions"}],"predecessor-version":[{"id":10001437,"href":"https:\/\/geoed.ca\/fr\/wp-json\/wp\/v2\/pages\/10000491\/revisions\/10001437"}],"up":[{"embeddable":true,"href":"https:\/\/geoed.ca\/fr\/wp-json\/wp\/v2\/pages\/10000484"}],"wp:attachment":[{"href":"https:\/\/geoed.ca\/fr\/wp-json\/wp\/v2\/media?parent=10000491"}],"curies":[{"name":"wp","href":"https:\/\/api.w.org\/{rel}","templated":true}]}}