{"id":10000493,"date":"2016-05-24T12:28:13","date_gmt":"2016-05-24T16:28:13","guid":{"rendered":"http:\/\/www.geoed.ca\/fr\/?page_id=10000493"},"modified":"2017-09-06T14:42:28","modified_gmt":"2017-09-06T18:42:28","slug":"la-gps-i-la-gestion-du-personnel-a-succes-en-contexte-de-penurie-fre","status":"publish","type":"page","link":"https:\/\/geoed.ca\/fr\/course-gratuit-de-loagq\/oagq\/gestion\/la-gps-i-la-gestion-du-personnel-a-succes-en-contexte-de-penurie-fre\/","title":{"rendered":"La GPS I &#8211; La Gestion du Personnel \u00e0 Succ\u00e8s&#8230; en contexte de p\u00e9nurie"},"content":{"rendered":"<p>(2012 \u2013 3 heures)<\/p>\n<p>Formateurs\u00a0:<\/p>\n<p>H\u00e9l\u00e8ne Savignac, B.A.A. Finance et entrepreneurship, M Sc. Management<\/p>\n<p>Ren\u00e9 Charbonneau, Coach Corporatif Certifi\u00e9 PNL &#8211; ICF \/ NLP<\/p>\n<p>Il y a p\u00e9nurie de main d\u2019\u0153uvre dans plusieurs secteurs d\u2019activit\u00e9s. Cette situation repr\u00e9sente m\u00eame un frein \u00e0 la croissance pour plusieurs entreprises. Cette formation vous apprendra\u00a0:<\/p>\n<ul>\n<li>Comment attirer et recruter du personnel de fa\u00e7on nouvelle<\/li>\n<li>Comment mettre en place des strat\u00e9gies gagnantes en contexte de p\u00e9nurie<\/li>\n<li>Comment d\u00e9terminer vos crit\u00e8res d\u2019embauche : crit\u00e8res techniques et comportementaux selon le poste \u00e0 combler<\/li>\n<li>Comment \u00e9laborer une grille d\u2019entrevue, comment passer l\u2019entrevue et comment poser les bonnes questions<\/li>\n<li>Comment utiliser le PCR : le Processus de la Clarification des R\u00f4les, des responsabilit\u00e9s et des attentes<\/li>\n<li>Comment d\u00e9buter une relation avec votre nouvel employ\u00e9 sur des bases solides<\/li>\n<li>Comment consolider vos relations actuelles avec l\u2019ensemble de vos employ\u00e9s\n<\/ul>\n<div style=\"width: 640px;\" class=\"wp-video\"><!--[if lt IE 9]><script>document.createElement('video');<\/script><![endif]-->\n<video class=\"wp-video-shortcode\" id=\"video-10000493-1\" width=\"640\" height=\"360\" preload=\"metadata\" controls=\"controls\"><source type=\"video\/mp4\" src=\"https:\/\/www.geoed.ca\/wp-content\/uploads\/2016\/05\/LaGPS-03avril2013_partie01.mp4?_=1\" \/><a href=\"https:\/\/www.geoed.ca\/wp-content\/uploads\/2016\/05\/LaGPS-03avril2013_partie01.mp4\">https:\/\/www.geoed.ca\/wp-content\/uploads\/2016\/05\/LaGPS-03avril2013_partie01.mp4<\/a><\/video><\/div>\n<div style=\"width: 640px;\" class=\"wp-video\"><video class=\"wp-video-shortcode\" id=\"video-10000493-2\" width=\"640\" height=\"360\" preload=\"metadata\" controls=\"controls\"><source type=\"video\/mp4\" src=\"https:\/\/www.geoed.ca\/wp-content\/uploads\/2016\/05\/LaGPS-03avril2013_partie02.mp4?_=2\" \/><a href=\"https:\/\/www.geoed.ca\/wp-content\/uploads\/2016\/05\/LaGPS-03avril2013_partie02.mp4\">https:\/\/www.geoed.ca\/wp-content\/uploads\/2016\/05\/LaGPS-03avril2013_partie02.mp4<\/a><\/video><\/div>\n<div style=\"width: 640px;\" class=\"wp-video\"><video class=\"wp-video-shortcode\" id=\"video-10000493-3\" width=\"640\" height=\"360\" preload=\"metadata\" controls=\"controls\"><source type=\"video\/mp4\" src=\"https:\/\/www.geoed.ca\/wp-content\/uploads\/2016\/05\/LaGPS-03avril2013_partie03.mp4?_=3\" \/><a href=\"https:\/\/www.geoed.ca\/wp-content\/uploads\/2016\/05\/LaGPS-03avril2013_partie03.mp4\">https:\/\/www.geoed.ca\/wp-content\/uploads\/2016\/05\/LaGPS-03avril2013_partie03.mp4<\/a><\/video><\/div>\n<div style=\"width: 640px;\" class=\"wp-video\"><video class=\"wp-video-shortcode\" id=\"video-10000493-4\" width=\"640\" height=\"360\" preload=\"metadata\" controls=\"controls\"><source type=\"video\/mp4\" src=\"https:\/\/www.geoed.ca\/wp-content\/uploads\/2016\/05\/LaGPS-03avril2013_partie04.mp4?_=4\" \/><a href=\"https:\/\/www.geoed.ca\/wp-content\/uploads\/2016\/05\/LaGPS-03avril2013_partie04.mp4\">https:\/\/www.geoed.ca\/wp-content\/uploads\/2016\/05\/LaGPS-03avril2013_partie04.mp4<\/a><\/video><\/div>\n<div style=\"width: 640px;\" class=\"wp-video\"><video class=\"wp-video-shortcode\" id=\"video-10000493-5\" width=\"640\" height=\"360\" preload=\"metadata\" controls=\"controls\"><source type=\"video\/mp4\" src=\"https:\/\/www.geoed.ca\/wp-content\/uploads\/2016\/05\/LaGPS-03avril2013_partie05.mp4?_=5\" \/><a href=\"https:\/\/www.geoed.ca\/wp-content\/uploads\/2016\/05\/LaGPS-03avril2013_partie05.mp4\">https:\/\/www.geoed.ca\/wp-content\/uploads\/2016\/05\/LaGPS-03avril2013_partie05.mp4<\/a><\/video><\/div>\n<div style=\"width: 640px;\" class=\"wp-video\"><video class=\"wp-video-shortcode\" id=\"video-10000493-6\" width=\"640\" height=\"360\" preload=\"metadata\" controls=\"controls\"><source type=\"video\/mp4\" src=\"https:\/\/www.geoed.ca\/wp-content\/uploads\/2016\/05\/LaGPS-03avril2013_partie06.mp4?_=6\" \/><a href=\"https:\/\/www.geoed.ca\/wp-content\/uploads\/2016\/05\/LaGPS-03avril2013_partie06.mp4\">https:\/\/www.geoed.ca\/wp-content\/uploads\/2016\/05\/LaGPS-03avril2013_partie06.mp4<\/a><\/video><\/div>\n","protected":false},"excerpt":{"rendered":"<p>(2012 \u2013 3 heures) Formateurs\u00a0: H\u00e9l\u00e8ne Savignac, B.A.A. Finance et entrepreneurship, M Sc. Management Ren\u00e9 Charbonneau, Coach Corporatif Certifi\u00e9 PNL &#8211; ICF \/ NLP Il y a p\u00e9nurie de main d\u2019\u0153uvre dans plusieurs secteurs d\u2019activit\u00e9s. Cette situation repr\u00e9sente m\u00eame un frein \u00e0 la croissance pour plusieurs entreprises. Cette formation vous apprendra\u00a0: Comment attirer et recruter [&hellip;]<\/p>\n","protected":false},"author":15317,"featured_media":0,"parent":10000476,"menu_order":0,"comment_status":"closed","ping_status":"closed","template":"","meta":{"footnotes":""},"class_list":["post-10000493","page","type-page","status-publish","hentry"],"_links":{"self":[{"href":"https:\/\/geoed.ca\/fr\/wp-json\/wp\/v2\/pages\/10000493","targetHints":{"allow":["GET"]}}],"collection":[{"href":"https:\/\/geoed.ca\/fr\/wp-json\/wp\/v2\/pages"}],"about":[{"href":"https:\/\/geoed.ca\/fr\/wp-json\/wp\/v2\/types\/page"}],"author":[{"embeddable":true,"href":"https:\/\/geoed.ca\/fr\/wp-json\/wp\/v2\/users\/15317"}],"replies":[{"embeddable":true,"href":"https:\/\/geoed.ca\/fr\/wp-json\/wp\/v2\/comments?post=10000493"}],"version-history":[{"count":6,"href":"https:\/\/geoed.ca\/fr\/wp-json\/wp\/v2\/pages\/10000493\/revisions"}],"predecessor-version":[{"id":10001433,"href":"https:\/\/geoed.ca\/fr\/wp-json\/wp\/v2\/pages\/10000493\/revisions\/10001433"}],"up":[{"embeddable":true,"href":"https:\/\/geoed.ca\/fr\/wp-json\/wp\/v2\/pages\/10000476"}],"wp:attachment":[{"href":"https:\/\/geoed.ca\/fr\/wp-json\/wp\/v2\/media?parent=10000493"}],"curies":[{"name":"wp","href":"https:\/\/api.w.org\/{rel}","templated":true}]}}