{"id":10000495,"date":"2016-05-24T12:29:25","date_gmt":"2016-05-24T16:29:25","guid":{"rendered":"http:\/\/www.geoed.ca\/fr\/?page_id=10000495"},"modified":"2017-09-06T14:29:07","modified_gmt":"2017-09-06T18:29:07","slug":"la-gps-ii-la-gestion-de-la-performance-a-succesau-quotidien-fre","status":"publish","type":"page","link":"https:\/\/geoed.ca\/fr\/course-gratuit-de-loagq\/oagq\/gestion\/la-gps-ii-la-gestion-de-la-performance-a-succesau-quotidien-fre\/","title":{"rendered":"LA GPS II &#8211; La Gestion de la Performance \u00e0 Succ\u00e8s\u2026au quotidien"},"content":{"rendered":"<p>(2013 \u2013 3 heures)<\/p>\n<p>Formateurs\u00a0:<\/p>\n<p>H\u00e9l\u00e8ne Savignac, B.A.A. Finance et entrepreneurship, M Sc. Management<\/p>\n<p>Ren\u00e9 Charbonneau, Coach Corporatif Certifi\u00e9 PNL &#8211; ICF \/ NLP<\/p>\n<p>Cette formation vous apprendra comment g\u00e9rer la performance de vos employ\u00e9s au quotidien et comment intervenir dans les cas de non-performance.<\/p>\n<p><u>Susciter et g\u00e9rer la performance<\/u><\/p>\n<ul>\n<li>\u00c9tablir des attentes et des objectifs clairs<\/li>\n<li>B\u00e2tir une bonne \u00e9quipe<\/li>\n<li>Faire du coaching<\/li>\n<li>D\u00e9l\u00e9guer<\/li>\n<li>Donner du feedback positif et de la reconnaissance<\/li>\n<\/ul>\n<p><u>G\u00e9rer la non-performance<\/u><\/p>\n<ul>\n<li>Analyser les causes de la non-performance avec un outil d\u2019analyse<\/li>\n<li>Intervenir aupr\u00e8s de vos employ\u00e9s avec le feed-back correctif<\/li>\n<li>Utiliser les outils pr\u00e9sent\u00e9s avec vos propres cas<\/li>\n<\/ul>\n<p><div style=\"width: 640px;\" class=\"wp-video\"><!--[if lt IE 9]><script>document.createElement('video');<\/script><![endif]-->\n<video class=\"wp-video-shortcode\" id=\"video-10000495-1\" width=\"640\" height=\"360\" preload=\"metadata\" controls=\"controls\"><source type=\"video\/mp4\" src=\"https:\/\/www.geoed.ca\/wp-content\/uploads\/2016\/05\/LaGPS-03avril2013_partie07.mp4?_=1\" \/><a href=\"https:\/\/www.geoed.ca\/wp-content\/uploads\/2016\/05\/LaGPS-03avril2013_partie07.mp4\">https:\/\/www.geoed.ca\/wp-content\/uploads\/2016\/05\/LaGPS-03avril2013_partie07.mp4<\/a><\/video><\/div><br \/>\n<div style=\"width: 640px;\" class=\"wp-video\"><video class=\"wp-video-shortcode\" id=\"video-10000495-2\" width=\"640\" height=\"360\" preload=\"metadata\" controls=\"controls\"><source type=\"video\/mp4\" src=\"https:\/\/www.geoed.ca\/wp-content\/uploads\/2016\/05\/LaGPS-03avril2013_partie08.mp4?_=2\" \/><a href=\"https:\/\/www.geoed.ca\/wp-content\/uploads\/2016\/05\/LaGPS-03avril2013_partie08.mp4\">https:\/\/www.geoed.ca\/wp-content\/uploads\/2016\/05\/LaGPS-03avril2013_partie08.mp4<\/a><\/video><\/div><\/p>\n<div style=\"width: 640px;\" class=\"wp-video\"><video class=\"wp-video-shortcode\" id=\"video-10000495-3\" width=\"640\" height=\"360\" preload=\"metadata\" controls=\"controls\"><source type=\"video\/mp4\" src=\"https:\/\/www.geoed.ca\/wp-content\/uploads\/2016\/05\/LaGPS-03avril2013_partie09.mp4?_=3\" \/><a href=\"https:\/\/www.geoed.ca\/wp-content\/uploads\/2016\/05\/LaGPS-03avril2013_partie09.mp4\">https:\/\/www.geoed.ca\/wp-content\/uploads\/2016\/05\/LaGPS-03avril2013_partie09.mp4<\/a><\/video><\/div>\n<div style=\"width: 640px;\" class=\"wp-video\"><video class=\"wp-video-shortcode\" id=\"video-10000495-4\" width=\"640\" height=\"360\" preload=\"metadata\" controls=\"controls\"><source type=\"video\/mp4\" src=\"https:\/\/www.geoed.ca\/wp-content\/uploads\/2016\/05\/LaGPS-03avril2013_partie10.mp4?_=4\" \/><a href=\"https:\/\/www.geoed.ca\/wp-content\/uploads\/2016\/05\/LaGPS-03avril2013_partie10.mp4\">https:\/\/www.geoed.ca\/wp-content\/uploads\/2016\/05\/LaGPS-03avril2013_partie10.mp4<\/a><\/video><\/div>\n<div style=\"width: 640px;\" class=\"wp-video\"><video class=\"wp-video-shortcode\" id=\"video-10000495-5\" width=\"640\" height=\"360\" preload=\"metadata\" controls=\"controls\"><source type=\"video\/mp4\" src=\"https:\/\/www.geoed.ca\/wp-content\/uploads\/2016\/05\/LaGPS-03avril2013_partie11.mp4?_=5\" \/><a href=\"https:\/\/www.geoed.ca\/wp-content\/uploads\/2016\/05\/LaGPS-03avril2013_partie11.mp4\">https:\/\/www.geoed.ca\/wp-content\/uploads\/2016\/05\/LaGPS-03avril2013_partie11.mp4<\/a><\/video><\/div>\n","protected":false},"excerpt":{"rendered":"<p>(2013 \u2013 3 heures) Formateurs\u00a0: H\u00e9l\u00e8ne Savignac, B.A.A. Finance et entrepreneurship, M Sc. Management Ren\u00e9 Charbonneau, Coach Corporatif Certifi\u00e9 PNL &#8211; ICF \/ NLP Cette formation vous apprendra comment g\u00e9rer la performance de vos employ\u00e9s au quotidien et comment intervenir dans les cas de non-performance. Susciter et g\u00e9rer la performance \u00c9tablir des attentes et des [&hellip;]<\/p>\n","protected":false},"author":15317,"featured_media":0,"parent":10000476,"menu_order":0,"comment_status":"closed","ping_status":"closed","template":"","meta":{"footnotes":""},"class_list":["post-10000495","page","type-page","status-publish","hentry"],"_links":{"self":[{"href":"https:\/\/geoed.ca\/fr\/wp-json\/wp\/v2\/pages\/10000495","targetHints":{"allow":["GET"]}}],"collection":[{"href":"https:\/\/geoed.ca\/fr\/wp-json\/wp\/v2\/pages"}],"about":[{"href":"https:\/\/geoed.ca\/fr\/wp-json\/wp\/v2\/types\/page"}],"author":[{"embeddable":true,"href":"https:\/\/geoed.ca\/fr\/wp-json\/wp\/v2\/users\/15317"}],"replies":[{"embeddable":true,"href":"https:\/\/geoed.ca\/fr\/wp-json\/wp\/v2\/comments?post=10000495"}],"version-history":[{"count":6,"href":"https:\/\/geoed.ca\/fr\/wp-json\/wp\/v2\/pages\/10000495\/revisions"}],"predecessor-version":[{"id":10001431,"href":"https:\/\/geoed.ca\/fr\/wp-json\/wp\/v2\/pages\/10000495\/revisions\/10001431"}],"up":[{"embeddable":true,"href":"https:\/\/geoed.ca\/fr\/wp-json\/wp\/v2\/pages\/10000476"}],"wp:attachment":[{"href":"https:\/\/geoed.ca\/fr\/wp-json\/wp\/v2\/media?parent=10000495"}],"curies":[{"name":"wp","href":"https:\/\/api.w.org\/{rel}","templated":true}]}}