{"id":10000503,"date":"2016-05-24T12:32:29","date_gmt":"2016-05-24T16:32:29","guid":{"rendered":"http:\/\/www.geoed.ca\/fr\/?page_id=10000503"},"modified":"2017-09-06T14:47:05","modified_gmt":"2017-09-06T18:47:05","slug":"leves-aeroportes-par-drones-fre","status":"publish","type":"page","link":"https:\/\/geoed.ca\/fr\/course-gratuit-de-loagq\/oagq\/technologie\/leves-aeroportes-par-drones-fre\/","title":{"rendered":"Lev\u00e9s a\u00e9roport\u00e9s par drones"},"content":{"rendered":"<p>(2015 \u2013 6 heures)<\/p>\n<p>Formateurs\u00a0:<\/p>\n<p>Marcel Laberge, g\u00e9om\u00e8tre, pr\u00e9sident G\u00e9omatech inc.<\/p>\n<p>Andr\u00e9 Verville, pr\u00e9sident Photo-M\u00e9trique Inc.<\/p>\n<p>C\u2019est le sujet de l\u2019heure\u2026 tout le monde en parle\u00a0! Mais qu\u2019en est-il vraiment ? Comment diff\u00e9rencier ce qui est du r\u00eave et la r\u00e9alit\u00e9\u00a0? Des appareils \u00e0 ailes rotatives \u00e0 ceux aux ailes fixes, cette formation couvrira un large spectre allant des origines des drones \u00e0 leur utilisation moderne. Il sera entre autres question des m\u00e9thodes de lev\u00e9s a\u00e9riens sans contact, de la r\u00e9glementation a\u00e9rienne relative \u00e0 leur utilisation, des syst\u00e8mes embarqu\u00e9s de relev\u00e9s (cam\u00e9ras, senseurs, etc.), des \u00e9quipements de communication radio et de t\u00e9l\u00e9m\u00e9trie.<br \/>\nUn lien \u00e9troit sera fait avec leur utilisation dans le domaine de la g\u00e9omatique. Il sera question de planification de vol, d\u2019op\u00e9ration en vol, de traitement des donn\u00e9es a\u00e9roport\u00e9es et des produits r\u00e9sultants ainsi que des nombreuses applications dans nos champs d\u2019expertise. Finalement, un coup d\u2019\u0153il sur les perspectives au potentiel int\u00e9ressant qui semblent infinies, mais aussi sur les menaces de la d\u00e9mocratisation quant \u00e0 l\u2019int\u00e9grit\u00e9 des donn\u00e9es.<\/p>\n<div style=\"width: 640px;\" class=\"wp-video\"><!--[if lt IE 9]><script>document.createElement('video');<\/script><![endif]-->\n<video class=\"wp-video-shortcode\" id=\"video-10000503-1\" width=\"640\" height=\"360\" preload=\"metadata\" controls=\"controls\"><source type=\"video\/mp4\" src=\"https:\/\/www.geoed.ca\/wp-content\/uploads\/2016\/05\/01-OAGQ-Formation20fev2015-V16mars2015.mp4?_=1\" \/><a href=\"https:\/\/www.geoed.ca\/wp-content\/uploads\/2016\/05\/01-OAGQ-Formation20fev2015-V16mars2015.mp4\">https:\/\/www.geoed.ca\/wp-content\/uploads\/2016\/05\/01-OAGQ-Formation20fev2015-V16mars2015.mp4<\/a><\/video><\/div>\n<div style=\"width: 640px;\" class=\"wp-video\"><video class=\"wp-video-shortcode\" id=\"video-10000503-2\" width=\"640\" height=\"360\" preload=\"metadata\" controls=\"controls\"><source type=\"video\/mp4\" src=\"https:\/\/www.geoed.ca\/wp-content\/uploads\/2016\/05\/02-OAGQ-Formation20fev2015-V10mars2015.mp4?_=2\" \/><a href=\"https:\/\/www.geoed.ca\/wp-content\/uploads\/2016\/05\/02-OAGQ-Formation20fev2015-V10mars2015.mp4\">https:\/\/www.geoed.ca\/wp-content\/uploads\/2016\/05\/02-OAGQ-Formation20fev2015-V10mars2015.mp4<\/a><\/video><\/div>\n<div style=\"width: 640px;\" class=\"wp-video\"><video class=\"wp-video-shortcode\" id=\"video-10000503-3\" width=\"640\" height=\"360\" preload=\"metadata\" controls=\"controls\"><source type=\"video\/mp4\" src=\"https:\/\/www.geoed.ca\/wp-content\/uploads\/2016\/05\/03-OAGQ-Formation20fev2015-V12mars2015.mp4?_=3\" \/><a href=\"https:\/\/www.geoed.ca\/wp-content\/uploads\/2016\/05\/03-OAGQ-Formation20fev2015-V12mars2015.mp4\">https:\/\/www.geoed.ca\/wp-content\/uploads\/2016\/05\/03-OAGQ-Formation20fev2015-V12mars2015.mp4<\/a><\/video><\/div>\n<div style=\"width: 640px;\" class=\"wp-video\"><video class=\"wp-video-shortcode\" id=\"video-10000503-4\" width=\"640\" height=\"360\" preload=\"metadata\" controls=\"controls\"><source type=\"video\/mp4\" src=\"https:\/\/www.geoed.ca\/wp-content\/uploads\/2016\/05\/04-OAGQ-Formation20fev2015-V12mars2015.mp4?_=4\" \/><a href=\"https:\/\/www.geoed.ca\/wp-content\/uploads\/2016\/05\/04-OAGQ-Formation20fev2015-V12mars2015.mp4\">https:\/\/www.geoed.ca\/wp-content\/uploads\/2016\/05\/04-OAGQ-Formation20fev2015-V12mars2015.mp4<\/a><\/video><\/div>\n<div style=\"width: 640px;\" class=\"wp-video\"><video class=\"wp-video-shortcode\" id=\"video-10000503-5\" width=\"640\" height=\"360\" preload=\"metadata\" controls=\"controls\"><source type=\"video\/mp4\" src=\"https:\/\/www.geoed.ca\/wp-content\/uploads\/2016\/05\/05-OAGQ-Formation20fev2015-V12mars2015.mp4?_=5\" \/><a href=\"https:\/\/www.geoed.ca\/wp-content\/uploads\/2016\/05\/05-OAGQ-Formation20fev2015-V12mars2015.mp4\">https:\/\/www.geoed.ca\/wp-content\/uploads\/2016\/05\/05-OAGQ-Formation20fev2015-V12mars2015.mp4<\/a><\/video><\/div>\n<div style=\"width: 640px;\" class=\"wp-video\"><video class=\"wp-video-shortcode\" id=\"video-10000503-6\" width=\"640\" height=\"360\" preload=\"metadata\" controls=\"controls\"><source type=\"video\/mp4\" src=\"https:\/\/www.geoed.ca\/wp-content\/uploads\/2016\/05\/06-OAGQ-Formation20fev2015-V12mars2015.mp4?_=6\" \/><a href=\"https:\/\/www.geoed.ca\/wp-content\/uploads\/2016\/05\/06-OAGQ-Formation20fev2015-V12mars2015.mp4\">https:\/\/www.geoed.ca\/wp-content\/uploads\/2016\/05\/06-OAGQ-Formation20fev2015-V12mars2015.mp4<\/a><\/video><\/div>\n<div style=\"width: 640px;\" class=\"wp-video\"><video class=\"wp-video-shortcode\" id=\"video-10000503-7\" width=\"640\" height=\"360\" preload=\"metadata\" controls=\"controls\"><source type=\"video\/mp4\" src=\"https:\/\/www.geoed.ca\/wp-content\/uploads\/2016\/05\/07-OAGQ-Formation20fev2015-V12mars2015.mp4?_=7\" \/><a href=\"https:\/\/www.geoed.ca\/wp-content\/uploads\/2016\/05\/07-OAGQ-Formation20fev2015-V12mars2015.mp4\">https:\/\/www.geoed.ca\/wp-content\/uploads\/2016\/05\/07-OAGQ-Formation20fev2015-V12mars2015.mp4<\/a><\/video><\/div>\n<div style=\"width: 640px;\" class=\"wp-video\"><video class=\"wp-video-shortcode\" id=\"video-10000503-8\" width=\"640\" height=\"360\" preload=\"metadata\" controls=\"controls\"><source type=\"video\/mp4\" src=\"https:\/\/www.geoed.ca\/wp-content\/uploads\/2016\/05\/08-OAGQ-Formation20fev2015-V12mars2015.mp4?_=8\" \/><a href=\"https:\/\/www.geoed.ca\/wp-content\/uploads\/2016\/05\/08-OAGQ-Formation20fev2015-V12mars2015.mp4\">https:\/\/www.geoed.ca\/wp-content\/uploads\/2016\/05\/08-OAGQ-Formation20fev2015-V12mars2015.mp4<\/a><\/video><\/div>\n<div style=\"width: 640px;\" class=\"wp-video\"><video class=\"wp-video-shortcode\" id=\"video-10000503-9\" width=\"640\" height=\"360\" preload=\"metadata\" controls=\"controls\"><source type=\"video\/mp4\" src=\"https:\/\/www.geoed.ca\/wp-content\/uploads\/2016\/05\/09-OAGQ-Formation20fev2015-V12mars2015.mp4?_=9\" \/><a href=\"https:\/\/www.geoed.ca\/wp-content\/uploads\/2016\/05\/09-OAGQ-Formation20fev2015-V12mars2015.mp4\">https:\/\/www.geoed.ca\/wp-content\/uploads\/2016\/05\/09-OAGQ-Formation20fev2015-V12mars2015.mp4<\/a><\/video><\/div>\n<div style=\"width: 640px;\" class=\"wp-video\"><video class=\"wp-video-shortcode\" id=\"video-10000503-10\" width=\"640\" height=\"360\" preload=\"metadata\" controls=\"controls\"><source type=\"video\/mp4\" src=\"https:\/\/www.geoed.ca\/wp-content\/uploads\/2016\/05\/10-OAGQ-Formation20fev2015-V12mars2015.mp4?_=10\" \/><a href=\"https:\/\/www.geoed.ca\/wp-content\/uploads\/2016\/05\/10-OAGQ-Formation20fev2015-V12mars2015.mp4\">https:\/\/www.geoed.ca\/wp-content\/uploads\/2016\/05\/10-OAGQ-Formation20fev2015-V12mars2015.mp4<\/a><\/video><\/div>\n<div style=\"width: 640px;\" class=\"wp-video\"><video class=\"wp-video-shortcode\" id=\"video-10000503-11\" width=\"640\" height=\"360\" preload=\"metadata\" controls=\"controls\"><source type=\"video\/mp4\" src=\"https:\/\/www.geoed.ca\/wp-content\/uploads\/2016\/05\/11-OAGQ-Formation20fev2015-V12mars2015.mp4?_=11\" \/><a href=\"https:\/\/www.geoed.ca\/wp-content\/uploads\/2016\/05\/11-OAGQ-Formation20fev2015-V12mars2015.mp4\">https:\/\/www.geoed.ca\/wp-content\/uploads\/2016\/05\/11-OAGQ-Formation20fev2015-V12mars2015.mp4<\/a><\/video><\/div>\n<div style=\"width: 640px;\" class=\"wp-video\"><video class=\"wp-video-shortcode\" id=\"video-10000503-12\" width=\"640\" height=\"360\" preload=\"metadata\" controls=\"controls\"><source type=\"video\/mp4\" src=\"https:\/\/www.geoed.ca\/wp-content\/uploads\/2016\/05\/12-OAGQ-Formation20fev2015-V12mars2015.mp4?_=12\" \/><a href=\"https:\/\/www.geoed.ca\/wp-content\/uploads\/2016\/05\/12-OAGQ-Formation20fev2015-V12mars2015.mp4\">https:\/\/www.geoed.ca\/wp-content\/uploads\/2016\/05\/12-OAGQ-Formation20fev2015-V12mars2015.mp4<\/a><\/video><\/div>\n<div style=\"width: 640px;\" class=\"wp-video\"><video class=\"wp-video-shortcode\" id=\"video-10000503-13\" width=\"640\" height=\"360\" preload=\"metadata\" controls=\"controls\"><source type=\"video\/mp4\" src=\"https:\/\/www.geoed.ca\/wp-content\/uploads\/2016\/05\/14-OAGQ-Formation20fev2015-V12mars2015.mp4?_=13\" \/><a href=\"https:\/\/www.geoed.ca\/wp-content\/uploads\/2016\/05\/14-OAGQ-Formation20fev2015-V12mars2015.mp4\">https:\/\/www.geoed.ca\/wp-content\/uploads\/2016\/05\/14-OAGQ-Formation20fev2015-V12mars2015.mp4<\/a><\/video><\/div>\n<div style=\"width: 640px;\" class=\"wp-video\"><video class=\"wp-video-shortcode\" id=\"video-10000503-14\" width=\"640\" height=\"360\" preload=\"metadata\" controls=\"controls\"><source type=\"video\/mp4\" src=\"https:\/\/www.geoed.ca\/wp-content\/uploads\/2016\/05\/13-OAGQ-Formation20fev2015-V12mars2015.mp4?_=14\" \/><a href=\"https:\/\/www.geoed.ca\/wp-content\/uploads\/2016\/05\/13-OAGQ-Formation20fev2015-V12mars2015.mp4\">https:\/\/www.geoed.ca\/wp-content\/uploads\/2016\/05\/13-OAGQ-Formation20fev2015-V12mars2015.mp4<\/a><\/video><\/div>\n<div style=\"width: 640px;\" class=\"wp-video\"><video class=\"wp-video-shortcode\" id=\"video-10000503-15\" width=\"640\" height=\"360\" preload=\"metadata\" controls=\"controls\"><source type=\"video\/mp4\" src=\"https:\/\/www.geoed.ca\/wp-content\/uploads\/2016\/05\/15-OAGQ-Formation20fev2015-V12mars2015.mp4?_=15\" \/><a href=\"https:\/\/www.geoed.ca\/wp-content\/uploads\/2016\/05\/15-OAGQ-Formation20fev2015-V12mars2015.mp4\">https:\/\/www.geoed.ca\/wp-content\/uploads\/2016\/05\/15-OAGQ-Formation20fev2015-V12mars2015.mp4<\/a><\/video><\/div>\n<p>&nbsp;<\/p>\n<p>&nbsp;<\/p>\n<p>&nbsp;<\/p>\n<p>&nbsp;<\/p>\n<p>&nbsp;<\/p>\n<p>&nbsp;<\/p>\n<p>&nbsp;<\/p>\n<p>&nbsp;<\/p>\n<p>&nbsp;<\/p>\n<p>&nbsp;<\/p>\n<p>&nbsp;<\/p>\n<p>&nbsp;<\/p>\n<p>&nbsp;<\/p>\n<p>&nbsp;<\/p>\n","protected":false},"excerpt":{"rendered":"<p>(2015 \u2013 6 heures) Formateurs\u00a0: Marcel Laberge, g\u00e9om\u00e8tre, pr\u00e9sident G\u00e9omatech inc. Andr\u00e9 Verville, pr\u00e9sident Photo-M\u00e9trique Inc. C\u2019est le sujet de l\u2019heure\u2026 tout le monde en parle\u00a0! Mais qu\u2019en est-il vraiment ? Comment diff\u00e9rencier ce qui est du r\u00eave et la r\u00e9alit\u00e9\u00a0? Des appareils \u00e0 ailes rotatives \u00e0 ceux aux ailes fixes, cette formation couvrira un [&hellip;]<\/p>\n","protected":false},"author":15317,"featured_media":0,"parent":10000482,"menu_order":0,"comment_status":"closed","ping_status":"closed","template":"","meta":{"footnotes":""},"class_list":["post-10000503","page","type-page","status-publish","hentry"],"_links":{"self":[{"href":"https:\/\/geoed.ca\/fr\/wp-json\/wp\/v2\/pages\/10000503","targetHints":{"allow":["GET"]}}],"collection":[{"href":"https:\/\/geoed.ca\/fr\/wp-json\/wp\/v2\/pages"}],"about":[{"href":"https:\/\/geoed.ca\/fr\/wp-json\/wp\/v2\/types\/page"}],"author":[{"embeddable":true,"href":"https:\/\/geoed.ca\/fr\/wp-json\/wp\/v2\/users\/15317"}],"replies":[{"embeddable":true,"href":"https:\/\/geoed.ca\/fr\/wp-json\/wp\/v2\/comments?post=10000503"}],"version-history":[{"count":6,"href":"https:\/\/geoed.ca\/fr\/wp-json\/wp\/v2\/pages\/10000503\/revisions"}],"predecessor-version":[{"id":10001435,"href":"https:\/\/geoed.ca\/fr\/wp-json\/wp\/v2\/pages\/10000503\/revisions\/10001435"}],"up":[{"embeddable":true,"href":"https:\/\/geoed.ca\/fr\/wp-json\/wp\/v2\/pages\/10000482"}],"wp:attachment":[{"href":"https:\/\/geoed.ca\/fr\/wp-json\/wp\/v2\/media?parent=10000503"}],"curies":[{"name":"wp","href":"https:\/\/api.w.org\/{rel}","templated":true}]}}