{"id":10000505,"date":"2016-05-24T12:36:03","date_gmt":"2016-05-24T16:36:03","guid":{"rendered":"http:\/\/www.geoed.ca\/fr\/?page_id=10000505"},"modified":"2017-09-06T14:55:10","modified_gmt":"2017-09-06T18:55:10","slug":"deontologie-ethique-et-pratique-professionnelle-de-larpenteur-geometre-cadre-legislatif-et-normatif-de-la-profession-partie-2-de-3-fre","status":"publish","type":"page","link":"https:\/\/geoed.ca\/fr\/course-gratuit-de-loagq\/oagq\/legal\/deontologie-ethique-et-pratique-professionnelle-de-larpenteur-geometre-cadre-legislatif-et-normatif-de-la-profession-partie-2-de-3-fre\/","title":{"rendered":"D\u00e9ontologie, \u00e9thique et pratique professionnelle de l\u2019arpenteur-g\u00e9om\u00e8tre : Cadre l\u00e9gislatif et normatif de la profession PARTIE 2 de 3"},"content":{"rendered":"<p>(2016 \u2013 2\u00a0\u00bd \u00a0heures)<\/p>\n<p>Formatrice\u00a0:<\/p>\n<p>Anik Fortin-Doyon, avocate, OAGQ<\/p>\n<p>Jacques Drainville, arpenteur-g\u00e9om\u00e8tre, syndic adjoint, OAGQ<\/p>\n<p>Dans cette deuxi\u00e8me s\u00e9rie de vid\u00e9oconf\u00e9rences, les sujets suivants seront abord\u00e9s\u00a0:<\/p>\n<ul>\n<li>L\u2019enqu\u00eate du syndic<\/li>\n<li>Le processus disciplinaire<\/li>\n<li>Le Code de d\u00e9ontologie des arpenteurs-g\u00e9om\u00e8tres<\/li>\n<li>Comportements fautifs et \u00e0 \u00e9viter<\/li>\n<li>Simulation d\u2019une entrevue avec un client (r\u00e9f\u00e9rence aux articles 3.02.03, 3.02.04, 3.03.02 du Code de d\u00e9ontologie)<\/li>\n<li>Cas pratiques et exercices pr\u00e9paratoires \u00e0 l\u2019examen<\/li>\n<\/ul>\n<p><em>Note\u00a0: La formation est pr\u00e9paratoire \u00e0 l\u2019examen d\u2019admission \u00e0 l\u2019OAGQ<\/em><\/p>\n<div style=\"width: 960px;\" class=\"wp-video\"><!--[if lt IE 9]><script>document.createElement('video');<\/script><![endif]-->\n<video class=\"wp-video-shortcode\" id=\"video-10000505-1\" width=\"960\" height=\"540\" preload=\"metadata\" controls=\"controls\"><source type=\"video\/mp4\" src=\"https:\/\/www.geoed.ca\/wp-content\/uploads\/2016\/05\/OAGQ-Formation-Delontologie-2016-Jour-2-_-Partie-9.mp4?_=1\" \/><a href=\"https:\/\/www.geoed.ca\/wp-content\/uploads\/2016\/05\/OAGQ-Formation-Delontologie-2016-Jour-2-_-Partie-9.mp4\">https:\/\/www.geoed.ca\/wp-content\/uploads\/2016\/05\/OAGQ-Formation-Delontologie-2016-Jour-2-_-Partie-9.mp4<\/a><\/video><\/div>\n<p>&nbsp;<br \/>\n<div style=\"width: 960px;\" class=\"wp-video\"><video class=\"wp-video-shortcode\" id=\"video-10000505-2\" width=\"960\" height=\"540\" preload=\"metadata\" controls=\"controls\"><source type=\"video\/mp4\" src=\"https:\/\/www.geoed.ca\/wp-content\/uploads\/2016\/05\/OAGQ-Formation-Delontologie-2016-Jour-2-_-Partie-10.mp4?_=2\" \/><a href=\"https:\/\/www.geoed.ca\/wp-content\/uploads\/2016\/05\/OAGQ-Formation-Delontologie-2016-Jour-2-_-Partie-10.mp4\">https:\/\/www.geoed.ca\/wp-content\/uploads\/2016\/05\/OAGQ-Formation-Delontologie-2016-Jour-2-_-Partie-10.mp4<\/a><\/video><\/div><br \/>\n&nbsp;<br \/>\n<div style=\"width: 960px;\" class=\"wp-video\"><video class=\"wp-video-shortcode\" id=\"video-10000505-3\" width=\"960\" height=\"540\" preload=\"metadata\" controls=\"controls\"><source type=\"video\/mp4\" src=\"https:\/\/www.geoed.ca\/wp-content\/uploads\/2016\/05\/OAGQ-Formation-Delontologie-2016-Jour-2-_-Partie-11.mp4?_=3\" \/><a href=\"https:\/\/www.geoed.ca\/wp-content\/uploads\/2016\/05\/OAGQ-Formation-Delontologie-2016-Jour-2-_-Partie-11.mp4\">https:\/\/www.geoed.ca\/wp-content\/uploads\/2016\/05\/OAGQ-Formation-Delontologie-2016-Jour-2-_-Partie-11.mp4<\/a><\/video><\/div><br \/>\n&nbsp;<br \/>\n<div style=\"width: 960px;\" class=\"wp-video\"><video class=\"wp-video-shortcode\" id=\"video-10000505-4\" width=\"960\" height=\"540\" preload=\"metadata\" controls=\"controls\"><source type=\"video\/mp4\" src=\"https:\/\/www.geoed.ca\/wp-content\/uploads\/2016\/05\/OAGQ-Formation-Delontologie-2016-Jour-2-_-Partie-12.mp4?_=4\" \/><a href=\"https:\/\/www.geoed.ca\/wp-content\/uploads\/2016\/05\/OAGQ-Formation-Delontologie-2016-Jour-2-_-Partie-12.mp4\">https:\/\/www.geoed.ca\/wp-content\/uploads\/2016\/05\/OAGQ-Formation-Delontologie-2016-Jour-2-_-Partie-12.mp4<\/a><\/video><\/div><br \/>\n&nbsp;<br \/>\n<div style=\"width: 960px;\" class=\"wp-video\"><video class=\"wp-video-shortcode\" id=\"video-10000505-5\" width=\"960\" height=\"540\" preload=\"metadata\" controls=\"controls\"><source type=\"video\/mp4\" src=\"https:\/\/www.geoed.ca\/wp-content\/uploads\/2016\/05\/OAGQ-Formation-Delontologie-2016-Jour-2-_-Partie-13.mp4?_=5\" \/><a href=\"https:\/\/www.geoed.ca\/wp-content\/uploads\/2016\/05\/OAGQ-Formation-Delontologie-2016-Jour-2-_-Partie-13.mp4\">https:\/\/www.geoed.ca\/wp-content\/uploads\/2016\/05\/OAGQ-Formation-Delontologie-2016-Jour-2-_-Partie-13.mp4<\/a><\/video><\/div><br \/>\n&nbsp;<br \/>\n<div style=\"width: 960px;\" class=\"wp-video\"><video class=\"wp-video-shortcode\" id=\"video-10000505-6\" width=\"960\" height=\"540\" preload=\"metadata\" controls=\"controls\"><source type=\"video\/mp4\" src=\"https:\/\/www.geoed.ca\/wp-content\/uploads\/2016\/05\/OAGQ-Formation-Delontologie-2016-Jour-2-_-Partie-14.mp4?_=6\" \/><a href=\"https:\/\/www.geoed.ca\/wp-content\/uploads\/2016\/05\/OAGQ-Formation-Delontologie-2016-Jour-2-_-Partie-14.mp4\">https:\/\/www.geoed.ca\/wp-content\/uploads\/2016\/05\/OAGQ-Formation-Delontologie-2016-Jour-2-_-Partie-14.mp4<\/a><\/video><\/div><br \/>\n&nbsp;<br \/>\n<div style=\"width: 960px;\" class=\"wp-video\"><video class=\"wp-video-shortcode\" id=\"video-10000505-7\" width=\"960\" height=\"540\" preload=\"metadata\" controls=\"controls\"><source type=\"video\/mp4\" src=\"https:\/\/www.geoed.ca\/wp-content\/uploads\/2016\/05\/OAGQ-Formation-Delontologie-2016-Jour-2-_-Partie-15.mp4?_=7\" \/><a href=\"https:\/\/www.geoed.ca\/wp-content\/uploads\/2016\/05\/OAGQ-Formation-Delontologie-2016-Jour-2-_-Partie-15.mp4\">https:\/\/www.geoed.ca\/wp-content\/uploads\/2016\/05\/OAGQ-Formation-Delontologie-2016-Jour-2-_-Partie-15.mp4<\/a><\/video><\/div><br \/>\n&nbsp;<br \/>\n<div style=\"width: 960px;\" class=\"wp-video\"><video class=\"wp-video-shortcode\" id=\"video-10000505-8\" width=\"960\" height=\"540\" preload=\"metadata\" controls=\"controls\"><source type=\"video\/mp4\" src=\"https:\/\/www.geoed.ca\/wp-content\/uploads\/2016\/05\/OAGQ-Formation-Delontologie-2016-Jour-2-_-Partie-16.mp4?_=8\" \/><a href=\"https:\/\/www.geoed.ca\/wp-content\/uploads\/2016\/05\/OAGQ-Formation-Delontologie-2016-Jour-2-_-Partie-16.mp4\">https:\/\/www.geoed.ca\/wp-content\/uploads\/2016\/05\/OAGQ-Formation-Delontologie-2016-Jour-2-_-Partie-16.mp4<\/a><\/video><\/div><\/p>\n","protected":false},"excerpt":{"rendered":"<p>(2016 \u2013 2\u00a0\u00bd \u00a0heures) Formatrice\u00a0: Anik Fortin-Doyon, avocate, OAGQ Jacques Drainville, arpenteur-g\u00e9om\u00e8tre, syndic adjoint, OAGQ Dans cette deuxi\u00e8me s\u00e9rie de vid\u00e9oconf\u00e9rences, les sujets suivants seront abord\u00e9s\u00a0: L\u2019enqu\u00eate du syndic Le processus disciplinaire Le Code de d\u00e9ontologie des arpenteurs-g\u00e9om\u00e8tres Comportements fautifs et \u00e0 \u00e9viter Simulation d\u2019une entrevue avec un client (r\u00e9f\u00e9rence aux articles 3.02.03, 3.02.04, 3.03.02 [&hellip;]<\/p>\n","protected":false},"author":15317,"featured_media":0,"parent":10000484,"menu_order":0,"comment_status":"closed","ping_status":"closed","template":"","meta":{"footnotes":""},"class_list":["post-10000505","page","type-page","status-publish","hentry"],"_links":{"self":[{"href":"https:\/\/geoed.ca\/fr\/wp-json\/wp\/v2\/pages\/10000505","targetHints":{"allow":["GET"]}}],"collection":[{"href":"https:\/\/geoed.ca\/fr\/wp-json\/wp\/v2\/pages"}],"about":[{"href":"https:\/\/geoed.ca\/fr\/wp-json\/wp\/v2\/types\/page"}],"author":[{"embeddable":true,"href":"https:\/\/geoed.ca\/fr\/wp-json\/wp\/v2\/users\/15317"}],"replies":[{"embeddable":true,"href":"https:\/\/geoed.ca\/fr\/wp-json\/wp\/v2\/comments?post=10000505"}],"version-history":[{"count":6,"href":"https:\/\/geoed.ca\/fr\/wp-json\/wp\/v2\/pages\/10000505\/revisions"}],"predecessor-version":[{"id":10001440,"href":"https:\/\/geoed.ca\/fr\/wp-json\/wp\/v2\/pages\/10000505\/revisions\/10001440"}],"up":[{"embeddable":true,"href":"https:\/\/geoed.ca\/fr\/wp-json\/wp\/v2\/pages\/10000484"}],"wp:attachment":[{"href":"https:\/\/geoed.ca\/fr\/wp-json\/wp\/v2\/media?parent=10000505"}],"curies":[{"name":"wp","href":"https:\/\/api.w.org\/{rel}","templated":true}]}}