{"id":10000513,"date":"2016-05-24T12:40:20","date_gmt":"2016-05-24T16:40:20","guid":{"rendered":"http:\/\/www.geoed.ca\/fr\/?page_id=10000513"},"modified":"2017-09-06T14:25:01","modified_gmt":"2017-09-06T18:25:01","slug":"le-certificat-de-localisation-fre","status":"publish","type":"page","link":"https:\/\/geoed.ca\/fr\/course-gratuit-de-loagq\/oagq\/legal\/le-certificat-de-localisation-fre\/","title":{"rendered":"Le certificat de localisation"},"content":{"rendered":"<p>(2014 \u2013 5 heures)<\/p>\n<p>Formateurs\u00a0:<\/p>\n<p>Nathalie Mass\u00e9, arpenteure-g\u00e9om\u00e8tre, MDDEP<\/p>\n<p>Marc Gervais, professeur agr\u00e9g\u00e9, Universit\u00e9 Laval<\/p>\n<p>Les constats effectu\u00e9s et les propos tenus au sein du certificat de localisation peuvent avoir un impact important autant sur le client que sur l\u2019institution pr\u00eateuse et le notaire instrumentant la transaction. \u00c0 ce jour, m\u00eame si la port\u00e9e du certificat de localisation a maintes fois \u00e9t\u00e9 \u00e9tablie ou pr\u00e9cis\u00e9e, la jurisprudence et la doctrine n\u2019apportent pas encore toutes les nuances importantes quant aux aspects plus techniques du travail effectu\u00e9 par les arpenteurs-g\u00e9om\u00e8tres, quant aux difficult\u00e9s associ\u00e9es aux diverses situations fonci\u00e8res pouvant \u00eatre rencontr\u00e9es lors de l\u2019ex\u00e9cution d\u2019un tel mandat et quant \u00e0 la port\u00e9e des constatations, conseils et pistes de solution formul\u00e9s par l\u2019arpenteur-g\u00e9om\u00e8tre instrumentant. Cette formation vise \u00e0 pr\u00e9senter un \u00e9ventail de situations.<\/p>\n<div style=\"width: 640px;\" class=\"wp-video\"><!--[if lt IE 9]><script>document.createElement('video');<\/script><![endif]-->\n<video class=\"wp-video-shortcode\" id=\"video-10000513-1\" width=\"640\" height=\"360\" preload=\"metadata\" controls=\"controls\"><source type=\"video\/mp4\" src=\"https:\/\/www.geoed.ca\/wp-content\/uploads\/2016\/05\/OAGQ-Formation2014-Partie1.mp4?_=1\" \/><a href=\"https:\/\/www.geoed.ca\/wp-content\/uploads\/2016\/05\/OAGQ-Formation2014-Partie1.mp4\">https:\/\/www.geoed.ca\/wp-content\/uploads\/2016\/05\/OAGQ-Formation2014-Partie1.mp4<\/a><\/video><\/div>\n<div style=\"width: 640px;\" class=\"wp-video\"><video class=\"wp-video-shortcode\" id=\"video-10000513-2\" width=\"640\" height=\"360\" preload=\"metadata\" controls=\"controls\"><source type=\"video\/mp4\" src=\"https:\/\/www.geoed.ca\/wp-content\/uploads\/2016\/05\/OAGQ-Formation2014-Partie2.mp4?_=2\" \/><a href=\"https:\/\/www.geoed.ca\/wp-content\/uploads\/2016\/05\/OAGQ-Formation2014-Partie2.mp4\">https:\/\/www.geoed.ca\/wp-content\/uploads\/2016\/05\/OAGQ-Formation2014-Partie2.mp4<\/a><\/video><\/div>\n<div style=\"width: 640px;\" class=\"wp-video\"><video class=\"wp-video-shortcode\" id=\"video-10000513-3\" width=\"640\" height=\"360\" preload=\"metadata\" controls=\"controls\"><source type=\"video\/mp4\" src=\"https:\/\/www.geoed.ca\/wp-content\/uploads\/2016\/05\/OAGQ-Formation2014-Partie3.mp4?_=3\" \/><a href=\"https:\/\/www.geoed.ca\/wp-content\/uploads\/2016\/05\/OAGQ-Formation2014-Partie3.mp4\">https:\/\/www.geoed.ca\/wp-content\/uploads\/2016\/05\/OAGQ-Formation2014-Partie3.mp4<\/a><\/video><\/div>\n<div style=\"width: 640px;\" class=\"wp-video\"><video class=\"wp-video-shortcode\" id=\"video-10000513-4\" width=\"640\" height=\"360\" preload=\"metadata\" controls=\"controls\"><source type=\"video\/mp4\" src=\"https:\/\/www.geoed.ca\/wp-content\/uploads\/2016\/05\/OAGQ-Formation2014-Partie4.mp4?_=4\" \/><a href=\"https:\/\/www.geoed.ca\/wp-content\/uploads\/2016\/05\/OAGQ-Formation2014-Partie4.mp4\">https:\/\/www.geoed.ca\/wp-content\/uploads\/2016\/05\/OAGQ-Formation2014-Partie4.mp4<\/a><\/video><\/div>\n<div style=\"width: 640px;\" class=\"wp-video\"><video class=\"wp-video-shortcode\" id=\"video-10000513-5\" width=\"640\" height=\"360\" preload=\"metadata\" controls=\"controls\"><source type=\"video\/mp4\" src=\"https:\/\/www.geoed.ca\/wp-content\/uploads\/2016\/05\/OAGQ-Formation2014-Partie5.mp4?_=5\" \/><a href=\"https:\/\/www.geoed.ca\/wp-content\/uploads\/2016\/05\/OAGQ-Formation2014-Partie5.mp4\">https:\/\/www.geoed.ca\/wp-content\/uploads\/2016\/05\/OAGQ-Formation2014-Partie5.mp4<\/a><\/video><\/div>\n<div style=\"width: 640px;\" class=\"wp-video\"><video class=\"wp-video-shortcode\" id=\"video-10000513-6\" width=\"640\" height=\"360\" preload=\"metadata\" controls=\"controls\"><source type=\"video\/mp4\" src=\"https:\/\/www.geoed.ca\/wp-content\/uploads\/2016\/05\/OAGQ-Formation2014-Partie7.mp4?_=6\" \/><a href=\"https:\/\/www.geoed.ca\/wp-content\/uploads\/2016\/05\/OAGQ-Formation2014-Partie7.mp4\">https:\/\/www.geoed.ca\/wp-content\/uploads\/2016\/05\/OAGQ-Formation2014-Partie7.mp4<\/a><\/video><\/div>\n<div style=\"width: 640px;\" class=\"wp-video\"><video class=\"wp-video-shortcode\" id=\"video-10000513-7\" width=\"640\" height=\"360\" preload=\"metadata\" controls=\"controls\"><source type=\"video\/mp4\" src=\"https:\/\/www.geoed.ca\/wp-content\/uploads\/2016\/05\/OAGQ-Formation2014-Partie6.mp4?_=7\" \/><a href=\"https:\/\/www.geoed.ca\/wp-content\/uploads\/2016\/05\/OAGQ-Formation2014-Partie6.mp4\">https:\/\/www.geoed.ca\/wp-content\/uploads\/2016\/05\/OAGQ-Formation2014-Partie6.mp4<\/a><\/video><\/div>\n<div style=\"width: 640px;\" class=\"wp-video\"><video class=\"wp-video-shortcode\" id=\"video-10000513-8\" width=\"640\" height=\"360\" preload=\"metadata\" controls=\"controls\"><source type=\"video\/mp4\" src=\"https:\/\/www.geoed.ca\/wp-content\/uploads\/2016\/05\/OAGQ-Formation2014-Partie8.mp4?_=8\" \/><a href=\"https:\/\/www.geoed.ca\/wp-content\/uploads\/2016\/05\/OAGQ-Formation2014-Partie8.mp4\">https:\/\/www.geoed.ca\/wp-content\/uploads\/2016\/05\/OAGQ-Formation2014-Partie8.mp4<\/a><\/video><\/div>\n<div style=\"width: 640px;\" class=\"wp-video\"><video class=\"wp-video-shortcode\" id=\"video-10000513-9\" width=\"640\" height=\"360\" preload=\"metadata\" controls=\"controls\"><source type=\"video\/mp4\" src=\"https:\/\/www.geoed.ca\/wp-content\/uploads\/2016\/05\/OAGQ-Formation2014-Partie9.mp4?_=9\" \/><a href=\"https:\/\/www.geoed.ca\/wp-content\/uploads\/2016\/05\/OAGQ-Formation2014-Partie9.mp4\">https:\/\/www.geoed.ca\/wp-content\/uploads\/2016\/05\/OAGQ-Formation2014-Partie9.mp4<\/a><\/video><\/div>\n<div style=\"width: 640px;\" class=\"wp-video\"><video class=\"wp-video-shortcode\" id=\"video-10000513-10\" width=\"640\" height=\"360\" preload=\"metadata\" controls=\"controls\"><source type=\"video\/mp4\" src=\"https:\/\/www.geoed.ca\/wp-content\/uploads\/2016\/05\/OAGQ-Formation2014-Partie10.mp4?_=10\" \/><a href=\"https:\/\/www.geoed.ca\/wp-content\/uploads\/2016\/05\/OAGQ-Formation2014-Partie10.mp4\">https:\/\/www.geoed.ca\/wp-content\/uploads\/2016\/05\/OAGQ-Formation2014-Partie10.mp4<\/a><\/video><\/div>\n<div style=\"width: 640px;\" class=\"wp-video\"><video class=\"wp-video-shortcode\" id=\"video-10000513-11\" width=\"640\" height=\"360\" preload=\"metadata\" controls=\"controls\"><source type=\"video\/mp4\" src=\"https:\/\/www.geoed.ca\/wp-content\/uploads\/2016\/05\/OAGQ-Formation2014-Partie11.mp4?_=11\" \/><a href=\"https:\/\/www.geoed.ca\/wp-content\/uploads\/2016\/05\/OAGQ-Formation2014-Partie11.mp4\">https:\/\/www.geoed.ca\/wp-content\/uploads\/2016\/05\/OAGQ-Formation2014-Partie11.mp4<\/a><\/video><\/div>\n<p><div style=\"width: 640px;\" class=\"wp-video\"><video class=\"wp-video-shortcode\" id=\"video-10000513-12\" width=\"640\" height=\"360\" preload=\"metadata\" controls=\"controls\"><source type=\"video\/mp4\" src=\"https:\/\/www.geoed.ca\/wp-content\/uploads\/2016\/05\/OAGQ-Formation2014-Partie12.mp4?_=12\" \/><a href=\"https:\/\/www.geoed.ca\/wp-content\/uploads\/2016\/05\/OAGQ-Formation2014-Partie12.mp4\">https:\/\/www.geoed.ca\/wp-content\/uploads\/2016\/05\/OAGQ-Formation2014-Partie12.mp4<\/a><\/video><\/div><br \/>\n<div style=\"width: 640px;\" class=\"wp-video\"><video class=\"wp-video-shortcode\" id=\"video-10000513-13\" width=\"640\" height=\"360\" preload=\"metadata\" controls=\"controls\"><source type=\"video\/mp4\" src=\"https:\/\/www.geoed.ca\/wp-content\/uploads\/2016\/05\/OAGQ-Formation2014-Partie13.mp4?_=13\" \/><a href=\"https:\/\/www.geoed.ca\/wp-content\/uploads\/2016\/05\/OAGQ-Formation2014-Partie13.mp4\">https:\/\/www.geoed.ca\/wp-content\/uploads\/2016\/05\/OAGQ-Formation2014-Partie13.mp4<\/a><\/video><\/div><\/p>\n<p><div style=\"width: 640px;\" class=\"wp-video\"><video class=\"wp-video-shortcode\" id=\"video-10000513-14\" width=\"640\" height=\"360\" preload=\"metadata\" controls=\"controls\"><source type=\"video\/mp4\" src=\"https:\/\/www.geoed.ca\/wp-content\/uploads\/2016\/05\/OAGQ-Formation2014-Partie14.mp4?_=14\" \/><a href=\"https:\/\/www.geoed.ca\/wp-content\/uploads\/2016\/05\/OAGQ-Formation2014-Partie14.mp4\">https:\/\/www.geoed.ca\/wp-content\/uploads\/2016\/05\/OAGQ-Formation2014-Partie14.mp4<\/a><\/video><\/div><br \/>\n<div style=\"width: 640px;\" class=\"wp-video\"><video class=\"wp-video-shortcode\" id=\"video-10000513-15\" width=\"640\" height=\"360\" preload=\"metadata\" controls=\"controls\"><source type=\"video\/mp4\" src=\"https:\/\/www.geoed.ca\/wp-content\/uploads\/2016\/05\/OAGQ-Formation2014-Partie15.mp4?_=15\" \/><a href=\"https:\/\/www.geoed.ca\/wp-content\/uploads\/2016\/05\/OAGQ-Formation2014-Partie15.mp4\">https:\/\/www.geoed.ca\/wp-content\/uploads\/2016\/05\/OAGQ-Formation2014-Partie15.mp4<\/a><\/video><\/div><\/p>\n<div style=\"width: 640px;\" class=\"wp-video\"><video class=\"wp-video-shortcode\" id=\"video-10000513-16\" width=\"640\" height=\"360\" preload=\"metadata\" controls=\"controls\"><source type=\"video\/mp4\" src=\"https:\/\/www.geoed.ca\/wp-content\/uploads\/2016\/05\/OAGQ-Formation2014-Partie16.mp4?_=16\" \/><a href=\"https:\/\/www.geoed.ca\/wp-content\/uploads\/2016\/05\/OAGQ-Formation2014-Partie16.mp4\">https:\/\/www.geoed.ca\/wp-content\/uploads\/2016\/05\/OAGQ-Formation2014-Partie16.mp4<\/a><\/video><\/div>\n<div style=\"width: 640px;\" class=\"wp-video\"><video class=\"wp-video-shortcode\" id=\"video-10000513-17\" width=\"640\" height=\"360\" preload=\"metadata\" controls=\"controls\"><source type=\"video\/mp4\" src=\"https:\/\/www.geoed.ca\/wp-content\/uploads\/2016\/05\/OAGQ-Formation2014-Partie17.mp4?_=17\" \/><a href=\"https:\/\/www.geoed.ca\/wp-content\/uploads\/2016\/05\/OAGQ-Formation2014-Partie17.mp4\">https:\/\/www.geoed.ca\/wp-content\/uploads\/2016\/05\/OAGQ-Formation2014-Partie17.mp4<\/a><\/video><\/div>\n","protected":false},"excerpt":{"rendered":"<p>(2014 \u2013 5 heures) Formateurs\u00a0: Nathalie Mass\u00e9, arpenteure-g\u00e9om\u00e8tre, MDDEP Marc Gervais, professeur agr\u00e9g\u00e9, Universit\u00e9 Laval Les constats effectu\u00e9s et les propos tenus au sein du certificat de localisation peuvent avoir un impact important autant sur le client que sur l\u2019institution pr\u00eateuse et le notaire instrumentant la transaction. \u00c0 ce jour, m\u00eame si la port\u00e9e du [&hellip;]<\/p>\n","protected":false},"author":15317,"featured_media":0,"parent":10000484,"menu_order":0,"comment_status":"closed","ping_status":"closed","template":"","meta":{"footnotes":""},"class_list":["post-10000513","page","type-page","status-publish","hentry"],"_links":{"self":[{"href":"https:\/\/geoed.ca\/fr\/wp-json\/wp\/v2\/pages\/10000513","targetHints":{"allow":["GET"]}}],"collection":[{"href":"https:\/\/geoed.ca\/fr\/wp-json\/wp\/v2\/pages"}],"about":[{"href":"https:\/\/geoed.ca\/fr\/wp-json\/wp\/v2\/types\/page"}],"author":[{"embeddable":true,"href":"https:\/\/geoed.ca\/fr\/wp-json\/wp\/v2\/users\/15317"}],"replies":[{"embeddable":true,"href":"https:\/\/geoed.ca\/fr\/wp-json\/wp\/v2\/comments?post=10000513"}],"version-history":[{"count":6,"href":"https:\/\/geoed.ca\/fr\/wp-json\/wp\/v2\/pages\/10000513\/revisions"}],"predecessor-version":[{"id":10001429,"href":"https:\/\/geoed.ca\/fr\/wp-json\/wp\/v2\/pages\/10000513\/revisions\/10001429"}],"up":[{"embeddable":true,"href":"https:\/\/geoed.ca\/fr\/wp-json\/wp\/v2\/pages\/10000484"}],"wp:attachment":[{"href":"https:\/\/geoed.ca\/fr\/wp-json\/wp\/v2\/media?parent=10000513"}],"curies":[{"name":"wp","href":"https:\/\/api.w.org\/{rel}","templated":true}]}}