{"id":10001751,"date":"2018-03-01T09:49:35","date_gmt":"2018-03-01T14:49:35","guid":{"rendered":"https:\/\/www.geoed.ca\/?page_id=10001751"},"modified":"2018-03-01T12:25:14","modified_gmt":"2018-03-01T17:25:14","slug":"gestion-des-dossiers-en-milieux-hydriques-et-humides","status":"publish","type":"page","link":"https:\/\/geoed.ca\/fr\/course-gratuit-de-loagq\/oagq\/gestion\/gestion-des-dossiers-en-milieux-hydriques-et-humides\/","title":{"rendered":"Gestion des dossiers en milieux hydriques et humides"},"content":{"rendered":"<p>Formateur\u00a0:<\/p>\n<p>Rh\u00e9al Boucher, Consultant et formateur<\/p>\n<p><strong>\u00a0<\/strong>Cette formation vise \u00e0 familiariser l\u2019arpenteur-g\u00e9om\u00e8tre avec l\u2019ensemble des d\u00e9finitions, des lois et des r\u00e8glements applicables dans le cadre de dossiers touchant les milieux hydriques et humides. Ce domaine, en constante \u00e9volution, interpelle plusieurs types de professionnels qui ont \u00e0 composer dans un m\u00eame projet. Il importe qu\u2019en tant qu\u2019intervenant privil\u00e9gi\u00e9 dans le projet vous puissiez poser les bonnes questions, comprendre le travail des autres collaborateurs et interpr\u00e9ter les r\u00e9sultats \u00e0 la lumi\u00e8re d\u2019une connaissance des normes inh\u00e9rentes \u00e0 ces milieux particuliers. Ainsi, au terme de cette formation, vous aurez une connaissance th\u00e9orique accrue, mais vous serez \u00e9galement mieux outill\u00e9 pour interpr\u00e9ter et appliquer ces notions concr\u00e8tement sur le terrain.<\/p>\n<p>Le minist\u00e8re du D\u00e9veloppement durable, de l\u2019Environnement et de la Lutte contre les changements climatiques a effectu\u00e9 r\u00e9cemment de nombreuses modifications, tant dans les d\u00e9finitions que dans ses directives. Le cours a \u00e9t\u00e9 enti\u00e8rement r\u00e9vis\u00e9 afin de tenir compte des plus r\u00e9centes mises \u00e0 jour et adapt\u00e9 sp\u00e9cifiquement pour les arpenteurs-g\u00e9om\u00e8tres.<\/p>\n<p>&nbsp;<\/p>\n<p>Partie 1:<\/p>\n<p>&nbsp;<\/p>\n<div style=\"width: 960px;\" class=\"wp-video\"><!--[if lt IE 9]><script>document.createElement('video');<\/script><![endif]-->\n<video class=\"wp-video-shortcode\" id=\"video-10001751-1\" width=\"960\" height=\"540\" preload=\"metadata\" controls=\"controls\"><source type=\"video\/mp4\" src=\"https:\/\/www.geoed.ca\/wp-content\/uploads\/2017\/05\/Gestion-des-dossiers-en-milieux-hydriques-et-humides-partie-1.mp4?_=1\" \/><a href=\"https:\/\/www.geoed.ca\/wp-content\/uploads\/2017\/05\/Gestion-des-dossiers-en-milieux-hydriques-et-humides-partie-1.mp4\">https:\/\/www.geoed.ca\/wp-content\/uploads\/2017\/05\/Gestion-des-dossiers-en-milieux-hydriques-et-humides-partie-1.mp4<\/a><\/video><\/div>\n<p>&nbsp;<\/p>\n<p>Partie 2:<\/p>\n<p>&nbsp;<\/p>\n<div style=\"width: 960px;\" class=\"wp-video\"><video class=\"wp-video-shortcode\" id=\"video-10001751-2\" width=\"960\" height=\"540\" preload=\"metadata\" controls=\"controls\"><source type=\"video\/mp4\" src=\"https:\/\/www.geoed.ca\/wp-content\/uploads\/2017\/05\/Gestion-des-dossiers-en-milieux-hydriques-et-humides-partie-2.mp4?_=2\" \/><a href=\"https:\/\/www.geoed.ca\/wp-content\/uploads\/2017\/05\/Gestion-des-dossiers-en-milieux-hydriques-et-humides-partie-2.mp4\">https:\/\/www.geoed.ca\/wp-content\/uploads\/2017\/05\/Gestion-des-dossiers-en-milieux-hydriques-et-humides-partie-2.mp4<\/a><\/video><\/div>\n<p>&nbsp;<\/p>\n<p>Partie 3:<\/p>\n<p>&nbsp;<\/p>\n<div style=\"width: 960px;\" class=\"wp-video\"><video class=\"wp-video-shortcode\" id=\"video-10001751-3\" width=\"960\" height=\"540\" preload=\"metadata\" controls=\"controls\"><source type=\"video\/mp4\" src=\"https:\/\/www.geoed.ca\/wp-content\/uploads\/2017\/05\/Gestion-des-dossiers-en-milieux-hydriques-et-humides-partie-3.mp4?_=3\" \/><a href=\"https:\/\/www.geoed.ca\/wp-content\/uploads\/2017\/05\/Gestion-des-dossiers-en-milieux-hydriques-et-humides-partie-3.mp4\">https:\/\/www.geoed.ca\/wp-content\/uploads\/2017\/05\/Gestion-des-dossiers-en-milieux-hydriques-et-humides-partie-3.mp4<\/a><\/video><\/div>\n<p>&nbsp;<\/p>\n<p>Partie 4:<\/p>\n<p>&nbsp;<\/p>\n<div style=\"width: 960px;\" class=\"wp-video\"><video class=\"wp-video-shortcode\" id=\"video-10001751-4\" width=\"960\" height=\"540\" preload=\"metadata\" controls=\"controls\"><source type=\"video\/mp4\" src=\"https:\/\/www.geoed.ca\/wp-content\/uploads\/2017\/05\/Gestion-des-dossiers-en-milieux-hydriques-et-humides-partie-4.mp4?_=4\" \/><a href=\"https:\/\/www.geoed.ca\/wp-content\/uploads\/2017\/05\/Gestion-des-dossiers-en-milieux-hydriques-et-humides-partie-4.mp4\">https:\/\/www.geoed.ca\/wp-content\/uploads\/2017\/05\/Gestion-des-dossiers-en-milieux-hydriques-et-humides-partie-4.mp4<\/a><\/video><\/div>\n","protected":false},"excerpt":{"rendered":"<p>Formateur\u00a0: Rh\u00e9al Boucher, Consultant et formateur \u00a0Cette formation vise \u00e0 familiariser l\u2019arpenteur-g\u00e9om\u00e8tre avec l\u2019ensemble des d\u00e9finitions, des lois et des r\u00e8glements applicables dans le cadre de dossiers touchant les milieux hydriques et humides. Ce domaine, en constante \u00e9volution, interpelle plusieurs types de professionnels qui ont \u00e0 composer dans un m\u00eame projet. Il importe qu\u2019en tant [&hellip;]<\/p>\n","protected":false},"author":2165,"featured_media":0,"parent":10000476,"menu_order":0,"comment_status":"closed","ping_status":"closed","template":"","meta":{"footnotes":""},"class_list":["post-10001751","page","type-page","status-publish","hentry"],"_links":{"self":[{"href":"https:\/\/geoed.ca\/fr\/wp-json\/wp\/v2\/pages\/10001751","targetHints":{"allow":["GET"]}}],"collection":[{"href":"https:\/\/geoed.ca\/fr\/wp-json\/wp\/v2\/pages"}],"about":[{"href":"https:\/\/geoed.ca\/fr\/wp-json\/wp\/v2\/types\/page"}],"author":[{"embeddable":true,"href":"https:\/\/geoed.ca\/fr\/wp-json\/wp\/v2\/users\/2165"}],"replies":[{"embeddable":true,"href":"https:\/\/geoed.ca\/fr\/wp-json\/wp\/v2\/comments?post=10001751"}],"version-history":[{"count":6,"href":"https:\/\/geoed.ca\/fr\/wp-json\/wp\/v2\/pages\/10001751\/revisions"}],"predecessor-version":[{"id":10001766,"href":"https:\/\/geoed.ca\/fr\/wp-json\/wp\/v2\/pages\/10001751\/revisions\/10001766"}],"up":[{"embeddable":true,"href":"https:\/\/geoed.ca\/fr\/wp-json\/wp\/v2\/pages\/10000476"}],"wp:attachment":[{"href":"https:\/\/geoed.ca\/fr\/wp-json\/wp\/v2\/media?parent=10001751"}],"curies":[{"name":"wp","href":"https:\/\/api.w.org\/{rel}","templated":true}]}}