{"id":10001754,"date":"2018-03-01T09:52:11","date_gmt":"2018-03-01T14:52:11","guid":{"rendered":"https:\/\/www.geoed.ca\/?page_id=10001754"},"modified":"2018-03-01T12:38:07","modified_gmt":"2018-03-01T17:38:07","slug":"la-gestion-dune-etude-darpenteur-geometre-lenjeu-financier-et-lenjeu-de-communication","status":"publish","type":"page","link":"https:\/\/geoed.ca\/fr\/course-gratuit-de-loagq\/oagq\/gestion\/la-gestion-dune-etude-darpenteur-geometre-lenjeu-financier-et-lenjeu-de-communication\/","title":{"rendered":"La gestion d\u2019une \u00e9tude d\u2019arpenteur-g\u00e9om\u00e8tre : l\u2019enjeu financier et l\u2019enjeu de communication"},"content":{"rendered":"<p>Formateurs\u00a0:<\/p>\n<p>H\u00e9l\u00e8ne Savignac, B.A.A., Synaxon<\/p>\n<p>Ren\u00e9 Charbonneau, Coach professionnel corporatif<\/p>\n<p>Ghyslain Cadieux, CPA, CMA, Raymond Chabot Grant Thornton<\/p>\n<p><strong>\u00a0<\/strong><\/p>\n<p><strong>Volet financier<\/strong><br \/>\nLa conf\u00e9rence aura comme objectif de sensibiliser les participants \u00e0 l\u2019importance d\u2019analyser les co\u00fbts directs et indirects reli\u00e9s aux services offerts et les m\u00e9thodes \u00e0 utiliser pour les d\u00e9terminer. La formation sera adapt\u00e9e \u00e0 partir d\u2019\u00e9tats financiers de firmes d\u2019arpentage et en collaboration avec des personnes \u0153uvrant \u00e0 titre de comptables dans les bureaux d\u2019arpenteurs-g\u00e9om\u00e8tres pour s\u2019assurer d\u2019un contenu qui va \u00ab\u00a0parler\u00a0\u00bb aux participants.<br \/>\nUne fois le volet financier explor\u00e9 et en ayant pour objectif de faire prendre conscience de l\u2019importance de l\u2019analyse financi\u00e8re des services offerts, nous estimons que le volet communication suscitera un bel enthousiasme.<\/p>\n<p><strong>Volet Communication<\/strong><br \/>\nLes gens ach\u00e8tent des solutions\/pr\u00e9vention \u00e0 des probl\u00e8mes et de bonnes \u00e9motions. Nous explorerons les principes reli\u00e9s \u00e0 la gestion du service \u00e0 la client\u00e8le et les cinq dimensions de la performance du service \u00e0 la client\u00e8le via les moments de v\u00e9rit\u00e9. Nous aborderons les grands principes reli\u00e9s \u00e0 la vente en sensibilisant les participants aux 4 P de la fid\u00e9lit\u00e9 et les diff\u00e9rents types de loyaut\u00e9 pour faciliter la vente de leur service et communiquer efficacement avec leurs clients.<\/p>\n<p>&nbsp;<\/p>\n<p>Gestion \u00c9tude AG &#8211; Financier:<\/p>\n<p>&nbsp;<\/p>\n<div style=\"width: 1280px;\" class=\"wp-video\"><!--[if lt IE 9]><script>document.createElement('video');<\/script><![endif]-->\n<video class=\"wp-video-shortcode\" id=\"video-10001754-1\" width=\"1280\" height=\"720\" preload=\"metadata\" controls=\"controls\"><source type=\"video\/mp4\" src=\"https:\/\/www.geoed.ca\/wp-content\/uploads\/2017\/05\/OAGQ-Congr\u00e8s-2015-_-Gestion-\u00c9tude-AG-Financier-2-de-2.mp4?_=1\" \/><a href=\"https:\/\/www.geoed.ca\/wp-content\/uploads\/2017\/05\/OAGQ-Congr\u00e8s-2015-_-Gestion-\u00c9tude-AG-Financier-2-de-2.mp4\">https:\/\/www.geoed.ca\/wp-content\/uploads\/2017\/05\/OAGQ-Congr\u00e8s-2015-_-Gestion-\u00c9tude-AG-Financier-2-de-2.mp4<\/a><\/video><\/div>\n<p>&nbsp;<\/p>\n<p>Gestion \u00c9tude AG &#8211; Communication:<\/p>\n<p>&nbsp;<\/p>\n<div style=\"width: 1280px;\" class=\"wp-video\"><video class=\"wp-video-shortcode\" id=\"video-10001754-2\" width=\"1280\" height=\"720\" preload=\"metadata\" controls=\"controls\"><source type=\"video\/mp4\" src=\"https:\/\/www.geoed.ca\/wp-content\/uploads\/2017\/05\/OAGQ-Congr\u00e8s-2015-_-Gestion-\u00c9tude-AG-Communication-1-de-2.mp4?_=2\" \/><a href=\"https:\/\/www.geoed.ca\/wp-content\/uploads\/2017\/05\/OAGQ-Congr\u00e8s-2015-_-Gestion-\u00c9tude-AG-Communication-1-de-2.mp4\">https:\/\/www.geoed.ca\/wp-content\/uploads\/2017\/05\/OAGQ-Congr\u00e8s-2015-_-Gestion-\u00c9tude-AG-Communication-1-de-2.mp4<\/a><\/video><\/div>\n","protected":false},"excerpt":{"rendered":"<p>Formateurs\u00a0: H\u00e9l\u00e8ne Savignac, B.A.A., Synaxon Ren\u00e9 Charbonneau, Coach professionnel corporatif Ghyslain Cadieux, CPA, CMA, Raymond Chabot Grant Thornton \u00a0 Volet financier La conf\u00e9rence aura comme objectif de sensibiliser les participants \u00e0 l\u2019importance d\u2019analyser les co\u00fbts directs et indirects reli\u00e9s aux services offerts et les m\u00e9thodes \u00e0 utiliser pour les d\u00e9terminer. La formation sera adapt\u00e9e \u00e0 [&hellip;]<\/p>\n","protected":false},"author":2165,"featured_media":0,"parent":10000476,"menu_order":0,"comment_status":"closed","ping_status":"closed","template":"","meta":{"footnotes":""},"class_list":["post-10001754","page","type-page","status-publish","hentry"],"_links":{"self":[{"href":"https:\/\/geoed.ca\/fr\/wp-json\/wp\/v2\/pages\/10001754","targetHints":{"allow":["GET"]}}],"collection":[{"href":"https:\/\/geoed.ca\/fr\/wp-json\/wp\/v2\/pages"}],"about":[{"href":"https:\/\/geoed.ca\/fr\/wp-json\/wp\/v2\/types\/page"}],"author":[{"embeddable":true,"href":"https:\/\/geoed.ca\/fr\/wp-json\/wp\/v2\/users\/2165"}],"replies":[{"embeddable":true,"href":"https:\/\/geoed.ca\/fr\/wp-json\/wp\/v2\/comments?post=10001754"}],"version-history":[{"count":6,"href":"https:\/\/geoed.ca\/fr\/wp-json\/wp\/v2\/pages\/10001754\/revisions"}],"predecessor-version":[{"id":10001771,"href":"https:\/\/geoed.ca\/fr\/wp-json\/wp\/v2\/pages\/10001754\/revisions\/10001771"}],"up":[{"embeddable":true,"href":"https:\/\/geoed.ca\/fr\/wp-json\/wp\/v2\/pages\/10000476"}],"wp:attachment":[{"href":"https:\/\/geoed.ca\/fr\/wp-json\/wp\/v2\/media?parent=10001754"}],"curies":[{"name":"wp","href":"https:\/\/api.w.org\/{rel}","templated":true}]}}