{"id":10001756,"date":"2018-03-01T09:52:51","date_gmt":"2018-03-01T14:52:51","guid":{"rendered":"https:\/\/www.geoed.ca\/?page_id=10001756"},"modified":"2018-03-01T12:24:12","modified_gmt":"2018-03-01T17:24:12","slug":"risque-et-securite-des-donnees","status":"publish","type":"page","link":"https:\/\/geoed.ca\/fr\/course-gratuit-de-loagq\/oagq\/gestion\/risque-et-securite-des-donnees\/","title":{"rendered":"Risque et s\u00e9curit\u00e9 des donn\u00e9es"},"content":{"rendered":"<p>Formateur\u00a0:<\/p>\n<p>Bertrand Milot, Directeur Cybers\u00e9curit\u00e9, KPMG<\/p>\n<p>L\u2019objectif premier de la formation vise \u00e0 ce que les participants prennent conscience des risques num\u00e9riques et sachent comment poursuivre les d\u00e9marches n\u00e9cessaires pour se doter d\u2019outils ou modifier certaines fa\u00e7ons de faire. Tout au long de la formation, une revue de presse et des statistiques r\u00e9centes permettront de donner l&rsquo;heure juste sur le sujet. Il s\u2019agira d\u2019outiller le participant et qu\u2019il puisse repartir avec de la mati\u00e8re, des devoirs et une nouvelle culture de s\u00e9curit\u00e9.<\/p>\n<p>Les th\u00e9matiques suivantes sont abord\u00e9es\u00a0:<\/p>\n<p>Le risque, l&rsquo;approche raisonnable de la s\u00e9curit\u00e9.<br \/>\nIdentifier les risques avec des m\u00e9thodes simples et des exemples concrets influenc\u00e9s par la nature (biomim\u00e9tisme)<\/p>\n<p>Les bases de la s\u00e9curit\u00e9 de l&rsquo;information.<br \/>\nComprendre les enjeux de s\u00e9curit\u00e9 en 2016 \u00e0 travers les multiples cycles de vie de la donn\u00e9e. Changer de comportement.<\/p>\n<p>Les solutions open source simples et rapides de s\u00e9curit\u00e9.<br \/>\nD\u00e9couvrir des astuces efficaces et peu co\u00fbteuses pour int\u00e9grer la s\u00e9curit\u00e9 \u00e0 son quotidien (ordinateur, tablette, t\u00e9l\u00e9phone, stockage en ligne&#8230;etc.)<\/p>\n<p>Les menaces du Nuage et des m\u00e9dias sociaux.<br \/>\nPrendre conscience des dangers du Nuage et des m\u00e9dias sociaux. La face cach\u00e9e des conditions g\u00e9n\u00e9rales d&rsquo;utilisation et les pr\u00e9cautions \u00e0 adopter<\/p>\n<p>Le plan de continuit\u00e9, une approche pragmatique.<br \/>\nComprendre comment cr\u00e9er un plan efficace de continuit\u00e9 et assurer la rel\u00e8ve en cas de d\u00e9sastre.<\/p>\n<p>&nbsp;<\/p>\n<p>Partie 1:<\/p>\n<p>&nbsp;<\/p>\n<div style=\"width: 960px;\" class=\"wp-video\"><!--[if lt IE 9]><script>document.createElement('video');<\/script><![endif]-->\n<video class=\"wp-video-shortcode\" id=\"video-10001756-1\" width=\"960\" height=\"540\" preload=\"metadata\" controls=\"controls\"><source type=\"video\/mp4\" src=\"https:\/\/www.geoed.ca\/wp-content\/uploads\/2017\/05\/OAGQ-Risque-et-securite-des-donnees-Partie-1.mp4?_=1\" \/><a href=\"https:\/\/www.geoed.ca\/wp-content\/uploads\/2017\/05\/OAGQ-Risque-et-securite-des-donnees-Partie-1.mp4\">https:\/\/www.geoed.ca\/wp-content\/uploads\/2017\/05\/OAGQ-Risque-et-securite-des-donnees-Partie-1.mp4<\/a><\/video><\/div>\n<p>&nbsp;<\/p>\n<p>Partie 2:<\/p>\n<p>&nbsp;<\/p>\n<div style=\"width: 960px;\" class=\"wp-video\"><video class=\"wp-video-shortcode\" id=\"video-10001756-2\" width=\"960\" height=\"540\" preload=\"metadata\" controls=\"controls\"><source type=\"video\/mp4\" src=\"https:\/\/www.geoed.ca\/wp-content\/uploads\/2017\/05\/OAGQ-Risque-et-securite-des-donnees-Partie-2.mp4?_=2\" \/><a href=\"https:\/\/www.geoed.ca\/wp-content\/uploads\/2017\/05\/OAGQ-Risque-et-securite-des-donnees-Partie-2.mp4\">https:\/\/www.geoed.ca\/wp-content\/uploads\/2017\/05\/OAGQ-Risque-et-securite-des-donnees-Partie-2.mp4<\/a><\/video><\/div>\n<p>&nbsp;<\/p>\n<p>Partie 3:<\/p>\n<p>&nbsp;<\/p>\n<div style=\"width: 960px;\" class=\"wp-video\"><video class=\"wp-video-shortcode\" id=\"video-10001756-3\" width=\"960\" height=\"540\" preload=\"metadata\" controls=\"controls\"><source type=\"video\/mp4\" src=\"https:\/\/www.geoed.ca\/wp-content\/uploads\/2017\/05\/OAGQ-Risque-et-securite-des-donnees-Partie-3.mp4?_=3\" \/><a href=\"https:\/\/www.geoed.ca\/wp-content\/uploads\/2017\/05\/OAGQ-Risque-et-securite-des-donnees-Partie-3.mp4\">https:\/\/www.geoed.ca\/wp-content\/uploads\/2017\/05\/OAGQ-Risque-et-securite-des-donnees-Partie-3.mp4<\/a><\/video><\/div>\n<p>&nbsp;<\/p>\n<p>Partie 4:<\/p>\n<p>&nbsp;<\/p>\n<div style=\"width: 960px;\" class=\"wp-video\"><video class=\"wp-video-shortcode\" id=\"video-10001756-4\" width=\"960\" height=\"540\" preload=\"metadata\" controls=\"controls\"><source type=\"video\/mp4\" src=\"https:\/\/www.geoed.ca\/wp-content\/uploads\/2017\/05\/OAGQ-Risque-et-securite-des-donnees-Partie-4.mp4?_=4\" \/><a href=\"https:\/\/www.geoed.ca\/wp-content\/uploads\/2017\/05\/OAGQ-Risque-et-securite-des-donnees-Partie-4.mp4\">https:\/\/www.geoed.ca\/wp-content\/uploads\/2017\/05\/OAGQ-Risque-et-securite-des-donnees-Partie-4.mp4<\/a><\/video><\/div>\n","protected":false},"excerpt":{"rendered":"<p>Formateur\u00a0: Bertrand Milot, Directeur Cybers\u00e9curit\u00e9, KPMG L\u2019objectif premier de la formation vise \u00e0 ce que les participants prennent conscience des risques num\u00e9riques et sachent comment poursuivre les d\u00e9marches n\u00e9cessaires pour se doter d\u2019outils ou modifier certaines fa\u00e7ons de faire. Tout au long de la formation, une revue de presse et des statistiques r\u00e9centes permettront de [&hellip;]<\/p>\n","protected":false},"author":2165,"featured_media":0,"parent":10000476,"menu_order":0,"comment_status":"closed","ping_status":"closed","template":"","meta":{"footnotes":""},"class_list":["post-10001756","page","type-page","status-publish","hentry"],"_links":{"self":[{"href":"https:\/\/geoed.ca\/fr\/wp-json\/wp\/v2\/pages\/10001756","targetHints":{"allow":["GET"]}}],"collection":[{"href":"https:\/\/geoed.ca\/fr\/wp-json\/wp\/v2\/pages"}],"about":[{"href":"https:\/\/geoed.ca\/fr\/wp-json\/wp\/v2\/types\/page"}],"author":[{"embeddable":true,"href":"https:\/\/geoed.ca\/fr\/wp-json\/wp\/v2\/users\/2165"}],"replies":[{"embeddable":true,"href":"https:\/\/geoed.ca\/fr\/wp-json\/wp\/v2\/comments?post=10001756"}],"version-history":[{"count":3,"href":"https:\/\/geoed.ca\/fr\/wp-json\/wp\/v2\/pages\/10001756\/revisions"}],"predecessor-version":[{"id":10001765,"href":"https:\/\/geoed.ca\/fr\/wp-json\/wp\/v2\/pages\/10001756\/revisions\/10001765"}],"up":[{"embeddable":true,"href":"https:\/\/geoed.ca\/fr\/wp-json\/wp\/v2\/pages\/10000476"}],"wp:attachment":[{"href":"https:\/\/geoed.ca\/fr\/wp-json\/wp\/v2\/media?parent=10001756"}],"curies":[{"name":"wp","href":"https:\/\/api.w.org\/{rel}","templated":true}]}}