{"id":3547,"date":"2015-11-30T14:01:30","date_gmt":"2015-11-30T19:01:30","guid":{"rendered":"http:\/\/geoed.tui.ninja\/fr\/?page_id=3547"},"modified":"2021-05-07T13:50:23","modified_gmt":"2021-05-07T17:50:23","slug":"geomatics-education-canada-education-geomatique-canada","status":"publish","type":"page","link":"https:\/\/geoed.ca\/fr\/","title":{"rendered":"Geomatics Education Canada (\u00c9ducation G\u00e9omatique Canada)"},"content":{"rendered":"<h3>GeoEd est un endroit o\u00f9 les g\u00e9om\u00e8tres \u00e0 travers le Canada peuvent se connecter sur les opportunit\u00e9s de DPC!<\/h3>\n<hr \/>\n<p class=\"product_title entry-title\"><span style=\"text-decoration: underline;\"><a href=\"https:\/\/www.geoed.ca\/fr\/produit\/ameliorer-le-lien-entre-les-leves-fonciers-et-les-interets-existants-ou-futurs-sur-les-terres-autochtones-product\/\"><span style=\"color: #0000ff;\"><strong>Am\u00e9liorer le lien entre les lev\u00e9s fonciers et les int\u00e9r\u00eats existants ou futurs sur les terres autochtones<\/strong><\/span><\/a><br \/>\n<\/span>La pr\u00e9paration et l\\\u2019harmonisation des lev\u00e9s fonciers avec les int\u00e9r\u00eats existants ou futurs sur les terres autochtones sont de plus en plus importantes pour un syst\u00e8me de droits de propri\u00e9t\u00e9 efficace. Le syst\u00e8me d\\\u2019arpentage doit pr\u00e9voir une identification organis\u00e9e et coh\u00e9rente de la mani\u00e8re dont une parcelle de terrain est subdivis\u00e9e, d\u00e9crite et localis\u00e9e. \u00c0 son tour, le syst\u00e8me d\\\u2019enregistrement foncier doit utiliser les informations d\\\u2019arpentage les plus r\u00e9centes en ce qui concerne les documents du registre.<\/p>\n<hr \/>\n<p><span style=\"color: #0000ff;\"><strong><a style=\"color: #0000ff; text-decoration: underline;\" title=\"Permanent Link to Modernisation du syst\u00e8me de r\u00e9f\u00e9rence nord-am\u00e9ricain \u2013 Le plan am\u00e9ricain et les consid\u00e9rations pour le Canada\" href=\"https:\/\/www.geoed.ca\/fr\/geo-edcourse\/modernisation-du-systeme-de-reference-nord-americain-le-plan-americain-et-les-considerations-pour-le-canada\/\" rel=\"bookmark\">Modernisation du syst\u00e8me de r\u00e9f\u00e9rence nord-am\u00e9ricain \u2013 Le plan am\u00e9ricain et les consid\u00e9rations pour le Canada<\/a><br \/>\n<\/strong><\/span>Les \u00c9tats-Unis pr\u00e9voient moderniser leur syst\u00e8me de r\u00e9f\u00e9rence spatiale, peut-\u00eatre d\u00e8s 2024 ou 2025. Dans le cadre de cette modernisation, ils pr\u00e9voient mettre \u00e0 jour \u00e0 la fois leur syst\u00e8me de r\u00e9f\u00e9rence g\u00e9om\u00e9trique (le Syst\u00e8me de r\u00e9f\u00e9rence nord-am\u00e9ricain de 1983 (NAD83)) et leur syst\u00e8me de r\u00e9f\u00e9rence altim\u00e9trique (le Syst\u00e8me nord-am\u00e9ricain de r\u00e9f\u00e9rence altim\u00e9trique de 1988 (NAVD 88)). Ces changements pourraient avoir des r\u00e9percussions importantes pour les arpenteurs, les cartographes et d\u2019autres professionnels du domaine g\u00e9ospatial au Canada. Par exemple, les \u00c9tats-Unis pr\u00e9voient remplacer le NAD83 par un nouveau cadre de r\u00e9f\u00e9rence terrestre nord-am\u00e9ricain (NATRF2022), ce qui entra\u00eenera des diff\u00e9rences de coordonn\u00e9es horizontales de 1,3 \u00e0 1,5 m\u00e8tre \u00e0 la fronti\u00e8re canado-am\u00e9ricaine par rapport au NAD83 (SCRS) canadien. Jamais auparavant des diff\u00e9rences aussi importantes n\u2019avaient exist\u00e9 entre les cadres de r\u00e9f\u00e9rence de nos deux pays. Ce webinaire d\u00e9crira le plan am\u00e9ricain, y compris sa justification, puis il examinera la situation du Canada en ce qui concerne les cadres de r\u00e9f\u00e9rence. Il y a des raisons imp\u00e9rieuses pour que le Canada embo\u00eete le pas et se modernise \u00e9galement, mais il y a aussi des d\u00e9fis majeurs. Que le Canada suive ou non la m\u00eame voie, il y a beaucoup de travail \u00e0 accomplir pour pr\u00e9parer le Canada aux mises \u00e0 jour des \u00c9tats-Unis.<\/p>\n<hr \/>\n<p class=\"product_title entry-title\"><a href=\"https:\/\/www.geoed.ca\/fr\/produit\/interets-tenure-et-droits-de-propriete-sur-les-terres-autochtones-product\/\"><span style=\"text-decoration: underline;\"><strong><span style=\"color: #0000ff; text-decoration: underline;\">I<\/span><\/strong><strong><span style=\"color: #0000ff; text-decoration: underline;\">nt\u00e9r\u00eats, tenure et droits de propri\u00e9t\u00e9 sur les terres autochtones<\/span><\/strong><\/span><\/a><br \/>\nxpliquez les diff\u00e9rentes formes de droits et d\u2019int\u00e9r\u00eats sur les terres autochtones, qu\u2019ils soient enregistr\u00e9s ou non. Il est essentiel que les arpenteurs des terres du Canada comprennent les droits de propri\u00e9t\u00e9 pour soutenir efficacement les mises \u00e0 jour et le renouvellement du tissu d\u2019arpentage foncier dans les collectivit\u00e9s.<\/p>\n","protected":false},"excerpt":{"rendered":"<p>GeoEd est un endroit o\u00f9 les g\u00e9om\u00e8tres \u00e0 travers le Canada peuvent se connecter sur les opportunit\u00e9s de DPC! Am\u00e9liorer le lien entre les lev\u00e9s fonciers et les int\u00e9r\u00eats existants ou futurs sur les terres autochtones La pr\u00e9paration et l\\\u2019harmonisation des lev\u00e9s fonciers avec les int\u00e9r\u00eats existants ou futurs sur les terres autochtones sont de [&hellip;]<\/p>\n","protected":false},"author":1,"featured_media":0,"parent":0,"menu_order":0,"comment_status":"closed","ping_status":"closed","template":"","meta":{"footnotes":""},"class_list":["post-3547","page","type-page","status-publish","hentry"],"_links":{"self":[{"href":"https:\/\/geoed.ca\/fr\/wp-json\/wp\/v2\/pages\/3547","targetHints":{"allow":["GET"]}}],"collection":[{"href":"https:\/\/geoed.ca\/fr\/wp-json\/wp\/v2\/pages"}],"about":[{"href":"https:\/\/geoed.ca\/fr\/wp-json\/wp\/v2\/types\/page"}],"author":[{"embeddable":true,"href":"https:\/\/geoed.ca\/fr\/wp-json\/wp\/v2\/users\/1"}],"replies":[{"embeddable":true,"href":"https:\/\/geoed.ca\/fr\/wp-json\/wp\/v2\/comments?post=3547"}],"version-history":[{"count":5,"href":"https:\/\/geoed.ca\/fr\/wp-json\/wp\/v2\/pages\/3547\/revisions"}],"predecessor-version":[{"id":10005419,"href":"https:\/\/geoed.ca\/fr\/wp-json\/wp\/v2\/pages\/3547\/revisions\/10005419"}],"wp:attachment":[{"href":"https:\/\/geoed.ca\/fr\/wp-json\/wp\/v2\/media?parent=3547"}],"curies":[{"name":"wp","href":"https:\/\/api.w.org\/{rel}","templated":true}]}}