{"id":9999695,"date":"2016-01-11T15:17:59","date_gmt":"2016-01-11T20:17:59","guid":{"rendered":"http:\/\/www.geoed.ca\/fr\/?page_id=9999695"},"modified":"2016-01-15T16:07:09","modified_gmt":"2016-01-15T21:07:09","slug":"formal-activity-fr","status":"publish","type":"page","link":"https:\/\/geoed.ca\/fr\/cours-gratuit\/aols\/cat-candidat\/formal-activity-fr\/","title":{"rendered":"Activit\u00e9 formelle"},"content":{"rendered":"<div class=\"free-courses\"><div class=\" depth-1 free-course-cat\"><a href=\"https:\/\/geoed.ca\/fr\/cours-gratuit\/aols\/\" class=\"\">AOLS<\/a><\/div>\n\t\t\t<div class=\" depth-2 free-course-cat\"><a href=\"https:\/\/geoed.ca\/fr\/cours-gratuit\/aols\/cat-candidat\/\" class=\"\">Webinaires<\/a><\/div>\n\t\t\t<div class=\" depth-3 free-course-cat\"><a href=\"https:\/\/geoed.ca\/fr\/cours-gratuit\/aols\/cat-candidat\/professionnel\/\" class=\"\">Activit\u00e9 professionnelle (participation \u00e0 une r\u00e9union)<\/a><\/div>\n\t\t\t<div class=\" depth-4 free-course\"><a href=\"https:\/\/geoed.ca\/fr\/cours-gratuit\/aols\/cat-candidat\/professionnel\/reports-from-council-and-province-wide-index-project\/\" class=\"\">December 2014  - \"Reports from Council and Province Wide Index Project\"<\/a><\/div>\n\t\t\t<div class=\" depth-4 free-course\"><a href=\"https:\/\/geoed.ca\/fr\/cours-gratuit\/aols\/cat-candidat\/professionnel\/updates-on-continuing-professional-development-cpd-and-key-initiatives\/\" class=\"\">November 2014 : \"Updates on Continuing Professional Development (CPD) and Key Initiatives\"<\/a><\/div>\n\t\t\t<div class=\" depth-4 free-course\"><a href=\"https:\/\/geoed.ca\/fr\/cours-gratuit\/aols\/cat-candidat\/professionnel\/council-candidates-presentations\/\" class=\"\">January 2015 : \"Council Candidates\u2019 Presentations\"<\/a><\/div>\n\t\t\t<div class=\" depth-4 free-course\"><a href=\"https:\/\/geoed.ca\/fr\/cours-gratuit\/aols\/cat-candidat\/professionnel\/agm-2015-celebratory-history-of-the-aols-odcc\/\" class=\"\">February 2015: \"AGM 2015; Celebratory History of the AOLS; ODCC\"<\/a><\/div>\n\t\t\t<div class=\" depth-4 free-course\"><a href=\"https:\/\/geoed.ca\/fr\/cours-gratuit\/aols\/cat-candidat\/professionnel\/aols-strategy-update\/\" class=\"\">April 2015 : \"AOLS Strategy Update\"<\/a><\/div>\n\t\t\t<div class=\" depth-4 free-course\"><a href=\"https:\/\/geoed.ca\/fr\/cours-gratuit\/aols\/cat-candidat\/professionnel\/aols-webinar-updates-from-council\/\" class=\"\">October 2015 : AOLS Webinar: \u201cUpdates from Council and Commissions\u201d<\/a><\/div>\n\t\t\t<div class=\" depth-4 free-course\"><a href=\"https:\/\/geoed.ca\/fr\/cours-gratuit\/aols\/cat-candidat\/professionnel\/aols-webinar-new-practice-manual\/\" class=\"\">November 2015 - AOLS Webinar: \u201cNew Practice Manual\u201d<\/a><\/div>\n\t\t\t<div class=\" depth-4 free-course\"><a href=\"https:\/\/geoed.ca\/fr\/cours-gratuit\/aols\/cat-candidat\/professionnel\/aols-webinar-professional-surveyors-canada-psc\/\" class=\"\">December 2015 : \u201cProfessional Surveyors Canada (PSC)\u201d<\/a><\/div>\n\t\t\t<div class=\" depth-3 free-course-cat current\"><a href=\"https:\/\/geoed.ca\/fr\/cours-gratuit\/aols\/cat-candidat\/formal-activity-fr\/\" class=\"\">Activit\u00e9 formelle<\/a><\/div>\n\t\t\t<div class=\" depth-4 free-course\"><a href=\"https:\/\/geoed.ca\/fr\/cours-gratuit\/aols\/cat-candidat\/formal-activity-fr\/unmanned-aerial-systems\/\" class=\"\">May 2015 - Unmanned Aerial Systems (Cansel)<\/a><\/div>\n\t\t\t<div class=\" depth-4 free-course\"><a href=\"https:\/\/geoed.ca\/fr\/cours-gratuit\/aols\/cat-candidat\/formal-activity-fr\/dealing-with-off-duty-misbehaviour\/\" class=\"\">June 2015 : \"Dealing with Off-Duty Misbehaviour\" (Lance Ceaser)<\/a><\/div>\n\t\t\t<div class=\" depth-4 free-course\"><a href=\"https:\/\/geoed.ca\/fr\/cours-gratuit\/aols\/cat-candidat\/formal-activity-fr\/re-thinking-the-importance-of-certainty\/\" class=\"\">July 2015 : \"Re-Thinking the Importance of Certainty\" (Izaak de Rijcke)<\/a><\/div>\n\t\t\t<div class=\" depth-4 free-course\"><a href=\"https:\/\/geoed.ca\/fr\/cours-gratuit\/aols\/cat-candidat\/formal-activity-fr\/are-surveys-obsolete\/\" class=\"\">August 2015 - \u201cAre Surveys Obsolete?\u201d (Bob Aaron)<\/a><\/div>\n\t\t\t<div class=\" depth-4 free-course\"><a href=\"https:\/\/geoed.ca\/fr\/cours-gratuit\/aols\/cat-candidat\/formal-activity-fr\/responsibilities-of-the-office-of-the-surveyor-general-of-ontario\/\" class=\"\">September 2015 - Responsibilities of the Office of the Surveyor General of Ontario (Susan MacGregor)<\/a><\/div>\n\t\t\t<div class=\" depth-4 free-course\"><a href=\"https:\/\/geoed.ca\/fr\/cours-gratuit\/aols\/cat-candidat\/formal-activity-fr\/january-2016-an-introduction-and-demo-of-the-new-cosine-online-application-geoff-clark-and-morgan-goadsby\/\" class=\"\">January 2016: \"An Introduction and Demo of the New COSINE Online Application\" (Geoff Clark and Morgan Goadsby)<\/a><\/div>\n\t\t\t<div class=\" depth-3 free-course-cat\"><a href=\"https:\/\/geoed.ca\/fr\/cours-gratuit\/aols\/cat-candidat\/autre\/\" class=\"\">Autre<\/a><\/div>\n\t\t\t<div class=\" depth-4 free-course\"><a href=\"https:\/\/geoed.ca\/fr\/cours-gratuit\/aols\/cat-candidat\/autre\/october-15-2015-special-cpd\/\" class=\"\">October 15, 2015: Special CPD<\/a><\/div>\n\t\t\t<\/div>\n","protected":false},"excerpt":{"rendered":"","protected":false},"author":15317,"featured_media":0,"parent":9999685,"menu_order":0,"comment_status":"closed","ping_status":"closed","template":"","meta":{"footnotes":""},"class_list":["post-9999695","page","type-page","status-publish","hentry"],"_links":{"self":[{"href":"https:\/\/geoed.ca\/fr\/wp-json\/wp\/v2\/pages\/9999695","targetHints":{"allow":["GET"]}}],"collection":[{"href":"https:\/\/geoed.ca\/fr\/wp-json\/wp\/v2\/pages"}],"about":[{"href":"https:\/\/geoed.ca\/fr\/wp-json\/wp\/v2\/types\/page"}],"author":[{"embeddable":true,"href":"https:\/\/geoed.ca\/fr\/wp-json\/wp\/v2\/users\/15317"}],"replies":[{"embeddable":true,"href":"https:\/\/geoed.ca\/fr\/wp-json\/wp\/v2\/comments?post=9999695"}],"version-history":[{"count":4,"href":"https:\/\/geoed.ca\/fr\/wp-json\/wp\/v2\/pages\/9999695\/revisions"}],"predecessor-version":[{"id":9999987,"href":"https:\/\/geoed.ca\/fr\/wp-json\/wp\/v2\/pages\/9999695\/revisions\/9999987"}],"up":[{"embeddable":true,"href":"https:\/\/geoed.ca\/fr\/wp-json\/wp\/v2\/pages\/9999685"}],"wp:attachment":[{"href":"https:\/\/geoed.ca\/fr\/wp-json\/wp\/v2\/media?parent=9999695"}],"curies":[{"name":"wp","href":"https:\/\/api.w.org\/{rel}","templated":true}]}}