{"id":10000351,"date":"2016-05-10T12:33:07","date_gmt":"2016-05-10T16:33:07","guid":{"rendered":"http:\/\/www.geoed.ca\/\/?post_type=product&#038;p=10000351"},"modified":"-0001-11-30T00:00:00","modified_gmt":"-0001-11-30T04:00:00","slug":"la-gps-ii-la-gestion-de-la-performance-a-succesau-quotidien-product","status":"publish","type":"product","link":"https:\/\/geoed.ca\/fr\/produit\/la-gps-ii-la-gestion-de-la-performance-a-succesau-quotidien-product\/","title":{"rendered":"LA GPS II &#8211; La Gestion de la Performance \u00e0 Succ\u00e8s\u2026au quotidien"},"content":{"rendered":"<p>(2013 \u2013 3 heures)<\/p>\n<p>Formateurs\u00a0:<\/p>\n<p>H\u00e9l\u00e8ne Savignac, B.A.A. Finance et entrepreneurship, M Sc. Management<\/p>\n<p>Ren\u00e9 Charbonneau, Coach Corporatif Certifi\u00e9 PNL &#8211; ICF \/ NLP<\/p>\n<p>Cette formation vous apprendra comment g\u00e9rer la performance de vos employ\u00e9s au quotidien et comment intervenir dans les cas de non-performance.<\/p>\n<p><u>Susciter et g\u00e9rer la performance<\/u><\/p>\n<ul>\n<li>\u00c9tablir des attentes et des objectifs clairs<\/li>\n<li>B\u00e2tir une bonne \u00e9quipe<\/li>\n<li>Faire du coaching<\/li>\n<li>D\u00e9l\u00e9guer<\/li>\n<li>Donner du feedback positif et de la reconnaissance<\/li>\n<\/ul>\n<p><u>G\u00e9rer la non-performance<\/u><\/p>\n<ul>\n<li>Analyser les causes de la non-performance avec un outil d\u2019analyse<\/li>\n<li>Intervenir aupr\u00e8s de vos employ\u00e9s avec le feed-back correctif<\/li>\n<li>Utiliser les outils pr\u00e9sent\u00e9s avec vos propres cas<\/li>\n<\/ul>\n","protected":false},"excerpt":{"rendered":"<p>(2013 \u2013 3 heures) Formateurs\u00a0: H\u00e9l\u00e8ne Savignac, B.A.A. Finance et entrepreneurship, M Sc. Management Ren\u00e9 Charbonneau, Coach Corporatif Certifi\u00e9 PNL &#8211; ICF \/ NLP Cette formation vous apprendra comment g\u00e9rer la performance de vos employ\u00e9s au quotidien et comment intervenir dans les cas de non-performance. Susciter et g\u00e9rer la performance \u00c9tablir des attentes et des [&hellip;]<\/p>\n","protected":false},"featured_media":0,"comment_status":"open","ping_status":"closed","template":"","meta":[],"product_brand":[],"product_tag":[],"class_list":{"0":"post-10000351","1":"product","2":"type-product","3":"status-publish","5":"product_cat-gestion-oagq","6":"product_cat-oagq","8":"first","9":"instock","10":"virtual","11":"sold-individually","12":"taxable","13":"purchasable","14":"product-type-simple"},"_links":{"self":[{"href":"https:\/\/geoed.ca\/fr\/wp-json\/wp\/v2\/product\/10000351","targetHints":{"allow":["GET"]}}],"collection":[{"href":"https:\/\/geoed.ca\/fr\/wp-json\/wp\/v2\/product"}],"about":[{"href":"https:\/\/geoed.ca\/fr\/wp-json\/wp\/v2\/types\/product"}],"replies":[{"embeddable":true,"href":"https:\/\/geoed.ca\/fr\/wp-json\/wp\/v2\/comments?post=10000351"}],"wp:attachment":[{"href":"https:\/\/geoed.ca\/fr\/wp-json\/wp\/v2\/media?parent=10000351"}],"wp:term":[{"taxonomy":"product_brand","embeddable":true,"href":"https:\/\/geoed.ca\/fr\/wp-json\/wp\/v2\/product_brand?post=10000351"},{"taxonomy":"product_tag","embeddable":true,"href":"https:\/\/geoed.ca\/fr\/wp-json\/wp\/v2\/product_tag?post=10000351"}],"curies":[{"name":"wp","href":"https:\/\/api.w.org\/{rel}","templated":true}]}}