{"id":10000362,"date":"2016-05-10T13:15:17","date_gmt":"2016-05-10T17:15:17","guid":{"rendered":"http:\/\/www.geoed.ca\/\/?post_type=product&#038;p=10000362"},"modified":"-0001-11-30T00:00:00","modified_gmt":"-0001-11-30T04:00:00","slug":"la-gps-i-la-gestion-du-personnel-a-succes-en-contexte-de-penurie-product","status":"publish","type":"product","link":"https:\/\/geoed.ca\/fr\/produit\/la-gps-i-la-gestion-du-personnel-a-succes-en-contexte-de-penurie-product\/","title":{"rendered":"La GPS I &#8211; La Gestion du Personnel \u00e0 Succ\u00e8s&#8230; en contexte de p\u00e9nurie"},"content":{"rendered":"<p>(2012 \u2013 3 heures)<\/p>\n<p>Formateurs\u00a0:<\/p>\n<p>H\u00e9l\u00e8ne Savignac, B.A.A. Finance et entrepreneurship, M Sc. Management<\/p>\n<p>Ren\u00e9 Charbonneau, Coach Corporatif Certifi\u00e9 PNL &#8211; ICF \/ NLP<\/p>\n<p>Il y a p\u00e9nurie de main d\u2019\u0153uvre dans plusieurs secteurs d\u2019activit\u00e9s. Cette situation repr\u00e9sente m\u00eame un frein \u00e0 la croissance pour plusieurs entreprises. Cette formation vous apprendra\u00a0:<\/p>\n<ul>\n<li>Comment attirer et recruter du personnel de fa\u00e7on nouvelle<\/li>\n<li>Comment mettre en place des strat\u00e9gies gagnantes en contexte de p\u00e9nurie<\/li>\n<li>Comment d\u00e9terminer vos crit\u00e8res d\u2019embauche : crit\u00e8res techniques et comportementaux selon le poste \u00e0 combler<\/li>\n<li>Comment \u00e9laborer une grille d\u2019entrevue, comment passer l\u2019entrevue et comment poser les bonnes questions<\/li>\n<li>Comment utiliser le PCR : le Processus de la Clarification des R\u00f4les, des responsabilit\u00e9s et des attentes<\/li>\n<li>Comment d\u00e9buter une relation avec votre nouvel employ\u00e9 sur des bases solides<\/li>\n<li>Comment consolider vos relations actuelles avec l\u2019ensemble de vos employ\u00e9s<\/li>\n<\/ul>\n","protected":false},"excerpt":{"rendered":"<p>(2012 \u2013 3 heures) Formateurs\u00a0: H\u00e9l\u00e8ne Savignac, B.A.A. Finance et entrepreneurship, M Sc. Management Ren\u00e9 Charbonneau, Coach Corporatif Certifi\u00e9 PNL &#8211; ICF \/ NLP Il y a p\u00e9nurie de main d\u2019\u0153uvre dans plusieurs secteurs d\u2019activit\u00e9s. Cette situation repr\u00e9sente m\u00eame un frein \u00e0 la croissance pour plusieurs entreprises. Cette formation vous apprendra\u00a0: Comment attirer et recruter [&hellip;]<\/p>\n","protected":false},"featured_media":0,"comment_status":"open","ping_status":"closed","template":"","meta":[],"product_brand":[],"product_tag":[],"class_list":{"0":"post-10000362","1":"product","2":"type-product","3":"status-publish","5":"product_cat-gestion-oagq","6":"product_cat-oagq","8":"first","9":"instock","10":"virtual","11":"sold-individually","12":"taxable","13":"purchasable","14":"product-type-simple"},"_links":{"self":[{"href":"https:\/\/geoed.ca\/fr\/wp-json\/wp\/v2\/product\/10000362","targetHints":{"allow":["GET"]}}],"collection":[{"href":"https:\/\/geoed.ca\/fr\/wp-json\/wp\/v2\/product"}],"about":[{"href":"https:\/\/geoed.ca\/fr\/wp-json\/wp\/v2\/types\/product"}],"replies":[{"embeddable":true,"href":"https:\/\/geoed.ca\/fr\/wp-json\/wp\/v2\/comments?post=10000362"}],"wp:attachment":[{"href":"https:\/\/geoed.ca\/fr\/wp-json\/wp\/v2\/media?parent=10000362"}],"wp:term":[{"taxonomy":"product_brand","embeddable":true,"href":"https:\/\/geoed.ca\/fr\/wp-json\/wp\/v2\/product_brand?post=10000362"},{"taxonomy":"product_tag","embeddable":true,"href":"https:\/\/geoed.ca\/fr\/wp-json\/wp\/v2\/product_tag?post=10000362"}],"curies":[{"name":"wp","href":"https:\/\/api.w.org\/{rel}","templated":true}]}}