{"id":10000410,"date":"2016-05-10T16:11:09","date_gmt":"2016-05-10T20:11:09","guid":{"rendered":"http:\/\/www.geoed.ca\/\/?post_type=product&#038;p=10000410"},"modified":"-0001-11-30T00:00:00","modified_gmt":"-0001-11-30T04:00:00","slug":"deontologie-ethique-et-pratique-professionnelle-de-larpenteur-geometre-cadre-legislatif-et-normatif-de-la-profession-partie-1-de-3-product","status":"publish","type":"product","link":"https:\/\/geoed.ca\/fr\/produit\/deontologie-ethique-et-pratique-professionnelle-de-larpenteur-geometre-cadre-legislatif-et-normatif-de-la-profession-partie-1-de-3-product\/","title":{"rendered":"D\u00e9ontologie, \u00e9thique et pratique professionnelle de l\u2019arpenteur-g\u00e9om\u00e8tre : Cadre l\u00e9gislatif et normatif de la profession PARTIE 1 de 3"},"content":{"rendered":"<p><strong>PARTIE 1 de 3<\/strong><\/p>\n<p>(2016 \u2013 2\u00a0\u00bd heures)<\/p>\n<p>Formatrice\u00a0:<\/p>\n<p>Anik Fortin-Doyon, avocate, OAGQ<\/p>\n<p>Dans cette premi\u00e8re s\u00e9rie de vid\u00e9oconf\u00e9rences, les sujets suivants seront abord\u00e9s\u00a0:<\/p>\n<ul>\n<li>Introduction et objectifs de la formation<\/li>\n<li>Le professionnalisme de l\u2019arpenteur-g\u00e9om\u00e8tre \u2013 quelques \u00e9l\u00e9ments de r\u00e9flexion<\/li>\n<li>L\u2019Ordre des arpenteurs-g\u00e9om\u00e8tres\u00a0: r\u00f4le et responsabilit\u00e9s, instances, fonctionnement<\/li>\n<li>La conciliation et l\u2019arbitrage des comptes<\/li>\n<li>L\u2019exercice en soci\u00e9t\u00e9<\/li>\n<li>S\u00e9rie web sur la d\u00e9ontologie et le service \u00e0 la client\u00e8le (Les m\u00e9saventures d\u2019Irvise Lamire)<\/li>\n<\/ul>\n<p><em>Note\u00a0: La formation est pr\u00e9paratoire \u00e0 l\u2019examen d\u2019admission \u00e0 l\u2019OAGQ<\/em><\/p>\n<p>&nbsp;<\/p>\n<p>&nbsp;<\/p>\n","protected":false},"excerpt":{"rendered":"<p>PARTIE 1 de 3 (2016 \u2013 2\u00a0\u00bd heures) Formatrice\u00a0: Anik Fortin-Doyon, avocate, OAGQ Dans cette premi\u00e8re s\u00e9rie de vid\u00e9oconf\u00e9rences, les sujets suivants seront abord\u00e9s\u00a0: Introduction et objectifs de la formation Le professionnalisme de l\u2019arpenteur-g\u00e9om\u00e8tre \u2013 quelques \u00e9l\u00e9ments de r\u00e9flexion L\u2019Ordre des arpenteurs-g\u00e9om\u00e8tres\u00a0: r\u00f4le et responsabilit\u00e9s, instances, fonctionnement La conciliation et l\u2019arbitrage des comptes L\u2019exercice en [&hellip;]<\/p>\n","protected":false},"featured_media":0,"comment_status":"open","ping_status":"closed","template":"","meta":[],"product_brand":[],"product_tag":[],"class_list":{"0":"post-10000410","1":"product","2":"type-product","3":"status-publish","5":"product_cat-legal-oagq","6":"product_cat-oagq","8":"first","9":"instock","10":"virtual","11":"sold-individually","12":"taxable","13":"purchasable","14":"product-type-simple"},"_links":{"self":[{"href":"https:\/\/geoed.ca\/fr\/wp-json\/wp\/v2\/product\/10000410","targetHints":{"allow":["GET"]}}],"collection":[{"href":"https:\/\/geoed.ca\/fr\/wp-json\/wp\/v2\/product"}],"about":[{"href":"https:\/\/geoed.ca\/fr\/wp-json\/wp\/v2\/types\/product"}],"replies":[{"embeddable":true,"href":"https:\/\/geoed.ca\/fr\/wp-json\/wp\/v2\/comments?post=10000410"}],"wp:attachment":[{"href":"https:\/\/geoed.ca\/fr\/wp-json\/wp\/v2\/media?parent=10000410"}],"wp:term":[{"taxonomy":"product_brand","embeddable":true,"href":"https:\/\/geoed.ca\/fr\/wp-json\/wp\/v2\/product_brand?post=10000410"},{"taxonomy":"product_tag","embeddable":true,"href":"https:\/\/geoed.ca\/fr\/wp-json\/wp\/v2\/product_tag?post=10000410"}],"curies":[{"name":"wp","href":"https:\/\/api.w.org\/{rel}","templated":true}]}}