{"id":10000429,"date":"2016-05-11T08:39:13","date_gmt":"2016-05-11T12:39:13","guid":{"rendered":"http:\/\/www.geoed.ca\/\/?post_type=product&#038;p=10000429"},"modified":"-0001-11-30T00:00:00","modified_gmt":"-0001-11-30T04:00:00","slug":"deontologie-ethique-et-pratique-professionnelle-de-larpenteur-geometre-cadre-legislatif-et-normatif-de-la-profession-partie-2-de-3-product","status":"publish","type":"product","link":"https:\/\/geoed.ca\/fr\/produit\/deontologie-ethique-et-pratique-professionnelle-de-larpenteur-geometre-cadre-legislatif-et-normatif-de-la-profession-partie-2-de-3-product\/","title":{"rendered":"D\u00e9ontologie, \u00e9thique et pratique professionnelle de l\u2019arpenteur-g\u00e9om\u00e8tre : Cadre l\u00e9gislatif et normatif de la profession PARTIE 2 de 3"},"content":{"rendered":"<p>(2016 \u2013 2\u00a0\u00bd \u00a0heures)<\/p>\n<p>Formatrice\u00a0:<\/p>\n<p>Anik Fortin-Doyon, avocate, OAGQ<\/p>\n<p>Jacques Drainville, arpenteur-g\u00e9om\u00e8tre, syndic adjoint, OAGQ<\/p>\n<p>&nbsp;<\/p>\n<p>Dans cette deuxi\u00e8me s\u00e9rie de vid\u00e9oconf\u00e9rences, les sujets suivants seront abord\u00e9s\u00a0:<\/p>\n<ul>\n<li>L\u2019enqu\u00eate du syndic<\/li>\n<li>Le processus disciplinaire<\/li>\n<li>Le Code de d\u00e9ontologie des arpenteurs-g\u00e9om\u00e8tres<\/li>\n<li>Comportements fautifs et \u00e0 \u00e9viter<\/li>\n<li>Simulation d\u2019une entrevue avec un client (r\u00e9f\u00e9rence aux articles 3.02.03, 3.02.04, 3.03.02 du Code de d\u00e9ontologie)<\/li>\n<li>Cas pratiques et exercices pr\u00e9paratoires \u00e0 l\u2019examen<\/li>\n<\/ul>\n<p><em>Note\u00a0: La formation est pr\u00e9paratoire \u00e0 l\u2019examen d\u2019admission \u00e0 l\u2019OAGQ<\/em><\/p>\n","protected":false},"excerpt":{"rendered":"<p>(2016 \u2013 2\u00a0\u00bd \u00a0heures) Formatrice\u00a0: Anik Fortin-Doyon, avocate, OAGQ Jacques Drainville, arpenteur-g\u00e9om\u00e8tre, syndic adjoint, OAGQ &nbsp; Dans cette deuxi\u00e8me s\u00e9rie de vid\u00e9oconf\u00e9rences, les sujets suivants seront abord\u00e9s\u00a0: L\u2019enqu\u00eate du syndic Le processus disciplinaire Le Code de d\u00e9ontologie des arpenteurs-g\u00e9om\u00e8tres Comportements fautifs et \u00e0 \u00e9viter Simulation d\u2019une entrevue avec un client (r\u00e9f\u00e9rence aux articles 3.02.03, 3.02.04, [&hellip;]<\/p>\n","protected":false},"featured_media":0,"comment_status":"open","ping_status":"closed","template":"","meta":[],"product_brand":[],"product_tag":[],"class_list":{"0":"post-10000429","1":"product","2":"type-product","3":"status-publish","5":"product_cat-legal-oagq","6":"product_cat-oagq","8":"first","9":"instock","10":"virtual","11":"sold-individually","12":"taxable","13":"purchasable","14":"product-type-simple"},"_links":{"self":[{"href":"https:\/\/geoed.ca\/fr\/wp-json\/wp\/v2\/product\/10000429","targetHints":{"allow":["GET"]}}],"collection":[{"href":"https:\/\/geoed.ca\/fr\/wp-json\/wp\/v2\/product"}],"about":[{"href":"https:\/\/geoed.ca\/fr\/wp-json\/wp\/v2\/types\/product"}],"replies":[{"embeddable":true,"href":"https:\/\/geoed.ca\/fr\/wp-json\/wp\/v2\/comments?post=10000429"}],"wp:attachment":[{"href":"https:\/\/geoed.ca\/fr\/wp-json\/wp\/v2\/media?parent=10000429"}],"wp:term":[{"taxonomy":"product_brand","embeddable":true,"href":"https:\/\/geoed.ca\/fr\/wp-json\/wp\/v2\/product_brand?post=10000429"},{"taxonomy":"product_tag","embeddable":true,"href":"https:\/\/geoed.ca\/fr\/wp-json\/wp\/v2\/product_tag?post=10000429"}],"curies":[{"name":"wp","href":"https:\/\/api.w.org\/{rel}","templated":true}]}}