{"id":10000441,"date":"2016-05-11T16:10:23","date_gmt":"2016-05-11T20:10:23","guid":{"rendered":"http:\/\/www.geoed.ca\/\/?post_type=product&#038;p=10000441"},"modified":"-0001-11-30T00:00:00","modified_gmt":"-0001-11-30T04:00:00","slug":"deontologie-ethique-et-pratique-professionnelle-de-larpenteur-geometre-cadre-legislatif-et-normatif-de-la-profession-partie-3-de-3-product","status":"publish","type":"product","link":"https:\/\/geoed.ca\/fr\/produit\/deontologie-ethique-et-pratique-professionnelle-de-larpenteur-geometre-cadre-legislatif-et-normatif-de-la-profession-partie-3-de-3-product\/","title":{"rendered":"D\u00e9ontologie, \u00e9thique et pratique professionnelle de l\u2019arpenteur-g\u00e9om\u00e8tre : Cadre l\u00e9gislatif et normatif de la profession PARTIE 3 de 3"},"content":{"rendered":"<p>(2016 \u2013 2\u00a0\u00bd \u00a0heures)<\/p>\n<p>Formatrice\u00a0:<\/p>\n<p>Anik Fortin-Doyon, avocate, OAGQ<\/p>\n<p>Steve Cloutier, arpenteur-g\u00e9om\u00e8tre, Inspecteur\/enqu\u00eateur, OAGQ<\/p>\n<p>&nbsp;<\/p>\n<p>Dans cette troisi\u00e8me s\u00e9rie de vid\u00e9oconf\u00e9rences, les sujets suivants seront abord\u00e9s\u00a0:<\/p>\n<ul>\n<li>Le Comit\u00e9 d\u2019inspection professionnelle (CIP)\u00a0: r\u00f4le, fonctionnement, pouvoirs<\/li>\n<li>La Loi sur les arpenteurs-g\u00e9om\u00e8tres<\/li>\n<li>Les obligations en mati\u00e8re de greffe et de tenue d\u2019une \u00e9tude<\/li>\n<li>Le greffe num\u00e9rique, la signature num\u00e9rique<\/li>\n<li>Le r\u00e8glement sur la norme de pratique relative au contrat de localisation<\/li>\n<li>Le r\u00e8glement sur la norme de pratique relative au piquetage et \u00e0 l\u2019implantation<\/li>\n<li>Cas pratiques et exercices pr\u00e9paratoires \u00e0 l\u2019examen<\/li>\n<\/ul>\n<p><em>Note\u00a0: La formation est pr\u00e9paratoire \u00e0 l\u2019examen d\u2019admission \u00e0 l\u2019OAGQ<\/em><\/p>\n","protected":false},"excerpt":{"rendered":"<p>(2016 \u2013 2\u00a0\u00bd \u00a0heures) Formatrice\u00a0: Anik Fortin-Doyon, avocate, OAGQ Steve Cloutier, arpenteur-g\u00e9om\u00e8tre, Inspecteur\/enqu\u00eateur, OAGQ &nbsp; Dans cette troisi\u00e8me s\u00e9rie de vid\u00e9oconf\u00e9rences, les sujets suivants seront abord\u00e9s\u00a0: Le Comit\u00e9 d\u2019inspection professionnelle (CIP)\u00a0: r\u00f4le, fonctionnement, pouvoirs La Loi sur les arpenteurs-g\u00e9om\u00e8tres Les obligations en mati\u00e8re de greffe et de tenue d\u2019une \u00e9tude Le greffe num\u00e9rique, la signature [&hellip;]<\/p>\n","protected":false},"featured_media":0,"comment_status":"open","ping_status":"closed","template":"","meta":[],"product_brand":[],"product_tag":[],"class_list":{"0":"post-10000441","1":"product","2":"type-product","3":"status-publish","5":"product_cat-legal-oagq","6":"product_cat-oagq","8":"first","9":"instock","10":"virtual","11":"sold-individually","12":"taxable","13":"purchasable","14":"product-type-simple"},"_links":{"self":[{"href":"https:\/\/geoed.ca\/fr\/wp-json\/wp\/v2\/product\/10000441","targetHints":{"allow":["GET"]}}],"collection":[{"href":"https:\/\/geoed.ca\/fr\/wp-json\/wp\/v2\/product"}],"about":[{"href":"https:\/\/geoed.ca\/fr\/wp-json\/wp\/v2\/types\/product"}],"replies":[{"embeddable":true,"href":"https:\/\/geoed.ca\/fr\/wp-json\/wp\/v2\/comments?post=10000441"}],"wp:attachment":[{"href":"https:\/\/geoed.ca\/fr\/wp-json\/wp\/v2\/media?parent=10000441"}],"wp:term":[{"taxonomy":"product_brand","embeddable":true,"href":"https:\/\/geoed.ca\/fr\/wp-json\/wp\/v2\/product_brand?post=10000441"},{"taxonomy":"product_tag","embeddable":true,"href":"https:\/\/geoed.ca\/fr\/wp-json\/wp\/v2\/product_tag?post=10000441"}],"curies":[{"name":"wp","href":"https:\/\/api.w.org\/{rel}","templated":true}]}}