{"id":10000802,"date":"2016-10-28T10:05:17","date_gmt":"2016-10-28T14:05:17","guid":{"rendered":"http:\/\/www.geoed.ca\/\/?post_type=product&#038;p=10000802"},"modified":"-0001-11-30T00:00:00","modified_gmt":"-0001-11-30T04:00:00","slug":"webinaire-sur-les-signatures-numeriques-product","status":"publish","type":"product","link":"https:\/\/geoed.ca\/fr\/produit\/webinaire-sur-les-signatures-numeriques-product\/","title":{"rendered":"Webinaire sur les signatures num\u00e9riques"},"content":{"rendered":"<p>Le ministre de RNCan a approuv\u00e9 les amendements au r\u00e8glement de l\u2019AATC autorisant les signatures num\u00e9riques qui permettront le d\u00e9p\u00f4t \u00e9lectronique des documents d\\&rsquo;arpentage via MonSATC. Ce n\u2019est pas encore officiel car les amendements doivent \u00eatre publi\u00e9s dans la Gazette du Canada.<\/p>\n<p>&nbsp;<\/p>\n<p>En pr\u00e9paration pour aller de l\\&rsquo;avant avec le d\u00e9p\u00f4t \u00e9lectronique, la DAG et l\u2019AATC pr\u00e9sent\u00e9 un webinaire le mardi 25 octobre \u00e0 13h00 HAE sur l\\&rsquo;obtention, la mise en place et l\\&rsquo;utilisation de la signature num\u00e9rique n\u00e9cessaire pour les documents d\u2019arpentage ATC.<\/p>\n","protected":false},"excerpt":{"rendered":"<p>Le ministre de RNCan a approuv\u00e9 les amendements au r\u00e8glement de l\u2019AATC autorisant les signatures num\u00e9riques qui permettront le d\u00e9p\u00f4t \u00e9lectronique des documents d\\&rsquo;arpentage via MonSATC. Ce n\u2019est pas encore officiel car les amendements doivent \u00eatre publi\u00e9s dans la Gazette du Canada. &nbsp; En pr\u00e9paration pour aller de l\\&rsquo;avant avec le d\u00e9p\u00f4t \u00e9lectronique, la DAG [&hellip;]<\/p>\n","protected":false},"featured_media":0,"comment_status":"open","ping_status":"closed","template":"","meta":[],"product_brand":[],"product_tag":[],"class_list":{"0":"post-10000802","1":"product","2":"type-product","3":"status-publish","5":"product_cat-acls-fr","6":"product_cat-professionnel-fr","8":"first","9":"instock","10":"virtual","11":"sold-individually","12":"taxable","13":"purchasable","14":"product-type-simple"},"_links":{"self":[{"href":"https:\/\/geoed.ca\/fr\/wp-json\/wp\/v2\/product\/10000802","targetHints":{"allow":["GET"]}}],"collection":[{"href":"https:\/\/geoed.ca\/fr\/wp-json\/wp\/v2\/product"}],"about":[{"href":"https:\/\/geoed.ca\/fr\/wp-json\/wp\/v2\/types\/product"}],"replies":[{"embeddable":true,"href":"https:\/\/geoed.ca\/fr\/wp-json\/wp\/v2\/comments?post=10000802"}],"wp:attachment":[{"href":"https:\/\/geoed.ca\/fr\/wp-json\/wp\/v2\/media?parent=10000802"}],"wp:term":[{"taxonomy":"product_brand","embeddable":true,"href":"https:\/\/geoed.ca\/fr\/wp-json\/wp\/v2\/product_brand?post=10000802"},{"taxonomy":"product_tag","embeddable":true,"href":"https:\/\/geoed.ca\/fr\/wp-json\/wp\/v2\/product_tag?post=10000802"}],"curies":[{"name":"wp","href":"https:\/\/api.w.org\/{rel}","templated":true}]}}