{"id":10002112,"date":"2018-10-24T10:44:15","date_gmt":"2018-10-24T14:44:15","guid":{"rendered":"https:\/\/www.geoed.ca\/\/?post_type=product&#038;p=10002112"},"modified":"2020-01-03T12:25:12","modified_gmt":"2020-01-03T17:25:12","slug":"limites-et-frontieres-marines-du-droit-de-la-mer-selon-unclos-product","status":"publish","type":"product","link":"https:\/\/geoed.ca\/fr\/produit\/limites-et-frontieres-marines-du-droit-de-la-mer-selon-unclos-product\/","title":{"rendered":"Module 1: Limites et fronti\u00e8res marines du droit de la mer selon UNCLOS"},"content":{"rendered":"<h3><strong><u>Droit de la mer<\/u><\/strong><\/h3>\n<p><strong><u>Dur\u00e9e:<\/u><\/strong>\u00a01 heure (1 heure WebEx)<\/p>\n<p><strong><u>Description: <\/u><\/strong><\/p>\n<p>Ce module constitue une introduction aux limites et fronti\u00e8res maritimes c\u00f4ti\u00e8res et hauturi\u00e8res et examine comment elles s\u2019int\u00e8grent dans le droit de la mer.<\/p>\n<p><strong><u>Sujets couverts<\/u> :<\/strong><\/p>\n<ul>\n<li>Pourquoi avons-nous besoin de ces lev\u00e9s?<\/li>\n<li>Introduction aux laisses de basse mer, lignes de base droite, lignes de fermeture des baies et rivi\u00e8res, lignes de fermeture de p\u00eaches, eaux historiques.<\/li>\n<li>Introduction et survol des eaux int\u00e9rieures, eaux territoriales, zone contigu\u00eb, Z\u00c9E, haute-mer, \u00ab la Zone \u00bb.<\/li>\n<\/ul>\n<p><strong><u>Comp\u00e9tences acquises \u00e0 l\u2019issue du cours: <\/u><\/strong><\/p>\n<ul>\n<li>Capacit\u00e9 de nommer et de d\u00e9crire les caract\u00e9ristiques juridiques et g\u00e9ographiques des limites maritimes telles qu\u2019indiqu\u00e9es sur les cartes de navigation du SHC.<\/li>\n<li>Capacit\u00e9 d\u2019identifier les entit\u00e9s g\u00e9ologiques et cartographiques qui forment des limites maritimes.<\/li>\n<li>Capacit\u00e9 d\u2019identifier les zones dont la couverture cartographique actuelle est insuffisante et quels nouveaux lev\u00e9s devraient \u00eatre recommand\u00e9s.<\/li>\n<li>Comprendre la relation entre les lignes de formules et de contraintes dans l\u2019extension de la plateforme continentale au-del\u00e0 des 200 milles marins.<\/li>\n<\/ul>\n<p><strong><u>Pr\u00e9alables: <\/u><\/strong><\/p>\n<p>Avoir pass\u00e9 avec succ\u00e8s le Cours sur la Transformation de Donn\u00e9es du SHC ou avoir une exp\u00e9rience acad\u00e9mique (sciences) et de terrain en g\u00e9od\u00e9sie, niveaux d&rsquo;eau, principes g\u00e9n\u00e9raux de cartographie marine, int\u00e9gration et compilation cartographique. Ces pr\u00e9alables sont aussi couverts par le Cours d\u2019Acquisition de Donn\u00e9es du SHC.<\/p>\n<p><strong><u>Instructeur:<\/u><\/strong> Serge L\u00e9vesque<\/p>\n<p>&nbsp;<\/p>\n<p><strong>Bio de Serge L\u00e9vesque<\/strong><\/p>\n<p>(Fran\u00e7ais \u00e0 la suite)<\/p>\n<p>Serge L\u00e9vesque is a Technical Advisor in Geomatics with the Canadian Hydrographic Service in Ottawa. He is part of the team responsible for the Canadian maritime limits and boundary data as well as for nautical geodesy and provides expert advice in these fields. He holds a B.Sc. in Geological Engineering from Laval University, Qu\u00e9bec and a M.Sc. in Oceanography from Dalhousie University, Halifax, Nova Scotia. As a consultant, Serge worked for the Geological Survey of Canada on geophysical data compilations of the North Atlantic and Arctic Oceans. Mr L\u00e9vesque was Research Associate at the Atlantic Centre for Remote Sensing of the Oceans from 1993 to 1995. He worked in the private sector on remote sensing airborne surveys and as a geophysicist in the offshore before joining CARIS in 1999. Between 1999 and 2011, he was a CARIS trainer and technical consultant for bathymetric processing and nautical charting. He represents Canada on the GEBCO Sub-Committee for Regional Undersea Mapping (SCRUM).<\/p>\n<p>Serge L\u00e9vesque est conseiller technique en g\u00e9omatique au Service hydrographique du Canada \u00e0 Ottawa. Il fait partie de l&rsquo;\u00e9quipe responsable des limites maritimes canadiennes et des donn\u00e9es sur les limites, ainsi que de la g\u00e9od\u00e9sie hydrographique, et fournit des conseils d&rsquo;experts dans ces domaines. Il est titulaire d&rsquo;un B.Sc. en g\u00e9nie g\u00e9ologique de l\u2019Universit\u00e9 Laval (Qu\u00e9bec) et d\u2019une ma\u00eetrise en sciences en oc\u00e9anographie de l\u2019Universit\u00e9 Dalhousie, Halifax, Nouvelle-\u00c9cosse. En tant que consultant, Serge a travaill\u00e9 pour la Commission g\u00e9ologique du Canada sur la compilation de donn\u00e9es g\u00e9ophysiques sur les oc\u00e9ans Atlantique Nord et Arctique. M. L\u00e9vesque a \u00e9t\u00e9 chercheur associ\u00e9 au Centre de t\u00e9l\u00e9d\u00e9tection des oc\u00e9ans de l&rsquo;Atlantique de 1993 \u00e0 1995. Il a travaill\u00e9 dans le secteur priv\u00e9 sur les lev\u00e9s a\u00e9roport\u00e9s de t\u00e9l\u00e9d\u00e9tection et en tant que g\u00e9ophysicien dans l\u2019\u00a0\u00ab\u00a0offshore\u00a0\u00bb avant de rejoindre la compagnie CARIS en 1999. Entre 1999 et 2011, il a \u00e9tait formateur et consultant technique pour CARIS sur le traitement bathym\u00e9trique et la production de cartes de navigation. Il repr\u00e9sente le Canada au sein du sous-comit\u00e9 de la GEBCO pour la cartographie sous-marine r\u00e9gionale (SCRUM).<\/p>\n<p>&nbsp;<\/p>\n<p>&nbsp;<\/p>\n<p>&nbsp;<\/p>\n<p>&nbsp;<\/p>\n","protected":false},"excerpt":{"rendered":"<p>Droit de la mer Dur\u00e9e:\u00a01 heure (1 heure WebEx) Description: Ce module constitue une introduction aux limites et fronti\u00e8res maritimes c\u00f4ti\u00e8res et hauturi\u00e8res et examine comment elles s\u2019int\u00e8grent dans le droit de la mer. Sujets couverts : Pourquoi avons-nous besoin de ces lev\u00e9s? Introduction aux laisses de basse mer, lignes de base droite, lignes de [&hellip;]<\/p>\n","protected":false},"featured_media":0,"comment_status":"open","ping_status":"closed","template":"","meta":[],"product_brand":[],"product_tag":[],"class_list":{"0":"post-10002112","1":"product","2":"type-product","3":"status-publish","5":"product_cat-acls-fr","6":"product_cat-candidat-fr","8":"first","9":"instock","10":"virtual","11":"sold-individually","12":"taxable","13":"purchasable","14":"product-type-simple"},"_links":{"self":[{"href":"https:\/\/geoed.ca\/fr\/wp-json\/wp\/v2\/product\/10002112","targetHints":{"allow":["GET"]}}],"collection":[{"href":"https:\/\/geoed.ca\/fr\/wp-json\/wp\/v2\/product"}],"about":[{"href":"https:\/\/geoed.ca\/fr\/wp-json\/wp\/v2\/types\/product"}],"replies":[{"embeddable":true,"href":"https:\/\/geoed.ca\/fr\/wp-json\/wp\/v2\/comments?post=10002112"}],"wp:attachment":[{"href":"https:\/\/geoed.ca\/fr\/wp-json\/wp\/v2\/media?parent=10002112"}],"wp:term":[{"taxonomy":"product_brand","embeddable":true,"href":"https:\/\/geoed.ca\/fr\/wp-json\/wp\/v2\/product_brand?post=10002112"},{"taxonomy":"product_tag","embeddable":true,"href":"https:\/\/geoed.ca\/fr\/wp-json\/wp\/v2\/product_tag?post=10002112"}],"curies":[{"name":"wp","href":"https:\/\/api.w.org\/{rel}","templated":true}]}}