{"id":10002183,"date":"2018-11-08T08:16:35","date_gmt":"2018-11-08T13:16:35","guid":{"rendered":"https:\/\/www.geoed.ca\/\/?post_type=product&#038;p=10002183"},"modified":"2023-02-13T08:55:49","modified_gmt":"2023-02-13T13:55:49","slug":"module-5-6-et-7-notes-darpentage-rapport-limites-naturelles-et-materialisation-differee-product","status":"publish","type":"product","link":"https:\/\/geoed.ca\/fr\/produit\/module-5-6-et-7-notes-darpentage-rapport-limites-naturelles-et-materialisation-differee-product\/","title":{"rendered":"Module 5, 6 et 7 : notes d\u2019arpentage, rapport, limites naturelles et mat\u00e9rialisation diff\u00e9r\u00e9e"},"content":{"rendered":"<div id=\"tw-target-text-container\" class=\"gsrt tw-ta-container tw-nfl\">\n<pre id=\"tw-target-text\" class=\"tw-data-text tw-ta tw-text-large\"><span lang=\"fr\">Pr\u00e9sentateur: Sylvain leli\u00e8vre\r\n\r\nCliquez ici pour les <a href=\"https:\/\/www.geoed.ca\/wp-content\/uploads\/2018\/11\/5-7-Normes-nationales-Notes-darpentage-rapport-limites-naturelles-mon-differee-1.pptx\">pr\u00e9sentation<\/a>\r\n\r\n\r\n<\/span><\/pre>\n<div style=\"width: 1920px;\" class=\"wp-video\"><!--[if lt IE 9]><script>document.createElement('video');<\/script><![endif]-->\n<video class=\"wp-video-shortcode\" id=\"video-10002183-1\" width=\"1920\" height=\"1080\" preload=\"metadata\" controls=\"controls\"><source type=\"video\/mp4\" src=\"https:\/\/www.geoed.ca\/wp-content\/uploads\/2018\/11\/Webinaire-de-Sylvain-201811061659.mp4?_=1\" \/><a href=\"https:\/\/www.geoed.ca\/wp-content\/uploads\/2018\/11\/Webinaire-de-Sylvain-201811061659.mp4\">https:\/\/www.geoed.ca\/wp-content\/uploads\/2018\/11\/Webinaire-de-Sylvain-201811061659.mp4<\/a><\/video><\/div>\n<\/div>\n","protected":false},"excerpt":{"rendered":"<p>Pr\u00e9sentateur: Sylvain leli\u00e8vre Cliquez ici pour les pr\u00e9sentation<\/p>\n","protected":false},"featured_media":0,"comment_status":"open","ping_status":"closed","template":"","meta":[],"product_brand":[],"product_tag":[],"class_list":{"0":"post-10002183","1":"product","2":"type-product","3":"status-publish","5":"product_cat-acls-fr","6":"product_cat-candidat","8":"first","9":"instock","10":"virtual","11":"sold-individually","12":"taxable","13":"purchasable","14":"product-type-simple"},"_links":{"self":[{"href":"https:\/\/geoed.ca\/fr\/wp-json\/wp\/v2\/product\/10002183","targetHints":{"allow":["GET"]}}],"collection":[{"href":"https:\/\/geoed.ca\/fr\/wp-json\/wp\/v2\/product"}],"about":[{"href":"https:\/\/geoed.ca\/fr\/wp-json\/wp\/v2\/types\/product"}],"replies":[{"embeddable":true,"href":"https:\/\/geoed.ca\/fr\/wp-json\/wp\/v2\/comments?post=10002183"}],"wp:attachment":[{"href":"https:\/\/geoed.ca\/fr\/wp-json\/wp\/v2\/media?parent=10002183"}],"wp:term":[{"taxonomy":"product_brand","embeddable":true,"href":"https:\/\/geoed.ca\/fr\/wp-json\/wp\/v2\/product_brand?post=10002183"},{"taxonomy":"product_tag","embeddable":true,"href":"https:\/\/geoed.ca\/fr\/wp-json\/wp\/v2\/product_tag?post=10002183"}],"curies":[{"name":"wp","href":"https:\/\/api.w.org\/{rel}","templated":true}]}}