{"id":10002328,"date":"2018-12-14T10:46:08","date_gmt":"2018-12-14T15:46:08","guid":{"rendered":"https:\/\/www.geoed.ca\/\/?post_type=product&#038;p=10002328"},"modified":"2020-01-03T13:31:58","modified_gmt":"2020-01-03T18:31:58","slug":"droit-de-la-mer-le-plateau-continental-product","status":"publish","type":"product","link":"https:\/\/geoed.ca\/fr\/produit\/droit-de-la-mer-le-plateau-continental-product\/","title":{"rendered":"Module 2: Droit de la mer: prolongement du plateau continental au-del\u00e0 du 200 M selon l\u2019Article 76 de UNCLOS"},"content":{"rendered":"<p>Ce module parle de l\u2019extension de la plateforme continentale en accord avec l\u2019article 76 de la Convention des Nations Unies sur le Droit de la Mer (UNCLOS). On passe en revue les composantes g\u00e9ologiques et juridiques de ces limites et fronti\u00e8res, la fa\u00e7on de les calculer, leur cartographie et les divers lev\u00e9s qui ont \u00e9t\u00e9 ou qui peuvent \u00eatre effectu\u00e9s dans le cadre de la Convention des Nations Unies sur le Droit de la Mer.<\/p>\n<p><strong><u>Sujets couverts<\/u>\u00a0<\/strong>:<\/p>\n<ul>\n<li>Introduction aux composantes du plateau continental g\u00e9ologique et juridique (glacis, pied du talus, talus continental, plateau, marge continentale, plaine abyssale).<\/li>\n<li>D\u00e9tails des \u00ab formules \u00bb.<\/li>\n<\/ul>\n<ol>\n<li>Pied du talus + 60 NM.<\/li>\n<li>\u00c9paisseur s\u00e9dimentaire \u00e0 1%.<\/li>\n<\/ol>\n<ul>\n<li>D\u00e9tails des \u00ab contraintes \u00bb<\/li>\n<\/ul>\n<ol>\n<li>350 NM<\/li>\n<li>2 500 m + 100 NM<\/li>\n<\/ol>\n<ul>\n<li>Travaux de lev\u00e9s requis : cartographie ad\u00e9quate des laisses de basse mer\/lignes de base (ceci inclue les rochers et les rochers \u00e0 fleur d\u2019eau, les \u00eeles, les hauts-fonds d\u00e9couvrants, l\u2019isobathe de 2 500 m, le pied du talus,l\u2019 \u00e9paisseur de la couche s\u00e9dimentaire.).<\/li>\n<\/ul>\n<p>&nbsp;<\/p>\n<p>&nbsp;<\/p>\n<p>&nbsp;<\/p>\n","protected":false},"excerpt":{"rendered":"<p>Ce module parle de l\u2019extension de la plateforme continentale en accord avec l\u2019article 76 de la Convention des Nations Unies sur le Droit de la Mer (UNCLOS). On passe en revue les composantes g\u00e9ologiques et juridiques de ces limites et fronti\u00e8res, la fa\u00e7on de les calculer, leur cartographie et les divers lev\u00e9s qui ont \u00e9t\u00e9 [&hellip;]<\/p>\n","protected":false},"featured_media":0,"comment_status":"open","ping_status":"closed","template":"","meta":[],"product_brand":[],"product_tag":[],"class_list":{"0":"post-10002328","1":"product","2":"type-product","3":"status-publish","5":"product_cat-acls-fr","6":"product_cat-candidat-fr","8":"first","9":"instock","10":"virtual","11":"sold-individually","12":"taxable","13":"purchasable","14":"product-type-simple"},"_links":{"self":[{"href":"https:\/\/geoed.ca\/fr\/wp-json\/wp\/v2\/product\/10002328","targetHints":{"allow":["GET"]}}],"collection":[{"href":"https:\/\/geoed.ca\/fr\/wp-json\/wp\/v2\/product"}],"about":[{"href":"https:\/\/geoed.ca\/fr\/wp-json\/wp\/v2\/types\/product"}],"replies":[{"embeddable":true,"href":"https:\/\/geoed.ca\/fr\/wp-json\/wp\/v2\/comments?post=10002328"}],"wp:attachment":[{"href":"https:\/\/geoed.ca\/fr\/wp-json\/wp\/v2\/media?parent=10002328"}],"wp:term":[{"taxonomy":"product_brand","embeddable":true,"href":"https:\/\/geoed.ca\/fr\/wp-json\/wp\/v2\/product_brand?post=10002328"},{"taxonomy":"product_tag","embeddable":true,"href":"https:\/\/geoed.ca\/fr\/wp-json\/wp\/v2\/product_tag?post=10002328"}],"curies":[{"name":"wp","href":"https:\/\/api.w.org\/{rel}","templated":true}]}}