{"id":10002798,"date":"2019-02-12T13:56:11","date_gmt":"2019-02-12T18:56:11","guid":{"rendered":"https:\/\/www.geoed.ca\/\/?post_type=product&#038;p=10002798"},"modified":"-0001-11-30T00:00:00","modified_gmt":"-0001-11-30T04:00:00","slug":"module-14-normes-nationales-pour-larpentage-des-terres-du-canada-arpentage-dans-les-reserves-des-premieres-nations-product","status":"publish","type":"product","link":"https:\/\/geoed.ca\/fr\/produit\/module-14-normes-nationales-pour-larpentage-des-terres-du-canada-arpentage-dans-les-reserves-des-premieres-nations-product\/","title":{"rendered":"Module 14: Normes nationales pour l\u2019arpentage des terres du Canada- Arpentage dans les r\u00e9serves des premi\u00e8res nations"},"content":{"rendered":"<p>r\u00e9senter: \u00c9ric Groulx, a.t.C., a.-g. de la Direction de l\u2019arpenteur g\u00e9n\u00e9ral.<\/p>\n<p>Le webinaire co\u00fbte $25 plus taxes. Cette session sera film\u00e9e et mise \u00e0 disposition sur GeoEd \u00e0 une date ult\u00e9rieure. Le cours est ouvert aux non-candidats aussi (bon pour les points de PPC).<\/p>\n","protected":false},"excerpt":{"rendered":"<p>r\u00e9senter: \u00c9ric Groulx, a.t.C., a.-g. de la Direction de l\u2019arpenteur g\u00e9n\u00e9ral. Le webinaire co\u00fbte $25 plus taxes. Cette session sera film\u00e9e et mise \u00e0 disposition sur GeoEd \u00e0 une date ult\u00e9rieure. Le cours est ouvert aux non-candidats aussi (bon pour les points de PPC).<\/p>\n","protected":false},"featured_media":0,"comment_status":"open","ping_status":"closed","template":"","meta":[],"product_brand":[],"product_tag":[],"class_list":{"0":"post-10002798","1":"product","2":"type-product","3":"status-publish","5":"product_cat-acls-fr","6":"product_cat-candidat","8":"first","9":"instock","10":"virtual","11":"sold-individually","12":"taxable","13":"purchasable","14":"product-type-simple"},"_links":{"self":[{"href":"https:\/\/geoed.ca\/fr\/wp-json\/wp\/v2\/product\/10002798","targetHints":{"allow":["GET"]}}],"collection":[{"href":"https:\/\/geoed.ca\/fr\/wp-json\/wp\/v2\/product"}],"about":[{"href":"https:\/\/geoed.ca\/fr\/wp-json\/wp\/v2\/types\/product"}],"replies":[{"embeddable":true,"href":"https:\/\/geoed.ca\/fr\/wp-json\/wp\/v2\/comments?post=10002798"}],"wp:attachment":[{"href":"https:\/\/geoed.ca\/fr\/wp-json\/wp\/v2\/media?parent=10002798"}],"wp:term":[{"taxonomy":"product_brand","embeddable":true,"href":"https:\/\/geoed.ca\/fr\/wp-json\/wp\/v2\/product_brand?post=10002798"},{"taxonomy":"product_tag","embeddable":true,"href":"https:\/\/geoed.ca\/fr\/wp-json\/wp\/v2\/product_tag?post=10002798"}],"curies":[{"name":"wp","href":"https:\/\/api.w.org\/{rel}","templated":true}]}}