{"id":10002862,"date":"2019-02-27T11:53:23","date_gmt":"2019-02-27T16:53:23","guid":{"rendered":"https:\/\/www.geoed.ca\/\/?post_type=product&#038;p=10002862"},"modified":"-0001-11-30T00:00:00","modified_gmt":"-0001-11-30T04:00:00","slug":"module-15-normes-nationales-pour-larpentage-des-terres-du-canada-arpentage-dans-les-parcs-nationaux-product","status":"publish","type":"product","link":"https:\/\/geoed.ca\/fr\/produit\/module-15-normes-nationales-pour-larpentage-des-terres-du-canada-arpentage-dans-les-parcs-nationaux-product\/","title":{"rendered":"Module 15: Normes nationales pour l\u2019arpentage des terres du Canada- Arpentage dans les parcs nationaux"},"content":{"rendered":"<p class=\"subtitle\"><strong>Description<\/strong><\/p>\n<p id=\"trainingDesc\" class=\"trainingDescriptionStyle flush-bottom\">Pr\u00e9senter: \u00c9ric Groulx, a.t.C., a.-g. de la Direction de l\u2019arpenteur<\/p>\n<p>Le webinaire co\u00fbte $25 plus taxes. Cette session sera film\u00e9e et mise \u00e0 disposition sur GeoEd \u00e0 une date ult\u00e9rieure. Le cours est ouvert aux non-candidats aussi (bon pour les points de PPC).<\/p>\n","protected":false},"excerpt":{"rendered":"<p>Description Pr\u00e9senter: \u00c9ric Groulx, a.t.C., a.-g. de la Direction de l\u2019arpenteur Le webinaire co\u00fbte $25 plus taxes. Cette session sera film\u00e9e et mise \u00e0 disposition sur GeoEd \u00e0 une date ult\u00e9rieure. Le cours est ouvert aux non-candidats aussi (bon pour les points de PPC).<\/p>\n","protected":false},"featured_media":0,"comment_status":"open","ping_status":"closed","template":"","meta":[],"product_brand":[],"product_tag":[],"class_list":{"0":"post-10002862","1":"product","2":"type-product","3":"status-publish","5":"product_cat-acls-fr","6":"product_cat-candidat","8":"first","9":"instock","10":"virtual","11":"sold-individually","12":"taxable","13":"purchasable","14":"product-type-simple"},"_links":{"self":[{"href":"https:\/\/geoed.ca\/fr\/wp-json\/wp\/v2\/product\/10002862","targetHints":{"allow":["GET"]}}],"collection":[{"href":"https:\/\/geoed.ca\/fr\/wp-json\/wp\/v2\/product"}],"about":[{"href":"https:\/\/geoed.ca\/fr\/wp-json\/wp\/v2\/types\/product"}],"replies":[{"embeddable":true,"href":"https:\/\/geoed.ca\/fr\/wp-json\/wp\/v2\/comments?post=10002862"}],"wp:attachment":[{"href":"https:\/\/geoed.ca\/fr\/wp-json\/wp\/v2\/media?parent=10002862"}],"wp:term":[{"taxonomy":"product_brand","embeddable":true,"href":"https:\/\/geoed.ca\/fr\/wp-json\/wp\/v2\/product_brand?post=10002862"},{"taxonomy":"product_tag","embeddable":true,"href":"https:\/\/geoed.ca\/fr\/wp-json\/wp\/v2\/product_tag?post=10002862"}],"curies":[{"name":"wp","href":"https:\/\/api.w.org\/{rel}","templated":true}]}}