{"id":10002928,"date":"2019-03-26T08:40:54","date_gmt":"2019-03-26T12:40:54","guid":{"rendered":"https:\/\/www.geoed.ca\/\/?post_type=product&#038;p=10002928"},"modified":"-0001-11-30T00:00:00","modified_gmt":"-0001-11-30T04:00:00","slug":"arpentage-au-yukon-product","status":"publish","type":"product","link":"https:\/\/geoed.ca\/fr\/produit\/arpentage-au-yukon-product\/","title":{"rendered":"Arpentage au Yukon"},"content":{"rendered":"<p>Dans le but de constituer un kit de mat\u00e9riel didactique pour nos candidats ce module intitul\u00e9 : \u00ab Arpentage au Yukon \u00bb a \u00e9t\u00e9 pr\u00e9sent\u00e9 en fran\u00e7ais le 25 mars 2019 par Jacques D\u2019Auteuil, a.t.C.<\/p>\n","protected":false},"excerpt":{"rendered":"<p>Dans le but de constituer un kit de mat\u00e9riel didactique pour nos candidats ce module intitul\u00e9 : \u00ab Arpentage au Yukon \u00bb a \u00e9t\u00e9 pr\u00e9sent\u00e9 en fran\u00e7ais le 25 mars 2019 par Jacques D\u2019Auteuil, a.t.C.<\/p>\n","protected":false},"featured_media":0,"comment_status":"open","ping_status":"closed","template":"","meta":[],"product_brand":[],"product_tag":[],"class_list":{"0":"post-10002928","1":"product","2":"type-product","3":"status-publish","5":"product_cat-acls-fr","6":"product_cat-candidat","8":"first","9":"instock","10":"virtual","11":"sold-individually","12":"taxable","13":"purchasable","14":"product-type-simple"},"_links":{"self":[{"href":"https:\/\/geoed.ca\/fr\/wp-json\/wp\/v2\/product\/10002928","targetHints":{"allow":["GET"]}}],"collection":[{"href":"https:\/\/geoed.ca\/fr\/wp-json\/wp\/v2\/product"}],"about":[{"href":"https:\/\/geoed.ca\/fr\/wp-json\/wp\/v2\/types\/product"}],"replies":[{"embeddable":true,"href":"https:\/\/geoed.ca\/fr\/wp-json\/wp\/v2\/comments?post=10002928"}],"wp:attachment":[{"href":"https:\/\/geoed.ca\/fr\/wp-json\/wp\/v2\/media?parent=10002928"}],"wp:term":[{"taxonomy":"product_brand","embeddable":true,"href":"https:\/\/geoed.ca\/fr\/wp-json\/wp\/v2\/product_brand?post=10002928"},{"taxonomy":"product_tag","embeddable":true,"href":"https:\/\/geoed.ca\/fr\/wp-json\/wp\/v2\/product_tag?post=10002928"}],"curies":[{"name":"wp","href":"https:\/\/api.w.org\/{rel}","templated":true}]}}