{"id":10003062,"date":"2019-07-10T13:09:50","date_gmt":"2019-07-10T17:09:50","guid":{"rendered":"https:\/\/www.geoed.ca\/\/?post_type=product&#038;p=10003062"},"modified":"-0001-11-30T00:00:00","modified_gmt":"-0001-11-30T04:00:00","slug":"sujets-autochtones-product","status":"publish","type":"product","link":"https:\/\/geoed.ca\/fr\/produit\/sujets-autochtones-product\/","title":{"rendered":"Sujets autochtones"},"content":{"rendered":"<p>Ce webinaire donnera un aper\u00e7u de la documentation sur les sujets autochtones. Cela donnera aux candidats suffisamment de connaissances g\u00e9n\u00e9rales pour pouvoir approfondir les nombreuses diapositives qui suivent l\u2019aper\u00e7u. Toutes les informations pr\u00e9sent\u00e9es couvrent le mat\u00e9riel de l\\&rsquo;examen professionnel \u201cSujets autochtones\u201d (anciennement \u201cQuestions relatives aux politiques autochtones\u201d).<\/p>\n<p>Le pr\u00e9sentateur sera Jacques Desrochers, a.t.C. (ret.)<\/p>\n","protected":false},"excerpt":{"rendered":"<p>Ce webinaire donnera un aper\u00e7u de la documentation sur les sujets autochtones. Cela donnera aux candidats suffisamment de connaissances g\u00e9n\u00e9rales pour pouvoir approfondir les nombreuses diapositives qui suivent l\u2019aper\u00e7u. Toutes les informations pr\u00e9sent\u00e9es couvrent le mat\u00e9riel de l\\&rsquo;examen professionnel \u201cSujets autochtones\u201d (anciennement \u201cQuestions relatives aux politiques autochtones\u201d). Le pr\u00e9sentateur sera Jacques Desrochers, a.t.C. (ret.)<\/p>\n","protected":false},"featured_media":0,"comment_status":"open","ping_status":"closed","template":"","meta":[],"product_brand":[],"product_tag":[],"class_list":{"0":"post-10003062","1":"product","2":"type-product","3":"status-publish","5":"product_cat-acls-fr","6":"product_cat-candidat-autochtones","8":"first","9":"instock","10":"virtual","11":"sold-individually","12":"taxable","13":"purchasable","14":"product-type-simple"},"_links":{"self":[{"href":"https:\/\/geoed.ca\/fr\/wp-json\/wp\/v2\/product\/10003062","targetHints":{"allow":["GET"]}}],"collection":[{"href":"https:\/\/geoed.ca\/fr\/wp-json\/wp\/v2\/product"}],"about":[{"href":"https:\/\/geoed.ca\/fr\/wp-json\/wp\/v2\/types\/product"}],"replies":[{"embeddable":true,"href":"https:\/\/geoed.ca\/fr\/wp-json\/wp\/v2\/comments?post=10003062"}],"wp:attachment":[{"href":"https:\/\/geoed.ca\/fr\/wp-json\/wp\/v2\/media?parent=10003062"}],"wp:term":[{"taxonomy":"product_brand","embeddable":true,"href":"https:\/\/geoed.ca\/fr\/wp-json\/wp\/v2\/product_brand?post=10003062"},{"taxonomy":"product_tag","embeddable":true,"href":"https:\/\/geoed.ca\/fr\/wp-json\/wp\/v2\/product_tag?post=10003062"}],"curies":[{"name":"wp","href":"https:\/\/api.w.org\/{rel}","templated":true}]}}