{"id":10003416,"date":"2019-12-20T11:49:52","date_gmt":"2019-12-20T16:49:52","guid":{"rendered":"https:\/\/www.geoed.ca\/\/?post_type=product&#038;p=10003416"},"modified":"-0001-11-30T00:00:00","modified_gmt":"-0001-11-30T04:00:00","slug":"loi-sur-les-arpenteurs-des-terres-du-canada-reglement-sur-les-atc-et-administratif-et-le-manuel-de-pratique-product","status":"publish","type":"product","link":"https:\/\/geoed.ca\/fr\/produit\/loi-sur-les-arpenteurs-des-terres-du-canada-reglement-sur-les-atc-et-administratif-et-le-manuel-de-pratique-product\/","title":{"rendered":"Loi sur les arpenteurs des terres du Canada, r\u00e8glement sur les ATC et administratif et le manuel de pratique"},"content":{"rendered":"<p>Le directeur ex\u00e9cutif de l\u2019AATC, Jean-Claude T\u00e9treault pr\u00e9sente les articles et paragraphes importants de la Loi sur les arpenteurs des terres du Canada, r\u00e8glement sur les ATC et administratif et le manuel de pratique. Ce webinaire est destin\u00e9 aux candidates pour le brevet d\u2019arpenteur des terres du Canada<\/p>\n<p>CPD hours : 3<\/p>\n<div style=\"width: 1920px;\" class=\"wp-video\"><!--[if lt IE 9]><script>document.createElement('video');<\/script><![endif]-->\n<video class=\"wp-video-shortcode\" id=\"video-10003416-1\" width=\"1920\" height=\"1080\" preload=\"metadata\" controls=\"controls\"><source type=\"video\/mp4\" src=\"https:\/\/geo-lms-video.s3.us-west-1.amazonaws.com\/wp-content\/uploads\/2019\/12\/15144818\/Les-Lois-et-reglements-concernant-l-arpentage-des-terres-du-Canada-Module-2.mp4?_=1\" \/><a href=\"https:\/\/geo-lms-video.s3.us-west-1.amazonaws.com\/wp-content\/uploads\/2019\/12\/15144818\/Les-Lois-et-reglements-concernant-l-arpentage-des-terres-du-Canada-Module-2.mp4\">https:\/\/geo-lms-video.s3.us-west-1.amazonaws.com\/wp-content\/uploads\/2019\/12\/15144818\/Les-Lois-et-reglements-concernant-l-arpentage-des-terres-du-Canada-Module-2.mp4<\/a><\/video><\/div>\n<div style=\"width: 1920px;\" class=\"wp-video\"><video class=\"wp-video-shortcode\" id=\"video-10003416-2\" width=\"1920\" height=\"1080\" preload=\"metadata\" controls=\"controls\"><source type=\"video\/mp4\" src=\"https:\/\/geo-lms-video.s3.us-west-1.amazonaws.com\/wp-content\/uploads\/2019\/12\/15144818\/Les-Lois-et-reglements-concernant-l-arpentage-des-terres-du-Canada-Module-2.mp4?_=2\" \/><a href=\"https:\/\/geo-lms-video.s3.us-west-1.amazonaws.com\/wp-content\/uploads\/2019\/12\/15144818\/Les-Lois-et-reglements-concernant-l-arpentage-des-terres-du-Canada-Module-2.mp4\">https:\/\/geo-lms-video.s3.us-west-1.amazonaws.com\/wp-content\/uploads\/2019\/12\/15144818\/Les-Lois-et-reglements-concernant-l-arpentage-des-terres-du-Canada-Module-2.mp4<\/a><\/video><\/div>\n<div style=\"width: 960px;\" class=\"wp-video\"><video class=\"wp-video-shortcode\" id=\"video-10003416-3\" width=\"960\" height=\"540\" preload=\"metadata\" controls=\"controls\"><source type=\"video\/mp4\" src=\"https:\/\/geo-lms-video.s3.us-west-1.amazonaws.com\/wp-content\/uploads\/2019\/12\/15153045\/module-3-at-4.mp4?_=3\" \/><a href=\"https:\/\/geo-lms-video.s3.us-west-1.amazonaws.com\/wp-content\/uploads\/2019\/12\/15153045\/module-3-at-4.mp4\">https:\/\/geo-lms-video.s3.us-west-1.amazonaws.com\/wp-content\/uploads\/2019\/12\/15153045\/module-3-at-4.mp4<\/a><\/video><\/div>\n<p><a href=\"https:\/\/geo-lms-video.s3.us-west-1.amazonaws.com\/wp-content\/uploads\/2019\/12\/3-4-Normes-nationales-Chapitre-2-Plans.pptx\">3-4 Normes nationales- Chapitre 2 Plans<\/a><\/p>\n","protected":false},"excerpt":{"rendered":"<p>Le directeur ex\u00e9cutif de l\u2019AATC, Jean-Claude T\u00e9treault pr\u00e9sente les articles et paragraphes importants de la Loi sur les arpenteurs des terres du Canada, r\u00e8glement sur les ATC et administratif et le manuel de pratique. Ce webinaire est destin\u00e9 aux candidates pour le brevet d\u2019arpenteur des terres du Canada CPD hours : 3 3-4 Normes nationales- [&hellip;]<\/p>\n","protected":false},"featured_media":0,"comment_status":"open","ping_status":"closed","template":"","meta":[],"product_brand":[],"product_tag":[],"class_list":{"0":"post-10003416","1":"product","2":"type-product","3":"status-publish","5":"product_cat-acls-fr","6":"product_cat-candidat","8":"first","9":"instock","10":"virtual","11":"sold-individually","12":"taxable","13":"purchasable","14":"product-type-simple"},"_links":{"self":[{"href":"https:\/\/geoed.ca\/fr\/wp-json\/wp\/v2\/product\/10003416","targetHints":{"allow":["GET"]}}],"collection":[{"href":"https:\/\/geoed.ca\/fr\/wp-json\/wp\/v2\/product"}],"about":[{"href":"https:\/\/geoed.ca\/fr\/wp-json\/wp\/v2\/types\/product"}],"replies":[{"embeddable":true,"href":"https:\/\/geoed.ca\/fr\/wp-json\/wp\/v2\/comments?post=10003416"}],"wp:attachment":[{"href":"https:\/\/geoed.ca\/fr\/wp-json\/wp\/v2\/media?parent=10003416"}],"wp:term":[{"taxonomy":"product_brand","embeddable":true,"href":"https:\/\/geoed.ca\/fr\/wp-json\/wp\/v2\/product_brand?post=10003416"},{"taxonomy":"product_tag","embeddable":true,"href":"https:\/\/geoed.ca\/fr\/wp-json\/wp\/v2\/product_tag?post=10003416"}],"curies":[{"name":"wp","href":"https:\/\/api.w.org\/{rel}","templated":true}]}}