{"id":10004006,"date":"2020-05-28T09:06:25","date_gmt":"2020-05-28T13:06:25","guid":{"rendered":"https:\/\/www.geoed.ca\/\/?post_type=product&#038;p=10004006"},"modified":"-0001-11-30T00:00:00","modified_gmt":"-0001-11-30T04:00:00","slug":"defis-pour-les-arpenteurs-et-maintenance-des-normes-darpentage-product","status":"publish","type":"product","link":"https:\/\/geoed.ca\/fr\/produit\/defis-pour-les-arpenteurs-et-maintenance-des-normes-darpentage-product\/","title":{"rendered":"D\u00e9fis pour les arpenteurs et maintenance des normes d\u2019arpentage"},"content":{"rendered":"<p id=\"trainingDesc\" class=\"trainingDescriptionStyle flush-bottom\"><strong>Sylvain Lelievre<\/strong><br \/>\nLa pr\u00e9sentation d\u00e9crira quelques d\u00e9fis et enjeux pour les arpenteurs des terres du Canada qui produisent des plans d\u2019arpentage du point de vue de la direction de l\u2019arpenteur g\u00e9n\u00e9ral.<br \/>\nDe plus, on y pr\u00e9sentera un aper\u00e7u de la maintenance et de la mise \u00e0 jour des normes ainsi qu\u2019un aper\u00e7u des erreurs les plus fr\u00e9quentes.<\/p>\n<p>Sylvain\u00a0est impliqu\u00e9 depuis 25 ans dans le domaine de l\u2019arpentage l\u00e9gale\/cadastrale. Il poss\u00e8de un Bacc. en sciences, option arpentage de l\u2019Universit\u00e9 Laval et est arpenteur-g\u00e9om\u00e8tre du Qu\u00e9bec depuis 1989 ainsi qu\u2019arpenteur des terres du Canada depuis 2005.<\/p>\n<p>Il a commenc\u00e9 sa carri\u00e8re en pratique priv\u00e9 comme arpenteur-g\u00e9om\u00e8tre du Qu\u00e9bec et s\u2019est joint \u00e0 la direction de l\u2019Arpenteur g\u00e9n\u00e9ral du Canada en 2003 comme arpenteur-g\u00e9om\u00e8tre s\u00e9nior dans l\u2019unit\u00e9 des services cadastraux. Il est demeur\u00e9 dans ce m\u00eame groupe depuis ce temps et est maintenant depuis 2017 le gestionnaire du groupe R\u00e9glementations et normes d\u2019arpentage \u00e0 Ottawa.<\/p>\n<p>&nbsp;<\/p>\n<p>&nbsp;<\/p>\n","protected":false},"excerpt":{"rendered":"<p>Sylvain Lelievre La pr\u00e9sentation d\u00e9crira quelques d\u00e9fis et enjeux pour les arpenteurs des terres du Canada qui produisent des plans d\u2019arpentage du point de vue de la direction de l\u2019arpenteur g\u00e9n\u00e9ral. De plus, on y pr\u00e9sentera un aper\u00e7u de la maintenance et de la mise \u00e0 jour des normes ainsi qu\u2019un aper\u00e7u des erreurs les [&hellip;]<\/p>\n","protected":false},"featured_media":0,"comment_status":"open","ping_status":"closed","template":"","meta":[],"product_brand":[],"product_tag":[],"class_list":{"0":"post-10004006","1":"product","2":"type-product","3":"status-publish","5":"product_cat-professionnel-fr","7":"first","8":"instock","9":"virtual","10":"sold-individually","11":"taxable","12":"purchasable","13":"product-type-simple"},"_links":{"self":[{"href":"https:\/\/geoed.ca\/fr\/wp-json\/wp\/v2\/product\/10004006","targetHints":{"allow":["GET"]}}],"collection":[{"href":"https:\/\/geoed.ca\/fr\/wp-json\/wp\/v2\/product"}],"about":[{"href":"https:\/\/geoed.ca\/fr\/wp-json\/wp\/v2\/types\/product"}],"replies":[{"embeddable":true,"href":"https:\/\/geoed.ca\/fr\/wp-json\/wp\/v2\/comments?post=10004006"}],"wp:attachment":[{"href":"https:\/\/geoed.ca\/fr\/wp-json\/wp\/v2\/media?parent=10004006"}],"wp:term":[{"taxonomy":"product_brand","embeddable":true,"href":"https:\/\/geoed.ca\/fr\/wp-json\/wp\/v2\/product_brand?post=10004006"},{"taxonomy":"product_tag","embeddable":true,"href":"https:\/\/geoed.ca\/fr\/wp-json\/wp\/v2\/product_tag?post=10004006"}],"curies":[{"name":"wp","href":"https:\/\/api.w.org\/{rel}","templated":true}]}}