{"id":10004737,"date":"2021-01-21T08:10:44","date_gmt":"2021-01-21T13:10:44","guid":{"rendered":"https:\/\/www.geoed.ca\/\/?post_type=product&#038;p=10004737"},"modified":"-0001-11-30T00:00:00","modified_gmt":"-0001-11-30T04:00:00","slug":"modernisation-du-systeme-de-reference-nord-americain-le-plan-americain-et-les-considerations-pour-le-canada-product","status":"publish","type":"product","link":"https:\/\/geoed.ca\/fr\/produit\/modernisation-du-systeme-de-reference-nord-americain-le-plan-americain-et-les-considerations-pour-le-canada-product\/","title":{"rendered":"Modernisation du syst\u00e8me de r\u00e9f\u00e9rence nord-am\u00e9ricain &#8211; Le plan am\u00e9ricain et les consid\u00e9rations pour le Canada"},"content":{"rendered":"<p>Les \u00c9tats-Unis pr\u00e9voient moderniser leur syst\u00e8me de r\u00e9f\u00e9rence spatiale, peut-\u00eatre d\u00e8s 2024 ou 2025. Dans le cadre de cette modernisation, ils pr\u00e9voient mettre \u00e0 jour \u00e0 la fois leur syst\u00e8me de r\u00e9f\u00e9rence g\u00e9om\u00e9trique (le Syst\u00e8me de r\u00e9f\u00e9rence nord-am\u00e9ricain de 1983 (NAD83)) et leur syst\u00e8me de r\u00e9f\u00e9rence altim\u00e9trique (le Syst\u00e8me nord-am\u00e9ricain de r\u00e9f\u00e9rence altim\u00e9trique de 1988 (NAVD 88)). Ces changements pourraient avoir des r\u00e9percussions importantes pour les arpenteurs, les cartographes et d&rsquo;autres professionnels du domaine g\u00e9ospatial au Canada. Par exemple, les \u00c9tats-Unis pr\u00e9voient remplacer le NAD83 par un nouveau cadre de r\u00e9f\u00e9rence terrestre nord-am\u00e9ricain (NATRF2022), ce qui entra\u00eenera des diff\u00e9rences de coordonn\u00e9es horizontales de 1,3 \u00e0 1,5 m\u00e8tre \u00e0 la fronti\u00e8re canado-am\u00e9ricaine par rapport au NAD83 (SCRS) canadien. Jamais auparavant des diff\u00e9rences aussi importantes n\u2019avaient exist\u00e9 entre les cadres de r\u00e9f\u00e9rence de nos deux pays. Ce webinaire d\u00e9crira le plan am\u00e9ricain, y compris sa justification, puis il examinera la situation du Canada en ce qui concerne les cadres de r\u00e9f\u00e9rence. Il y a des raisons imp\u00e9rieuses pour que le Canada embo\u00eete le pas et se modernise \u00e9galement, mais il y a aussi des d\u00e9fis majeurs. Que le Canada suive ou non la m\u00eame voie, il y a beaucoup de travail \u00e0 accomplir pour pr\u00e9parer le Canada aux mises \u00e0 jour des \u00c9tats-Unis.<\/p>\n<p>Bio: Philippe Lamothe travaille avec les Lev\u00e9s g\u00e9od\u00e9siques du Canada, Ressources Naturelles Canada depuis 10 ans. Il est actuellement ing\u00e9nieur principal en g\u00e9od\u00e9sie avec l\u2019Unit\u00e9 des services g\u00e9od\u00e9siques int\u00e9gr\u00e9s. Il est \u00e9galement membre du Comit\u00e9 Canadien du syst\u00e8me de r\u00e9f\u00e9rence g\u00e9od\u00e9sique (CCSRG), un comit\u00e9 de travail f\u00e9d\u00e9ral-provincial-territorial du Conseil canadien de g\u00e9omatique (COCG), qui est responsable de la planification des am\u00e9liorations du syst\u00e8me de r\u00e9f\u00e9rence g\u00e9od\u00e9sique au Canada.<\/p>\n","protected":false},"excerpt":{"rendered":"<p>Les \u00c9tats-Unis pr\u00e9voient moderniser leur syst\u00e8me de r\u00e9f\u00e9rence spatiale, peut-\u00eatre d\u00e8s 2024 ou 2025. Dans le cadre de cette modernisation, ils pr\u00e9voient mettre \u00e0 jour \u00e0 la fois leur syst\u00e8me de r\u00e9f\u00e9rence g\u00e9om\u00e9trique (le Syst\u00e8me de r\u00e9f\u00e9rence nord-am\u00e9ricain de 1983 (NAD83)) et leur syst\u00e8me de r\u00e9f\u00e9rence altim\u00e9trique (le Syst\u00e8me nord-am\u00e9ricain de r\u00e9f\u00e9rence altim\u00e9trique de 1988 [&hellip;]<\/p>\n","protected":false},"featured_media":0,"comment_status":"open","ping_status":"closed","template":"","meta":[],"product_brand":[],"product_tag":[],"class_list":{"0":"post-10004737","1":"product","2":"type-product","3":"status-publish","5":"product_cat-professionnel-fr","7":"first","8":"instock","9":"virtual","10":"sold-individually","11":"taxable","12":"purchasable","13":"product-type-simple"},"_links":{"self":[{"href":"https:\/\/geoed.ca\/fr\/wp-json\/wp\/v2\/product\/10004737","targetHints":{"allow":["GET"]}}],"collection":[{"href":"https:\/\/geoed.ca\/fr\/wp-json\/wp\/v2\/product"}],"about":[{"href":"https:\/\/geoed.ca\/fr\/wp-json\/wp\/v2\/types\/product"}],"replies":[{"embeddable":true,"href":"https:\/\/geoed.ca\/fr\/wp-json\/wp\/v2\/comments?post=10004737"}],"wp:attachment":[{"href":"https:\/\/geoed.ca\/fr\/wp-json\/wp\/v2\/media?parent=10004737"}],"wp:term":[{"taxonomy":"product_brand","embeddable":true,"href":"https:\/\/geoed.ca\/fr\/wp-json\/wp\/v2\/product_brand?post=10004737"},{"taxonomy":"product_tag","embeddable":true,"href":"https:\/\/geoed.ca\/fr\/wp-json\/wp\/v2\/product_tag?post=10004737"}],"curies":[{"name":"wp","href":"https:\/\/api.w.org\/{rel}","templated":true}]}}