{"id":10005245,"date":"2021-04-14T10:25:29","date_gmt":"2021-04-14T14:25:29","guid":{"rendered":"https:\/\/www.geoed.ca\/\/?post_type=product&#038;p=10005245"},"modified":"-0001-11-30T00:00:00","modified_gmt":"-0001-11-30T04:00:00","slug":"interets-tenure-et-droits-de-propriete-sur-les-terres-autochtones-product","status":"publish","type":"product","link":"https:\/\/geoed.ca\/fr\/produit\/interets-tenure-et-droits-de-propriete-sur-les-terres-autochtones-product\/","title":{"rendered":"Int\u00e9r\u00eats, tenure et droits de propri\u00e9t\u00e9 sur les terres autochtones"},"content":{"rendered":"<p>xpliquez les diff\u00e9rentes formes de droits et d&rsquo;int\u00e9r\u00eats sur les terres autochtones, qu&rsquo;ils soient enregistr\u00e9s ou non. Il est essentiel que les arpenteurs des terres du Canada comprennent les droits de propri\u00e9t\u00e9 pour soutenir efficacement les mises \u00e0 jour et le renouvellement du tissu d&rsquo;arpentage foncier dans les collectivit\u00e9s.<\/p>\n<p>Date de pr\u00e9sentation:13 avril 2021.<\/p>\n<p>Conf\u00e9renciers:<\/p>\n<p>Katharina Trottier, Technicienne Services de soutien aux Premi\u00e8res Nations Est, Centre de ressources sur la gestion des terres des Premi\u00e8res Nations (fran\u00e7ais)<br \/>\nUn pan\u00e9liste expert sera disponible pendant la session de questions-r\u00e9ponses<br \/>\n\u00c9ric Groulx a.t.C., a-g.<\/p>\n","protected":false},"excerpt":{"rendered":"<p>xpliquez les diff\u00e9rentes formes de droits et d&rsquo;int\u00e9r\u00eats sur les terres autochtones, qu&rsquo;ils soient enregistr\u00e9s ou non. Il est essentiel que les arpenteurs des terres du Canada comprennent les droits de propri\u00e9t\u00e9 pour soutenir efficacement les mises \u00e0 jour et le renouvellement du tissu d&rsquo;arpentage foncier dans les collectivit\u00e9s. Date de pr\u00e9sentation:13 avril 2021. Conf\u00e9renciers: [&hellip;]<\/p>\n","protected":false},"featured_media":0,"comment_status":"open","ping_status":"closed","template":"","meta":[],"product_brand":[],"product_tag":[],"class_list":{"0":"post-10005245","1":"product","2":"type-product","3":"status-publish","5":"product_cat-aatc-fr","6":"product_cat-acls-fr","7":"product_cat-professionnel-fr","9":"first","10":"instock","11":"virtual","12":"sold-individually","13":"taxable","14":"purchasable","15":"product-type-simple"},"_links":{"self":[{"href":"https:\/\/geoed.ca\/fr\/wp-json\/wp\/v2\/product\/10005245","targetHints":{"allow":["GET"]}}],"collection":[{"href":"https:\/\/geoed.ca\/fr\/wp-json\/wp\/v2\/product"}],"about":[{"href":"https:\/\/geoed.ca\/fr\/wp-json\/wp\/v2\/types\/product"}],"replies":[{"embeddable":true,"href":"https:\/\/geoed.ca\/fr\/wp-json\/wp\/v2\/comments?post=10005245"}],"wp:attachment":[{"href":"https:\/\/geoed.ca\/fr\/wp-json\/wp\/v2\/media?parent=10005245"}],"wp:term":[{"taxonomy":"product_brand","embeddable":true,"href":"https:\/\/geoed.ca\/fr\/wp-json\/wp\/v2\/product_brand?post=10005245"},{"taxonomy":"product_tag","embeddable":true,"href":"https:\/\/geoed.ca\/fr\/wp-json\/wp\/v2\/product_tag?post=10005245"}],"curies":[{"name":"wp","href":"https:\/\/api.w.org\/{rel}","templated":true}]}}