{"id":10005385,"date":"2021-05-06T08:29:12","date_gmt":"2021-05-06T12:29:12","guid":{"rendered":"https:\/\/www.geoed.ca\/\/?post_type=product&#038;p=10005385"},"modified":"-0001-11-30T00:00:00","modified_gmt":"-0001-11-30T04:00:00","slug":"ameliorer-le-lien-entre-les-leves-fonciers-et-les-interets-existants-ou-futurs-sur-les-terres-autochtones-product","status":"publish","type":"product","link":"https:\/\/geoed.ca\/fr\/produit\/ameliorer-le-lien-entre-les-leves-fonciers-et-les-interets-existants-ou-futurs-sur-les-terres-autochtones-product\/","title":{"rendered":"Am\u00e9liorer le lien entre les lev\u00e9s fonciers et les int\u00e9r\u00eats existants ou futurs sur les terres autochtones"},"content":{"rendered":"<p>La pr\u00e9paration et l\\&rsquo;harmonisation des lev\u00e9s fonciers avec les int\u00e9r\u00eats existants ou futurs sur les terres autochtones sont de plus en plus importantes pour un syst\u00e8me de droits de propri\u00e9t\u00e9 efficace. Le syst\u00e8me d\\&rsquo;arpentage doit pr\u00e9voir une identification organis\u00e9e et coh\u00e9rente de la mani\u00e8re dont une parcelle de terrain est subdivis\u00e9e, d\u00e9crite et localis\u00e9e. \u00c0 son tour, le syst\u00e8me d\\&rsquo;enregistrement foncier doit utiliser les informations d\\&rsquo;arpentage les plus r\u00e9centes en ce qui concerne les documents du registre.<\/p>\n<p>Il est essentiel de tenir compte des droits de propri\u00e9t\u00e9 existants et propos\u00e9s et du syst\u00e8me de gestion des terres de cette Premi\u00e8re nation pour s\\&rsquo;assurer que la solution d\\&rsquo;arpentage est appropri\u00e9e. R\u00e9tablir un lien efficace entre les lev\u00e9s et les int\u00e9r\u00eats sur les terres des Premi\u00e8res Nations s\\&rsquo;est av\u00e9r\u00e9 difficile mais gratifiant pour tous les int\u00e9ress\u00e9s.<\/p>\n<p>Pr\u00e9sent\u00e9 le 5 mai 2021 par<\/p>\n<p>Eric Groulx est un arpenteur-g\u00e9om\u00e8tre du Qu\u00e9bec et un arpenteur des terres du Canada. Il a obtenu son dipl\u00f4me de l\\&rsquo;Universit\u00e9 Laval \u00e0 Qu\u00e9bec en 1994. En 1997, il s\\&rsquo;est joint \u00e0 la Direction de l\\&rsquo;arpenteur g\u00e9n\u00e9ral \u00e0 Ottawa. En 2000, il est d\u00e9m\u00e9nag\u00e9 au bureau r\u00e9gional du Qu\u00e9bec, o\u00f9 il a \u00e9t\u00e9 promu au poste de gestionnaire en 2006. Et depuis 3 ans, il occupe le poste de directeur adjoint &#8211; Est. Il a particip\u00e9 \u00e0 de nombreux projets concernant l\\&rsquo;am\u00e9lioration du cadastre sur les terres des Premi\u00e8res Nations et aujourd\\&rsquo;hui, il partagera ses exp\u00e9riences et ses points de vue \u00e0 ce sujet.<\/p>\n","protected":false},"excerpt":{"rendered":"<p>La pr\u00e9paration et l\\&rsquo;harmonisation des lev\u00e9s fonciers avec les int\u00e9r\u00eats existants ou futurs sur les terres autochtones sont de plus en plus importantes pour un syst\u00e8me de droits de propri\u00e9t\u00e9 efficace. Le syst\u00e8me d\\&rsquo;arpentage doit pr\u00e9voir une identification organis\u00e9e et coh\u00e9rente de la mani\u00e8re dont une parcelle de terrain est subdivis\u00e9e, d\u00e9crite et localis\u00e9e. \u00c0 [&hellip;]<\/p>\n","protected":false},"featured_media":0,"comment_status":"open","ping_status":"closed","template":"","meta":[],"product_brand":[],"product_tag":[],"class_list":{"0":"post-10005385","1":"product","2":"type-product","3":"status-publish","5":"product_cat-professionnel-fr","7":"first","8":"instock","9":"virtual","10":"sold-individually","11":"taxable","12":"purchasable","13":"product-type-simple"},"_links":{"self":[{"href":"https:\/\/geoed.ca\/fr\/wp-json\/wp\/v2\/product\/10005385","targetHints":{"allow":["GET"]}}],"collection":[{"href":"https:\/\/geoed.ca\/fr\/wp-json\/wp\/v2\/product"}],"about":[{"href":"https:\/\/geoed.ca\/fr\/wp-json\/wp\/v2\/types\/product"}],"replies":[{"embeddable":true,"href":"https:\/\/geoed.ca\/fr\/wp-json\/wp\/v2\/comments?post=10005385"}],"wp:attachment":[{"href":"https:\/\/geoed.ca\/fr\/wp-json\/wp\/v2\/media?parent=10005385"}],"wp:term":[{"taxonomy":"product_brand","embeddable":true,"href":"https:\/\/geoed.ca\/fr\/wp-json\/wp\/v2\/product_brand?post=10005385"},{"taxonomy":"product_tag","embeddable":true,"href":"https:\/\/geoed.ca\/fr\/wp-json\/wp\/v2\/product_tag?post=10005385"}],"curies":[{"name":"wp","href":"https:\/\/api.w.org\/{rel}","templated":true}]}}