{"id":9999241,"date":"2015-12-29T12:24:18","date_gmt":"2015-12-29T17:24:18","guid":{"rendered":"http:\/\/www.geoed.ca\/?post_type=product&#038;p=9999241"},"modified":"-0001-11-30T00:00:00","modified_gmt":"-0001-11-30T04:00:00","slug":"webinaire-de-loagq-mot-du-president-product-product","status":"publish","type":"product","link":"https:\/\/geoed.ca\/fr\/produit\/webinaire-de-loagq-mot-du-president-product-product\/","title":{"rendered":"Webinaire de l\u2019OAGQ : Mot du pr\u00e9sident"},"content":{"rendered":"<p>Ce webinaire a \u00e9t\u00e9 pr\u00e9sent\u00e9 le 16 d\u00e9cembre 20151<\/p>\n<p>En cette fin d\u2019ann\u00e9e, ce webinaire vous informe sur quelques projets qui seront mis de l\u2019avant en 2016 et fait le point sur divers \u00e9l\u00e9ments administratifs.<\/p>\n<p>Il sera question de l\u2019organisation d\u2019un forum sur l\u2019avenir du syst\u00e8me foncier au Qu\u00e9bec, de la tourn\u00e9e des r\u00e9gions qui sera entreprise par le pr\u00e9sident de l\u2019Ordre en d\u00e9but d\u2019ann\u00e9e prochaine et de l\u2019avancement de la publication du livre <em>Le droit foncier et l\u2019arpenteur-g\u00e9om\u00e8tre<\/em>. De fa\u00e7on plus administrative, nous parlerons des p\u00e9riodes de r\u00e9inscription et de d\u00e9claration pour l\u2019assurance responsabilit\u00e9, du guide des tarifs et de la formation \u00e0 venir.<\/p>\n<p>Les pr\u00e9sentateurs : Pierre Tessier, pr\u00e9sident et Luc St-Pierre, directeur g\u00e9n\u00e9ral et secr\u00e9taire<\/p>\n<p>&nbsp;<\/p>\n","protected":false},"excerpt":{"rendered":"<p>Ce webinaire a \u00e9t\u00e9 pr\u00e9sent\u00e9 le 16 d\u00e9cembre 20151 En cette fin d\u2019ann\u00e9e, ce webinaire vous informe sur quelques projets qui seront mis de l\u2019avant en 2016 et fait le point sur divers \u00e9l\u00e9ments administratifs. Il sera question de l\u2019organisation d\u2019un forum sur l\u2019avenir du syst\u00e8me foncier au Qu\u00e9bec, de la tourn\u00e9e des r\u00e9gions qui [&hellip;]<\/p>\n","protected":false},"featured_media":0,"comment_status":"open","ping_status":"closed","template":"","meta":[],"product_brand":[],"product_tag":[],"class_list":{"0":"post-9999241","1":"product","2":"type-product","3":"status-publish","5":"product_cat-aols-fr","7":"first","8":"instock","9":"virtual","10":"sold-individually","11":"taxable","12":"purchasable","13":"product-type-simple"},"_links":{"self":[{"href":"https:\/\/geoed.ca\/fr\/wp-json\/wp\/v2\/product\/9999241","targetHints":{"allow":["GET"]}}],"collection":[{"href":"https:\/\/geoed.ca\/fr\/wp-json\/wp\/v2\/product"}],"about":[{"href":"https:\/\/geoed.ca\/fr\/wp-json\/wp\/v2\/types\/product"}],"replies":[{"embeddable":true,"href":"https:\/\/geoed.ca\/fr\/wp-json\/wp\/v2\/comments?post=9999241"}],"wp:attachment":[{"href":"https:\/\/geoed.ca\/fr\/wp-json\/wp\/v2\/media?parent=9999241"}],"wp:term":[{"taxonomy":"product_brand","embeddable":true,"href":"https:\/\/geoed.ca\/fr\/wp-json\/wp\/v2\/product_brand?post=9999241"},{"taxonomy":"product_tag","embeddable":true,"href":"https:\/\/geoed.ca\/fr\/wp-json\/wp\/v2\/product_tag?post=9999241"}],"curies":[{"name":"wp","href":"https:\/\/api.w.org\/{rel}","templated":true}]}}