{"id":9999419,"date":"2015-12-29T15:25:27","date_gmt":"2015-12-29T20:25:27","guid":{"rendered":"http:\/\/geoed.tui.ninja\/\/?post_type=product&#038;p=9999419"},"modified":"-0001-11-30T00:00:00","modified_gmt":"-0001-11-30T04:00:00","slug":"e5-webinaire-product-product","status":"publish","type":"product","link":"https:\/\/geoed.ca\/fr\/produit\/e5-webinaire-product-product\/","title":{"rendered":"E5 Webinaire"},"content":{"rendered":"<form action=\"http:\/\/geoed.ca\/index.php\/fr\/cours-enligne\/e5fra\/product\/updatecart\" enctype=\"multipart\/form-data\" method=\"post\" name=\"hikashop_product_form\">\n<div id=\"hikashop_product_bottom_part\" class=\"hikashop_product_bottom_part\">\n<div id=\"hikashop_product_description_main\" class=\"hikashop_product_description_main\">\n<div id=\"hikashop_product_description_main\" class=\"hikashop_product_description_main\">\n<div id=\"hikashop_product_description_main\" class=\"hikashop_product_description_main\">\n<p>Une fois que vous achetez cette vid\u00e9o, vous serez en mesure de t\u00e9l\u00e9charger des instructions sur la fa\u00e7on d&rsquo;y acc\u00e9der. En outre, vous serez \u00e9galement en mesure de t\u00e9l\u00e9charger le contenu du classeur qui a \u00e9t\u00e9 remis aux participants \u00e0 la face \u00e0 face bien s\u00fbr. Ces deux t\u00e9l\u00e9chargements sera envoy\u00e9 dans un courriel pour vous. SVP cliquer sur le lien dans le courriel \u00e0 t\u00e9l\u00e9charger.<\/p>\n<p>En achetant cette vid\u00e9o, vous acceptez que la vid\u00e9o sera consid\u00e9r\u00e9e pour une utilisation personnelle par l&rsquo;acheteur et ne peuvent \u00eatre publiquement montr\u00e9 ou partag\u00e9. Cette vid\u00e9o ne sera disponible pour vous pendant 2 semaines.<\/p>\n<p><strong>Justification du cours<\/strong><br \/>\nLe but de ce webinaire d&rsquo;une heure est de fournir aux entreprises d&rsquo;Arpenteur-G\u00e9om\u00e8tre une meilleure compr\u00e9hension des caract\u00e9ristiques et particularit\u00e9s des fichiers num\u00e9riques de donn\u00e9es spatiales tel que sp\u00e9cifi\u00e9 \u00e0 l&rsquo;Annexe E5 &#8211; Instructions g\u00e9n\u00e9rales pour les arpentages (Direction de l&rsquo;arpenteur g\u00e9n\u00e9ral (DAG)). \u00c0 l&rsquo;aide de pr\u00e9sentations et d\u00e9monstrations (AutoCAD), par le personnel du groupe d&rsquo;information d&rsquo;arpentage cadastral de la DAG, les participants acquerront une connaissance de premier plan sur les d\u00e9tails techniques de ces sp\u00e9cifications.\u00a0\u00a0<span class=\"Apple-converted-space\">\u00a0<\/span><\/p>\n<p><strong>Objectifs du cours<\/strong><br \/>\nLes participants pourront:<\/p>\n<ul>\n<li>Comprendre les diff\u00e9rentes sections de chapitre<\/li>\n<li>Comprendre les pi\u00e8ges communs et comment les \u00e9viter \u00e0 l&rsquo;avenir<\/li>\n<\/ul>\n<p><strong>Pr\u00e9sentateurs<\/strong><br \/>\nStephan Moresoli est arpenteur-g\u00e9om\u00e8tre principal \u00e0 la Direction de l\u2019arpenteur g\u00e9n\u00e9ral (Ressources naturelles Canada) \u00e0 Ottawa. Il est arpenteur-g\u00e9om\u00e8tre du Qu\u00e9bec et des Terres du Canada.<br \/>\nDenis Berthelot est un dipl\u00f4m\u00e9 en g\u00e9ographie appliqu\u00e9e de l\u2019Universit\u00e9 de Sherbrooke. Il travaille \u00e0 la Direction de l\u2019arpenteur g\u00e9n\u00e9ral depuis plus de 25 ans. Il est technologue principale \u00e0 Ottawa.<\/p>\n<\/div>\n<\/div>\n<\/div>\n<p>&nbsp;<\/p>\n<\/div>\n<\/form>\n","protected":false},"excerpt":{"rendered":"<p>Une fois que vous achetez cette vid\u00e9o, vous serez en mesure de t\u00e9l\u00e9charger des instructions sur la fa\u00e7on d&rsquo;y acc\u00e9der. En outre, vous serez \u00e9galement en mesure de t\u00e9l\u00e9charger le contenu du classeur qui a \u00e9t\u00e9 remis aux participants \u00e0 la face \u00e0 face bien s\u00fbr. Ces deux t\u00e9l\u00e9chargements sera envoy\u00e9 dans un courriel pour [&hellip;]<\/p>\n","protected":false},"featured_media":0,"comment_status":"open","ping_status":"closed","template":"","meta":[],"product_brand":[],"product_tag":[],"class_list":{"0":"post-9999419","1":"product","2":"type-product","3":"status-publish","5":"product_cat-acls-fr","7":"first","8":"instock","9":"virtual","10":"sold-individually","11":"taxable","12":"purchasable","13":"product-type-simple"},"_links":{"self":[{"href":"https:\/\/geoed.ca\/fr\/wp-json\/wp\/v2\/product\/9999419","targetHints":{"allow":["GET"]}}],"collection":[{"href":"https:\/\/geoed.ca\/fr\/wp-json\/wp\/v2\/product"}],"about":[{"href":"https:\/\/geoed.ca\/fr\/wp-json\/wp\/v2\/types\/product"}],"replies":[{"embeddable":true,"href":"https:\/\/geoed.ca\/fr\/wp-json\/wp\/v2\/comments?post=9999419"}],"wp:attachment":[{"href":"https:\/\/geoed.ca\/fr\/wp-json\/wp\/v2\/media?parent=9999419"}],"wp:term":[{"taxonomy":"product_brand","embeddable":true,"href":"https:\/\/geoed.ca\/fr\/wp-json\/wp\/v2\/product_brand?post=9999419"},{"taxonomy":"product_tag","embeddable":true,"href":"https:\/\/geoed.ca\/fr\/wp-json\/wp\/v2\/product_tag?post=9999419"}],"curies":[{"name":"wp","href":"https:\/\/api.w.org\/{rel}","templated":true}]}}