{"id":9999425,"date":"2015-12-29T15:26:18","date_gmt":"2015-12-29T20:26:18","guid":{"rendered":"http:\/\/geoed.tui.ninja\/\/?post_type=product&#038;p=9999425"},"modified":"-0001-11-30T00:00:00","modified_gmt":"-0001-11-30T04:00:00","slug":"comment-les-arpenteurs-des-terres-du-canada-peuvent-acceder-et-utiliser-le-systeme-du-registre-des-terres-indiennes-product-product","status":"publish","type":"product","link":"https:\/\/geoed.ca\/fr\/produit\/comment-les-arpenteurs-des-terres-du-canada-peuvent-acceder-et-utiliser-le-systeme-du-registre-des-terres-indiennes-product-product\/","title":{"rendered":"Comment les arpenteurs des terres du Canada peuvent acc\u00e9der et utiliser le syst\u00e8me du Registre des Terres Indiennes"},"content":{"rendered":"<form action=\"http:\/\/geoed.ca\/index.php\/fr\/cours-enligne\/qcirls\/product\/updatecart\" enctype=\"multipart\/form-data\" method=\"post\" name=\"hikashop_product_form\">\n<div id=\"hikashop_product_bottom_part\" class=\"hikashop_product_bottom_part\">\n<div id=\"hikashop_product_description_main\" class=\"hikashop_product_description_main\">\n<div id=\"hikashop_product_description_main\" class=\"hikashop_product_description_main\">\n<p>Une fois que vous achetez cette vid\u00e9o, vous serez en mesure de t\u00e9l\u00e9charger des instructions sur la fa\u00e7on d&rsquo;y acc\u00e9der. En outre, vous serez \u00e9galement en mesure de t\u00e9l\u00e9charger le contenu du classeur qui a \u00e9t\u00e9 remis aux participants \u00e0 la face \u00e0 face bien s\u00fbr. Ces deux t\u00e9l\u00e9chargements sera envoy\u00e9 dans un courriel pour vous. SVP cliquer sur le lien dans le courriel \u00e0 t\u00e9l\u00e9charger.<\/p>\n<p>En achetant cette vid\u00e9o, vous acceptez que la vid\u00e9o sera consid\u00e9r\u00e9e pour une utilisation personnelle par l&rsquo;acheteur et ne peuvent \u00eatre publiquement montr\u00e9 ou partag\u00e9. Cette vid\u00e9o ne sera disponible pour vous pendant 2 semaines.<\/p>\n<\/div>\n<\/div>\n<p>&nbsp;<\/p>\n<\/div>\n<\/form>\n","protected":false},"excerpt":{"rendered":"<p>Une fois que vous achetez cette vid\u00e9o, vous serez en mesure de t\u00e9l\u00e9charger des instructions sur la fa\u00e7on d&rsquo;y acc\u00e9der. En outre, vous serez \u00e9galement en mesure de t\u00e9l\u00e9charger le contenu du classeur qui a \u00e9t\u00e9 remis aux participants \u00e0 la face \u00e0 face bien s\u00fbr. Ces deux t\u00e9l\u00e9chargements sera envoy\u00e9 dans un courriel pour [&hellip;]<\/p>\n","protected":false},"featured_media":0,"comment_status":"open","ping_status":"closed","template":"","meta":[],"product_brand":[],"product_tag":[],"class_list":{"0":"post-9999425","1":"product","2":"type-product","3":"status-publish","5":"product_cat-acls-fr","6":"product_cat-professionnel-fr","8":"first","9":"instock","10":"virtual","11":"sold-individually","12":"taxable","13":"purchasable","14":"product-type-simple"},"_links":{"self":[{"href":"https:\/\/geoed.ca\/fr\/wp-json\/wp\/v2\/product\/9999425","targetHints":{"allow":["GET"]}}],"collection":[{"href":"https:\/\/geoed.ca\/fr\/wp-json\/wp\/v2\/product"}],"about":[{"href":"https:\/\/geoed.ca\/fr\/wp-json\/wp\/v2\/types\/product"}],"replies":[{"embeddable":true,"href":"https:\/\/geoed.ca\/fr\/wp-json\/wp\/v2\/comments?post=9999425"}],"wp:attachment":[{"href":"https:\/\/geoed.ca\/fr\/wp-json\/wp\/v2\/media?parent=9999425"}],"wp:term":[{"taxonomy":"product_brand","embeddable":true,"href":"https:\/\/geoed.ca\/fr\/wp-json\/wp\/v2\/product_brand?post=9999425"},{"taxonomy":"product_tag","embeddable":true,"href":"https:\/\/geoed.ca\/fr\/wp-json\/wp\/v2\/product_tag?post=9999425"}],"curies":[{"name":"wp","href":"https:\/\/api.w.org\/{rel}","templated":true}]}}