{"id":9999919,"date":"2016-01-14T16:32:16","date_gmt":"2016-01-14T21:32:16","guid":{"rendered":"http:\/\/www.geoed.ca\/\/?post_type=product&#038;p=9999919"},"modified":"-0001-11-30T00:00:00","modified_gmt":"-0001-11-30T04:00:00","slug":"webinar-sur-monsatc-2-0-product","status":"publish","type":"product","link":"https:\/\/geoed.ca\/fr\/produit\/webinar-sur-monsatc-2-0-product\/","title":{"rendered":"Webinar sur MonSATC 2.0"},"content":{"rendered":"<p>L\u2019application MonSATC 2.0 est plus simple d\u2019utilisation et apporte de nouveaux outils et de nouvelles fonctionnalit\u00e9s. MonSatc 2.0 permettra la soumission de documents \u00e9lectroniques sign\u00e9s num\u00e9riquement lorsque le cadre r\u00e9glementaire aura \u00e9t\u00e9 mis en place et aura \u00e9t\u00e9 approuv\u00e9.<\/p>\n","protected":false},"excerpt":{"rendered":"<p>L\u2019application MonSATC 2.0 est plus simple d\u2019utilisation et apporte de nouveaux outils et de nouvelles fonctionnalit\u00e9s. MonSatc 2.0 permettra la soumission de documents \u00e9lectroniques sign\u00e9s num\u00e9riquement lorsque le cadre r\u00e9glementaire aura \u00e9t\u00e9 mis en place et aura \u00e9t\u00e9 approuv\u00e9.<\/p>\n","protected":false},"featured_media":0,"comment_status":"open","ping_status":"closed","template":"","meta":[],"product_brand":[],"product_tag":[],"class_list":{"0":"post-9999919","1":"product","2":"type-product","3":"status-publish","5":"product_cat-acls-fr","6":"product_cat-professionnel-fr","8":"first","9":"instock","10":"virtual","11":"sold-individually","12":"taxable","13":"purchasable","14":"product-type-simple"},"_links":{"self":[{"href":"https:\/\/geoed.ca\/fr\/wp-json\/wp\/v2\/product\/9999919","targetHints":{"allow":["GET"]}}],"collection":[{"href":"https:\/\/geoed.ca\/fr\/wp-json\/wp\/v2\/product"}],"about":[{"href":"https:\/\/geoed.ca\/fr\/wp-json\/wp\/v2\/types\/product"}],"replies":[{"embeddable":true,"href":"https:\/\/geoed.ca\/fr\/wp-json\/wp\/v2\/comments?post=9999919"}],"wp:attachment":[{"href":"https:\/\/geoed.ca\/fr\/wp-json\/wp\/v2\/media?parent=9999919"}],"wp:term":[{"taxonomy":"product_brand","embeddable":true,"href":"https:\/\/geoed.ca\/fr\/wp-json\/wp\/v2\/product_brand?post=9999919"},{"taxonomy":"product_tag","embeddable":true,"href":"https:\/\/geoed.ca\/fr\/wp-json\/wp\/v2\/product_tag?post=9999919"}],"curies":[{"name":"wp","href":"https:\/\/api.w.org\/{rel}","templated":true}]}}